{"id":253,"date":"2022-10-04T01:57:23","date_gmt":"2022-10-03T23:57:23","guid":{"rendered":"https:\/\/disciplesenmission.ch\/?page_id=253"},"modified":"2022-10-27T23:40:24","modified_gmt":"2022-10-27T21:40:24","slug":"qui-sommes-nous","status":"publish","type":"page","link":"https:\/\/disciplesenmission.ch\/it\/qui-sommes-nous\/","title":{"rendered":"Chi siamo?"},"content":{"rendered":"<div data-elementor-type=\"wp-page\" data-elementor-id=\"253\" class=\"elementor elementor-253\" data-elementor-post-type=\"page\">\n\t\t\t\t\t\t<section class=\"elementor-section elementor-top-section elementor-element elementor-element-03de14f elementor-section-boxed elementor-section-height-default elementor-section-height-default\" data-id=\"03de14f\" data-element_type=\"section\" data-e-type=\"section\">\n\t\t\t\t\t\t<div class=\"elementor-container elementor-column-gap-default\">\n\t\t\t\t\t<div class=\"elementor-column elementor-col-100 elementor-top-column elementor-element elementor-element-02f60ae\" data-id=\"02f60ae\" data-element_type=\"column\" data-e-type=\"column\">\n\t\t\t<div class=\"elementor-widget-wrap elementor-element-populated\">\n\t\t\t\t\t\t<div class=\"elementor-element elementor-element-f200bb4 elementor-widget elementor-widget-heading\" data-id=\"f200bb4\" data-element_type=\"widget\" data-e-type=\"widget\" data-widget_type=\"heading.default\">\n\t\t\t\t\t<h2 class=\"elementor-heading-title elementor-size-default\">Chi siamo?<\/h2>\t\t\t\t<\/div>\n\t\t\t\t<section class=\"elementor-section elementor-inner-section elementor-element elementor-element-ec5906f elementor-section-boxed elementor-section-height-default elementor-section-height-default\" data-id=\"ec5906f\" data-element_type=\"section\" data-e-type=\"section\">\n\t\t\t\t\t\t<div class=\"elementor-container elementor-column-gap-default\">\n\t\t\t\t\t<div class=\"elementor-column elementor-col-100 elementor-inner-column elementor-element elementor-element-39abaa4\" data-id=\"39abaa4\" data-element_type=\"column\" data-e-type=\"column\">\n\t\t\t<div class=\"elementor-widget-wrap elementor-element-populated\">\n\t\t\t\t\t\t<div class=\"elementor-element elementor-element-530eeaa elementor-widget elementor-widget-text-editor\" data-id=\"530eeaa\" data-element_type=\"widget\" data-e-type=\"widget\" data-widget_type=\"text-editor.default\">\n\t\t\t\t\t\t\t\t\t<p>\u00a0\u00a0\u00a0\u00a0\u00a0\u00a0\u00a0\u00a0\u00a0 Creato nel 2022 dalla Federazione delle Chiese avventiste della Svizzera francese e del Ticino, l'Istituto \"Discepoli in missione\" \u00e8 un centro di formazione e missione che offre una formazione di qualit\u00e0, utile e pratica alle chiese di Cristo della Svizzera francese e italiana e talvolta anche oltre.<\/p><p>\u00a0<\/p><p><strong>Un team qualificato e motivato al vostro servizio <\/strong><\/p><p>Questi corsi sono tenuti da diversi collaboratori, pastori, professori e vari professionisti qualificati ed esperti in sviluppo spirituale e personale, missiologia, discepolato, mentoring\/coaching, leadership, ecc.<\/p><p>\u00a0<\/p><p><strong>Un comitato direttivo <br \/><\/strong><\/p><p>\u00a0<\/p><p><b>Olivier RIGAUD<\/b> - Co-Direttore: Olivier \u00e8 un pastore da vent'anni ed \u00e8 appassionato del Vangelo da quando Cristo \u00e8 entrato nella sua vita dove Dio non esisteva. Con un dottorato in leadership, usa la sua esperienza e le sue capacit\u00e0 per servire la Chiesa di Cristo.<\/p><p><b>Corrado COZZI<\/b> - Co-direttore: pastore e leader di chiesa da oltre 30 anni, Corrado porta la sua esperienza di leader, amministratore e pastore al servizio delle chiese....<\/p><p><strong>Michel DUFOURNET<\/strong> - specialista in formazione\/coaching<\/p><p>\u00a0<\/p><p>\u00a0<\/p>\t\t\t\t\t\t\t\t<\/div>\n\t\t\t\t\t<\/div>\n\t\t<\/div>\n\t\t\t\t\t<\/div>\n\t\t<\/section>\n\t\t\t\t\t<\/div>\n\t\t<\/div>\n\t\t\t\t\t<\/div>\n\t\t<\/section>\n\t\t\t\t<\/div>","protected":false},"excerpt":{"rendered":"<p>Qui sommes-nous ? \u00a0\u00a0\u00a0\u00a0\u00a0\u00a0\u00a0\u00a0\u00a0 Cr\u00e9\u00e9 en 2022 par la F\u00e9d\u00e9ration des \u00e9glises adventistes de Suisse romande et du Tessin, l\u2019institut \u00ab disciples en mission \u00bb est un centre de formation [&hellip;]<\/p>\n","protected":false},"author":1,"featured_media":0,"parent":0,"menu_order":0,"comment_status":"closed","ping_status":"closed","template":"","meta":{"_acf_changed":false,"footnotes":""},"type_document":[],"class_list":["post-253","page","type-page","status-publish","hentry"],"acf":[],"_links":{"self":[{"href":"https:\/\/disciplesenmission.ch\/it\/wp-json\/wp\/v2\/pages\/253","targetHints":{"allow":["GET"]}}],"collection":[{"href":"https:\/\/disciplesenmission.ch\/it\/wp-json\/wp\/v2\/pages"}],"about":[{"href":"https:\/\/disciplesenmission.ch\/it\/wp-json\/wp\/v2\/types\/page"}],"author":[{"embeddable":true,"href":"https:\/\/disciplesenmission.ch\/it\/wp-json\/wp\/v2\/users\/1"}],"replies":[{"embeddable":true,"href":"https:\/\/disciplesenmission.ch\/it\/wp-json\/wp\/v2\/comments?post=253"}],"version-history":[{"count":31,"href":"https:\/\/disciplesenmission.ch\/it\/wp-json\/wp\/v2\/pages\/253\/revisions"}],"predecessor-version":[{"id":3143,"href":"https:\/\/disciplesenmission.ch\/it\/wp-json\/wp\/v2\/pages\/253\/revisions\/3143"}],"wp:attachment":[{"href":"https:\/\/disciplesenmission.ch\/it\/wp-json\/wp\/v2\/media?parent=253"}],"wp:term":[{"taxonomy":"type_document","embeddable":true,"href":"https:\/\/disciplesenmission.ch\/it\/wp-json\/wp\/v2\/type_document?post=253"}],"curies":[{"name":"wp","href":"https:\/\/api.w.org\/{rel}","templated":true}]}}