{"id":2161,"date":"2022-10-19T00:07:59","date_gmt":"2022-10-18T22:07:59","guid":{"rendered":"https:\/\/disciplesenmission.ch\/?page_id=2161"},"modified":"2022-12-16T10:34:31","modified_gmt":"2022-12-16T09:34:31","slug":"coordonnees-de-la-direction-fsrt","status":"publish","type":"page","link":"https:\/\/disciplesenmission.ch\/it\/coordonnees-de-la-direction-fsrt\/","title":{"rendered":"Coordonn\u00e9es de la direction FSRT"},"content":{"rendered":"<div data-elementor-type=\"wp-page\" data-elementor-id=\"2161\" class=\"elementor elementor-2161\" data-elementor-post-type=\"page\">\n\t\t\t\t\t\t<section class=\"elementor-section elementor-top-section elementor-element elementor-element-cebd0c3 elementor-section-boxed elementor-section-height-default elementor-section-height-default\" data-id=\"cebd0c3\" data-element_type=\"section\" data-e-type=\"section\">\n\t\t\t\t\t\t<div class=\"elementor-container elementor-column-gap-default\">\n\t\t\t\t\t<div class=\"elementor-column elementor-col-100 elementor-top-column elementor-element elementor-element-c6a1be3\" data-id=\"c6a1be3\" data-element_type=\"column\" data-e-type=\"column\">\n\t\t\t<div class=\"elementor-widget-wrap elementor-element-populated\">\n\t\t\t\t\t\t<div class=\"elementor-element elementor-element-8db6a30 elementor-widget elementor-widget-heading\" data-id=\"8db6a30\" data-element_type=\"widget\" data-e-type=\"widget\" data-widget_type=\"heading.default\">\n\t\t\t\t\t<h3 class=\"elementor-heading-title elementor-size-default\">Cordinate della direzione del FSRT<\/h3>\t\t\t\t<\/div>\n\t\t\t\t\t<\/div>\n\t\t<\/div>\n\t\t\t\t\t<\/div>\n\t\t<\/section>\n\t\t\t\t<section class=\"elementor-section elementor-top-section elementor-element elementor-element-38f5416 elementor-section-boxed elementor-section-height-default elementor-section-height-default\" data-id=\"38f5416\" data-element_type=\"section\" data-e-type=\"section\">\n\t\t\t\t\t\t<div class=\"elementor-container elementor-column-gap-default\">\n\t\t\t\t\t<div class=\"elementor-column elementor-col-50 elementor-top-column elementor-element elementor-element-dd81cdc\" data-id=\"dd81cdc\" data-element_type=\"column\" data-e-type=\"column\">\n\t\t\t<div class=\"elementor-widget-wrap\">\n\t\t\t\t\t\t\t<\/div>\n\t\t<\/div>\n\t\t\t\t<div class=\"elementor-column elementor-col-50 elementor-top-column elementor-element elementor-element-82ddde4\" data-id=\"82ddde4\" data-element_type=\"column\" data-e-type=\"column\">\n\t\t\t<div class=\"elementor-widget-wrap elementor-element-populated\">\n\t\t\t\t\t\t<div class=\"elementor-element elementor-element-a367c25 elementor-widget elementor-widget-text-editor\" data-id=\"a367c25\" data-element_type=\"widget\" data-e-type=\"widget\" data-widget_type=\"text-editor.default\">\n\t\t\t\t\t\t\t\t\t<p><strong>Federazione delle Chiese avventiste del settimo giorno della Svizzera romanda e del Ticino<\/strong><\/p><p>Ch. des P\u00e9pini\u00e8res 19<br \/>CP 453<br \/>CH &#8211; 1020 Renens<br \/>Telefono: +41 (21) 632 50 20<br \/>Email : <a href=\"mailto:secretariat@adventiste.ch\">secretariat@adventiste.ch<\/a><br \/>Du lundi au jeudi de 8h30 \u00e0 12h00 et de 13h30 \u00e0 17h00 et le Vendredi de de 8h30 \u00e0 12h00<\/p>\t\t\t\t\t\t\t\t<\/div>\n\t\t\t\t\t<\/div>\n\t\t<\/div>\n\t\t\t\t\t<\/div>\n\t\t<\/section>\n\t\t\t\t<\/div>","protected":false},"excerpt":{"rendered":"<p>Coordonn\u00e9es de la direction de la FSRT F\u00e9d\u00e9ration des \u00e9glises Adventistes du septi\u00e8me jour de la Suisse Romande et du Tessin Ch. des P\u00e9pini\u00e8res 19CP 453CH &#8211; 1020 RenensT\u00e9l\u00e9phone : [&hellip;]<\/p>\n","protected":false},"author":1,"featured_media":0,"parent":0,"menu_order":0,"comment_status":"closed","ping_status":"closed","template":"","meta":{"_acf_changed":false,"footnotes":""},"type_document":[],"class_list":["post-2161","page","type-page","status-publish","hentry"],"acf":[],"_links":{"self":[{"href":"https:\/\/disciplesenmission.ch\/it\/wp-json\/wp\/v2\/pages\/2161","targetHints":{"allow":["GET"]}}],"collection":[{"href":"https:\/\/disciplesenmission.ch\/it\/wp-json\/wp\/v2\/pages"}],"about":[{"href":"https:\/\/disciplesenmission.ch\/it\/wp-json\/wp\/v2\/types\/page"}],"author":[{"embeddable":true,"href":"https:\/\/disciplesenmission.ch\/it\/wp-json\/wp\/v2\/users\/1"}],"replies":[{"embeddable":true,"href":"https:\/\/disciplesenmission.ch\/it\/wp-json\/wp\/v2\/comments?post=2161"}],"version-history":[{"count":31,"href":"https:\/\/disciplesenmission.ch\/it\/wp-json\/wp\/v2\/pages\/2161\/revisions"}],"predecessor-version":[{"id":4273,"href":"https:\/\/disciplesenmission.ch\/it\/wp-json\/wp\/v2\/pages\/2161\/revisions\/4273"}],"wp:attachment":[{"href":"https:\/\/disciplesenmission.ch\/it\/wp-json\/wp\/v2\/media?parent=2161"}],"wp:term":[{"taxonomy":"type_document","embeddable":true,"href":"https:\/\/disciplesenmission.ch\/it\/wp-json\/wp\/v2\/type_document?post=2161"}],"curies":[{"name":"wp","href":"https:\/\/api.w.org\/{rel}","templated":true}]}}