{"id":2152,"date":"2022-10-18T23:48:16","date_gmt":"2022-10-18T21:48:16","guid":{"rendered":"https:\/\/disciplesenmission.ch\/?page_id=2152"},"modified":"2022-10-24T15:31:39","modified_gmt":"2022-10-24T13:31:39","slug":"politique-de-confidentialite","status":"publish","type":"page","link":"https:\/\/disciplesenmission.ch\/it\/politique-de-confidentialite\/","title":{"rendered":"Politique de confidentialit\u00e9"},"content":{"rendered":"<div data-elementor-type=\"wp-page\" data-elementor-id=\"2152\" class=\"elementor elementor-2152\" data-elementor-post-type=\"page\">\n\t\t\t\t\t\t<section class=\"elementor-section elementor-top-section elementor-element elementor-element-43267567 elementor-section-boxed elementor-section-height-default elementor-section-height-default\" data-id=\"43267567\" data-element_type=\"section\" data-e-type=\"section\">\n\t\t\t\t\t\t<div class=\"elementor-container elementor-column-gap-default\">\n\t\t\t\t\t<div class=\"elementor-column elementor-col-100 elementor-top-column elementor-element elementor-element-157cfa15\" data-id=\"157cfa15\" data-element_type=\"column\" data-e-type=\"column\">\n\t\t\t<div class=\"elementor-widget-wrap elementor-element-populated\">\n\t\t\t\t\t\t<div class=\"elementor-element elementor-element-659a07fb elementor-widget elementor-widget-text-editor\" data-id=\"659a07fb\" data-element_type=\"widget\" data-e-type=\"widget\" data-widget_type=\"text-editor.default\">\n\t\t\t\t\t\t\t\t\t<p><\/p>\n<p>La pr\u00e9sente politique de confidentialit\u00e9 (\u00ab<strong>Politique de confidentialit\u00e9<\/strong>\u00bb) a \u00e9t\u00e9 mise \u00e0 jour le 17 octobre 2016<\/p>\n<h4 class=\"wp-block-heading\" id=\"our_policy\">NOTRE POLITIQUE<\/h4>\n<p>La pr\u00e9sente politique de confidentialit\u00e9 \u00e9nonce les pratiques de la Conf\u00e9rence G\u00e9n\u00e9rale des Adventistes du Septi\u00e8me Jour (collectivement appel\u00e9s \u00ab Adventiste du GC \u00bb, \u00ab on \u00bb, \u00ab nous \u00bb et \/ ou \u00ab notre \u00bb) en ce qui concerne les donn\u00e9es personnelles (\u00ab Information Personnellement Identifiable \u00bb ou \u00ab IPI \u00bb) et d\u2019autres informations recueillies aupr\u00e8s des particuliers ; y compris les syndicats, les conf\u00e9rences, les missions et les \u00e9glises (collectivement appel\u00e9es \u00ab organisations participantes \u00bb) par l\u2019entremise de divers sites Web d\u00e9tenus et g\u00e9r\u00e9s par nous.\u00a0<a href=\"https:\/\/privacy.adventist.org\/fr\/#top\">Consultez une liste compl\u00e8te des sites Web r\u00e9gis par la pr\u00e9sente politique de confidentialit\u00e9.<\/a>\u00a0(La Conf\u00e9rence G\u00e9n\u00e9rale des Adventistes du Septi\u00e8me jour, les personnes qui utilisent nos services et les organisations participantes peuvent \u00eatre collectivement d\u00e9sign\u00e9es sous le nom de \u00ab Syst\u00e8me d\u2019\u00c9glise Adventiste du GC \u00bb).<\/p>\n<p>La pr\u00e9sente politique de confidentialit\u00e9 d\u00e9crit les choix qui vous sont possibles en ce qui concerne l\u2019utilisation de vos informations et la fa\u00e7on dont vous pouvez acc\u00e9der \u00e0 ces informations pour les mettre \u00e0 jour et les corriger.<\/p>\n<p>Il est important de souligner que les pratiques en mati\u00e8re de confidentialit\u00e9 des organisations participantes peuvent diff\u00e9rer de celles de la Conf\u00e9rence G\u00e9n\u00e9rale des Adventistes du Septi\u00e8me Jour. Nous sommes une entit\u00e9 distincte de celles qui participent \u00e0 nos services et par cons\u00e9quent nous n\u2019avons pas de contr\u00f4le sur leurs pratiques de confidentialit\u00e9. Cependant, nous encourageons les organisations participantes \u00e0 suivre notre politique et nos pratiques en mati\u00e8re de confidentialit\u00e9.<\/p>\n<h4 id=\"information_we_collect\">LES INFORMATIONS RECUEILLIES<\/h4>\n<p>Nous reconnaissons la nature sensible de vos informations. Notre plus grande priorit\u00e9 est d\u2019assurer la confidentialit\u00e9 de toute information que vous fournissez et d\u2019adopter une approche proactive en prot\u00e9geant votre vie priv\u00e9e.<\/p>\n<p>Les organisations participantes utilisent les services que nous fournissons pour communiquer entre elles, rechercher des occasions d\u2019emploi et \/ ou de b\u00e9n\u00e9volat, g\u00e9rer leurs informations et donn\u00e9es d\u2019adh\u00e9sion, effectuer des transactions financi\u00e8res et obtenir et \/ ou fournir du mat\u00e9riel p\u00e9dagogique et des services au sein du Syst\u00e8me de l\u2019\u00c9glise Adventiste du GC (collectivement appel\u00e9s \u00ab Services \u00bb).<\/p>\n<p>Lorsque vous utilisez nos Services, vous et \/ ou les organisations participantes peuvent nous fournir des IPI comme le nom, l\u2019adresse, le num\u00e9ro de t\u00e9l\u00e9phone, la date de naissance, les informations conjugale et familiale, l\u2019\u00e9ducation, le parcours professionnel et les renseignements financiers.<\/p>\n<p><strong>Autres informations<\/strong>\u00a0:\u00a0Lorsque vous interagissez avec nos Services, nous pouvons recevoir et stocker des informations recueillies passivement \u00e0 travers diverses technologies utilis\u00e9es sur nos sites Web. Ces informations sont utilis\u00e9es pour nous fournir des donn\u00e9es statistiques telles que le nombre de visiteurs sur un site Web, le nombre de visiteurs \u00e0 chaque page de nos Services. D\u2019autres informations recueillies peuvent comprendre l\u2019adresse IP, le type de navigateur, le fournisseur d\u2019acc\u00e8s Internet, les pages que vous visitez, le syst\u00e8me d\u2019exploitation et les timbres date\/ heure. Ces informations ne sont que statistiques et ne sont pas utilis\u00e9es pour vous identifier.<\/p>\n<p>Dans le fonctionnement de nos Services comme d\u00e9crit ci-dessus, nous et nos partenaires tiers utilisons des cookies et des technologies similaires. Nos partenaires tiers utilisent \u00e9galement le stockage local (HTML5).<\/p>\n<p>Ces technologies sont utilis\u00e9es pour fournir des fonctionnalit\u00e9s suppl\u00e9mentaires, analyser l\u2019utilisation et le comportement avec plus de pr\u00e9cision, stocker temporairement nos pages et images, stocker le contenu et les pr\u00e9f\u00e9rences.<\/p>\n<p>Nous nous associons \u00e9galement \u00e0 des tiers pour afficher une publicit\u00e9 sur notre site Web ou pour g\u00e9rer notre publicit\u00e9 sur d\u2019autres sites. Notre partenaire tiers peut utiliser des technologies telles que les cookies pour recueillir des informations sur vos activit\u00e9s sur ce site Web et sur d\u2019autres sites afin de vous fournir de la publicit\u00e9 en fonction de vos activit\u00e9s de navigation et de vos int\u00e9r\u00eats. Si vous ne souhaitez pas que ces informations soient utilis\u00e9es dans le but de vous servir des annonces bas\u00e9es sur vos int\u00e9r\u00eats,\u00a0<a href=\"https:\/\/preferences-mgr.truste.com\/\">vous pouvez vous d\u00e9sinscrire en cliquant ici<\/a>\u00a0(ou\u00a0<a href=\"https:\/\/www.youronlinechoices.eu\/\">si vous \u00eates situ\u00e9 dans l\u2019Union Europ\u00e9enne cliquez ici<\/a>). Veuillez noter que ceci ne vous d\u00e9sengage pas d\u2019\u00eatre servi des annonces. Vous continuerez \u00e0 recevoir des annonces g\u00e9n\u00e9riques. Veuillez consulter les param\u00e8tres de votre navigateur pour g\u00e9rer vos pr\u00e9f\u00e9rences de stockage local (HTML5).<\/p>\n<h4 id=\"pii\">NOTRE UTILISATION DE VOS IPI ET AUTRES INFORMATIONS<\/h4>\n<p>Nous utilisons vos IPI et autres informations pour vous fournir des Services, vous envoyer des mises \u00e0 jour, administrer votre compte, communiquer avec vous, vous permettre de communiquer avec d\u2019autres, am\u00e9liorer nos Services, mener des recherches, comprendre notre organisation, vous envoyer de pr\u00e9cieux renseignements et des bulletins d\u2019information, vous inscrire dans le r\u00e9pertoire des membres et communiquer avec les particuliers et les membres des organisations participantes.<\/p>\n<p>En nous fournissant volontairement vos informations, vous consentez \u00e0 ce que nous les utilisions conform\u00e9ment \u00e0 la pr\u00e9sente politique de confidentialit\u00e9. Vous reconnaissez et acceptez que vos donn\u00e9es puissent \u00eatre transf\u00e9r\u00e9es de votre localisation actuelle \u00e0 nos serveurs ou \u00e0 leurs tiers autoris\u00e9s comme d\u00e9crit dans la pr\u00e9sente politique de confidentialit\u00e9. Nous ne partagerons pas vos informations avec des personnes non d\u00e9crites dans la pr\u00e9sente politique de confidentialit\u00e9, \u00e0 moins que votre consentement ne soit obtenu avant de le faire. La pr\u00e9sente politique de confidentialit\u00e9 d\u00e9crit \u00e9galement les choix qui s\u2019offrent \u00e0 vous en ce qui concerne notre utilisation de vos informations et comment vous pouvez y acc\u00e9der et les mettre \u00e0 jour.<\/p>\n<p>Si vous souhaitez renoncer \u00e0 recevoir les bulletins d\u2019information, vous pouvez \u00e9galement vous retirer d\u2019une telle communication en suivant le lien de d\u00e9sinscription inclus dans les courriels.<\/p>\n<h4 id=\"sharing_your_information\">PARTAGE DE VOS INFORMATIONS<\/h4>\n<p>La Conf\u00e9rence G\u00e9n\u00e9rale de l\u2019Adventiste du Septi\u00e8me Jour est constitu\u00e9e de nombreux syndicats ind\u00e9pendants, qui sont coordonn\u00e9s r\u00e9gionalement par les divisions de la Conf\u00e9rence G\u00e9n\u00e9rale. Les divisions ont \u00e9t\u00e9 cr\u00e9\u00e9es en tant que bureaux r\u00e9gionaux de la Conf\u00e9rence G\u00e9n\u00e9rale desservant une zone g\u00e9ographique d\u00e9finie. Nous int\u00e9grons et partageons vos informations avec divers syndicats afin de nous permettre d\u2019accomplir les diverses t\u00e2ches d\u00e9crites ci-dessus et de vous fournir des Services pr\u00e9cieux.<\/p>\n<p>Nous pouvons fournir vos informations \u00e0 des fournisseurs de services tiers qui nous aident dans nos activit\u00e9s commerciales telles que l\u2019exp\u00e9dition, la commercialisation et le traitement des cartes de cr\u00e9dit. Ces soci\u00e9t\u00e9s sont autoris\u00e9es \u00e0 utiliser vos informations personnelles seulement si n\u00e9cessaire pour nous fournir ces services.<\/p>\n<p>Si vous \u00eates un employ\u00e9 confessionnel ou un membre d\u2019une organisation confessionnelle, nous pouvons publier votre profil dans notre annuaire afin que d\u2019autres membres puissent vous trouver et communiquer avec vous. Si vous croyez que quelqu\u2019un a cr\u00e9\u00e9 un profil non autoris\u00e9 de vous, veuillez nous contacter \u00e0 l\u2019adresse \u00e9lectronique ci-dessous et veuillez nous fournir une br\u00e8ve explication sur o\u00f9 vous avez trouv\u00e9 le profil, indiquant votre nom et vos coordonn\u00e9es.<\/p>\n<p>Nous pouvons divulguer vos donn\u00e9es personnelles si cela est requis par la loi ou bien si, agissant en toute bonne foi, nous estimons qu\u2019une telle action est rendue n\u00e9cessaire pour (i) nous conformer \u00e0 une obligation l\u00e9gale telle que respecter une assignation ou un processus juridique similaire (ii) prot\u00e9ger et d\u00e9fendre les droits ou la propri\u00e9t\u00e9 de l\u2019\u00c9glise Adventiste du Septi\u00e8me Jour, (iii) agir en cas d\u2019urgence pour prot\u00e9ger la s\u00e9curit\u00e9 personnelle des utilisateurs de ces services, des visiteurs de nos centres ou du public, (iv) prot\u00e9ger contre toute responsabilit\u00e9 juridique, (v) si l\u2019organisation est partie prenante \u00e0 une fusion, acquisition ou vente de la totalit\u00e9 ou d\u2019une partie de ses biens, vous serez inform\u00e9 par un avis sur notre site Web de tout changement de propri\u00e9t\u00e9 ou d\u2019utilisation de vos informations, ainsi que de tout choix que vous pourriez avoir.<\/p>\n<h4 id=\"third_party_links\">LIENS DES TIERCES PARTIES<\/h4>\n<p>Notre application peut contenir des liens vers d\u2019autres sites Web ou fonctionnalit\u00e9s pouvant vous connecter \u00e0 d\u2019autres applications mobiles depuis votre appareil. La politique de confidentialit\u00e9 des sites externes et des applications mobiles peut \u00eatre diff\u00e9rente de la n\u00f4tre. Si vous enregistrez des donn\u00e9es personnelles sur ces sites Web ou ces applications, vos informations sont r\u00e9gies par leur politique de confidentialit\u00e9. Nous vous recommandons tr\u00e8s fermement de consulter les politiques de confidentialit\u00e9 de ces sites Web avant de soumettre toute information personnelle.<\/p>\n<h4 id=\"access\">ACC\u00c8S<\/h4>\n<p>Si vos informations personnelles changent, si vous ne d\u00e9sirez plus de notre Service ou si vous souhaitez savoir si nous d\u00e9tenons des renseignements personnels \u00e0 votre sujet, vous pouvez demander, corriger, mettre \u00e0 jour, modifier et supprimer lesdits renseignements en prenant contact avec nous \u00e0 l\u2019adresse courriel et \/ ou l\u2019adresse ci-dessous. Pour tout changement de renseignement relevant d\u2019informations d\u2019adh\u00e9sion ou sujets de tr\u00e9sorerie de l\u2019\u00e9glise, contactez le pr\u00eatre, le tr\u00e9sorier ou le pasteur de votre r\u00e9gion. Dans certains cas, il se peut que l\u2019on vous donne l\u2019acc\u00e8s direct au portail dans lequel vos informations sont conserv\u00e9es; vous pouvez y apporter les modifications n\u00e9cessaires si vous y avez d\u00e9j\u00e0 acc\u00e8s. Si vous nous envoyez une demande directement, veuillez inclure votre nom, votre localit\u00e9, la localit\u00e9 de votre \u00e9glise et le nom de votre pr\u00eatre et\/ou pasteur, y compris la nature de votre demande. Nous ferons tous les efforts n\u00e9cessaires pour donner suite \u00e0 votre demande dans un d\u00e9lai raisonnable.<\/p>\n<h4 id=\"security\">S\u00c9CURIT\u00c9<\/h4>\n<p>La s\u00e9curit\u00e9 de vos informations est importante pour nous. Nous respectons les normes g\u00e9n\u00e9ralement reconnues telles que le cryptage pour prot\u00e9ger les renseignements personnels qui nous sont soumis.<\/p>\n<h4 id=\"retention\">CONSERVATION<\/h4>\n<p>Nous conservons vos informations aussi longtemps que votre compte est actif ou comme raisonnablement utile \u00e0 d\u2019autres fins organisationnelles. Nous conserverons et utiliserons vos informations si n\u00e9cessaire pour nous conformer \u00e0 nos obligations l\u00e9gales, r\u00e9gler les diff\u00e9rends et faire respecter nos accords.<\/p>\n<h4 id=\"changes_to_this_privacy_statement\">MODIFICATIONS \u00c0 LA PR\u00c9SENTE D\u00c9CLARATION DE CONFIDENTIALIT\u00c9<\/h4>\n<p>Nous pouvons mettre \u00e0 jour la pr\u00e9sente d\u00e9claration de confidentialit\u00e9 pour tenir compte de changements apport\u00e9s \u00e0 nos pratiques en mati\u00e8re d\u2019information. Si nous faisons quelque changement important, nous vous en aviserons avant que le changement ne devienne effectif. Nous vous encourageons \u00e0 consulter r\u00e9guli\u00e8rement cette page pour obtenir les informations les plus r\u00e9centes sur nos pratiques en mati\u00e8re de confidentialit\u00e9.<\/p>\n<p>Si vous avez des questions ou des plaintes concernant notre politique ou nos pratiques de confidentialit\u00e9, veuillez nous contacter \u00e0\u00a0<a href=\"mailto:privacy@gc.adventist.org\">privacy@gc.adventist.org<\/a>\u00a0ou \u00e0 l\u2019adresse indiqu\u00e9e ci-dessous. Si vous avez un probl\u00e8me de confidentialit\u00e9 ou d\u2019utilisation de donn\u00e9es non r\u00e9solu que nous n\u2019avons pas trait\u00e9 de fa\u00e7on satisfaisante, veuillez contacter notre fournisseur tiers de r\u00e8glement des diff\u00e9rends bas\u00e9 aux \u00c9tats-Unis (gratuit) \u00e0\u00a0<a href=\"https:\/\/feedback-form.truste.com\/watchdog\/request\">https:\/\/feedback-form.truste.com\/watchdog\/request.<\/a><\/p>\n<p>If you have questions or complaints regarding our privacy policy or practices, please contact us at\u00a0<a href=\"mailto:privacy@gc.adventist.org\">privacy@gc.adventist.org<\/a>\u00a0or at the address listed below. If you have an unresolved privacy or data use concern that we have not addressed satisfactorily, please contact our U.S.-based third party dispute resolution provider (free of charge) at\u00a0<a href=\"https:\/\/feedback-form.truste.com\/watchdog\/request\">https:\/\/feedback-form.truste.com\/watchdog\/request<\/a>.<\/p>\n<h4 id=\"contact_us\">CONTACTEZ-NOUS<\/h4>\n<p>General Conference of Seventh-day Adventists<br \/>Att:\u00a0 Dept OGC<br \/>12501 Old Columbia Pike<br \/>Silver Spring,\u00a0MD\u00a0 20904<\/p>\n<p><a href=\"mailto:privacy@gc.adventist.org\">privacy@gc.adventist.org<\/a><\/p>\n<p><\/p>\t\t\t\t\t\t\t\t<\/div>\n\t\t\t\t<div class=\"elementor-element elementor-element-f7dc2cb elementor-view-default elementor-widget elementor-widget-icon\" data-id=\"f7dc2cb\" data-element_type=\"widget\" data-e-type=\"widget\" data-widget_type=\"icon.default\">\n\t\t\t\t\t\t\t<div class=\"elementor-icon-wrapper\">\n\t\t\t<a class=\"elementor-icon\" href=\"#\">\n\t\t\t<svg xmlns=\"http:\/\/www.w3.org\/2000\/svg\" id=\"Glyph\" viewbox=\"0 0 500 500\"><title>2_hand one finger glyph<\/title><path d=\"M202.384,488a28.461,28.461,0,0,1-8.1-1.513c-3.991-1.693-4.007-7.224-4.524-10.917-.441-11.82-.559-23.653-.968-35.475-.788-17.438-.172-33.125-12.565-47.1-15.368-18.884-30.081-38.306-44.888-57.64a84.2,84.2,0,0,1-7.548-12.425c-2.417-4.548.532-9.648,3.018-13.583a531.015,531.015,0,0,1,61.408-79,48.54,48.54,0,0,1,8.12-6.422c3.792-2.357,8.066.928,11.546,2.5,21.886,12.939,46.275,18.646,70.988,23.149,9.4,1.305,10.121,5.75,6.937,12.832-8.988,21.024-34.439,26.544-55.151,24.2-4.83-.5-7.341,2.474-9.448,6.568-2.964,5.762-2.611,10.488,2.263,14.957a157.72,157.72,0,0,1,14.8,17.531c8.612,12,14.892,25.062,17.838,39.646a41.059,41.059,0,0,0,2.812,7.652c.487.7,2.889.761,3.407-.037a9.078,9.078,0,0,0,1.282-3.867c-.295-8.325-.772-16.644-1.215-24.964a2.875,2.875,0,0,1,4.116-2.763c10.759,4.752,22.345,8.085,34.131,8.632,9.117-.035,18.028.7,26.761,3.57,10.372,2.635,20.255-5.2,28.021-11.2.863-.716,2.886-1.357,3.363-.923a4.416,4.416,0,0,1,1.267,3.646c-5.645,21.436-11,43.51-24.834,61.392-6.956,7.91-13.094,16.553-12.771,27.659-.03,13.219-.46,26.438-.821,39.655a72.8,72.8,0,0,1-.915,8.241c-.336,2.354-3.364,5.359-5.6,5.533C294.975,488.822,219.786,488.128,202.384,488Z\"><\/path><path d=\"M247.411,193.18c.981,8.658-4.986,15.627-8.421,23.089-3.178,6.29-10.967,5.64-16.566,3.4-6.94-3.174-13.785-6.558-20.649-9.9-7.753-3.769-10.953-10.245-10.889-18.587-.128-16.661.793-33.293,1.393-49.931,1.362-37.433.225-75.084,2.988-112.415a18.533,18.533,0,0,1,11.044-14.221,29.552,29.552,0,0,1,20.308-1.957c7.654,1.526,9.5,9.694,9.594,16.5C237.265,106.931,243.21,165.025,247.411,193.18Z\"><\/path><path d=\"M346.242,252.91c-8.013,22.756-20.717,43.7-32.3,64.8-3.422,6-7.085,11.938-12.81,16.209-7.733,6.088-19.68,1.244-27.386-2.849-6.323-4.41-5.045-10.657-2.105-16.639,12.26-26.391,23.7-53.182,36.466-79.329,1.12-2.172,5.06-3.784,7.045-3.007C326.561,237.043,338.8,242.484,346.242,252.91Z\"><\/path><path d=\"M331.371,342.426c-3.413-.532-6.84-.99-10.235-1.618-3.349-.62-5.568-5.028-4.022-8.037,8.551-16.649,17.2-33.248,27.537-48.887,1.519-2.3,3.324-4.41,5.037-6.576,1.48-1.872,5.8-2.508,7.587-1.088,7.075,5.614,13.894,11.527,18.672,19.309,3.392,5.146-1.393,10.729-4.424,14.872-6.071,7.573-12.3,15.016-18.405,22.565C347.5,339.918,340.809,344.228,331.371,342.426Z\"><\/path><path d=\"M302.25,214.423c-.615,8.615-5.044,16.058-9.818,22.982a7.377,7.377,0,0,1-7.258,3.155c-10.864-1.959-21.768-3.848-32.074-8.064-2.433-1-4.071-4.548-2.905-6.766,3.529-6.72,7-13.476,10.806-20.042,1.807-3.123,4.973-5.262,8.634-4.709,10.235,1.548,20.422,3.6,29.583,8.716C300.762,210.557,301.4,213.035,302.25,214.423Z\"><\/path><path d=\"M263.585,294.523c1.052,1.349,2.655,2.49,2.526,3.383a39.31,39.31,0,0,1-9.329,19.93c-6.634,6.894-20.565-8.092-24.138-13.614-.972-1.453-.9-3.891-.6-5.765.112-.712,2.175-1.518,3.388-1.585A149.461,149.461,0,0,0,263.585,294.523Z\"><\/path><\/svg>\t\t\t<\/a>\n\t\t<\/div>\n\t\t\t\t\t\t<\/div>\n\t\t\t\t\t<\/div>\n\t\t<\/div>\n\t\t\t\t\t<\/div>\n\t\t<\/section>\n\t\t\t\t<\/div>","protected":false},"excerpt":{"rendered":"<p>La pr\u00e9sente politique de confidentialit\u00e9 (\u00abPolitique de confidentialit\u00e9\u00bb) a \u00e9t\u00e9 mise \u00e0 jour le 17 octobre 2016 NOTRE POLITIQUE La pr\u00e9sente politique de confidentialit\u00e9 \u00e9nonce les pratiques de la Conf\u00e9rence [&hellip;]<\/p>\n","protected":false},"author":1,"featured_media":0,"parent":0,"menu_order":0,"comment_status":"closed","ping_status":"closed","template":"","meta":{"_acf_changed":false,"footnotes":""},"type_document":[],"class_list":["post-2152","page","type-page","status-publish","hentry"],"acf":[],"_links":{"self":[{"href":"https:\/\/disciplesenmission.ch\/it\/wp-json\/wp\/v2\/pages\/2152","targetHints":{"allow":["GET"]}}],"collection":[{"href":"https:\/\/disciplesenmission.ch\/it\/wp-json\/wp\/v2\/pages"}],"about":[{"href":"https:\/\/disciplesenmission.ch\/it\/wp-json\/wp\/v2\/types\/page"}],"author":[{"embeddable":true,"href":"https:\/\/disciplesenmission.ch\/it\/wp-json\/wp\/v2\/users\/1"}],"replies":[{"embeddable":true,"href":"https:\/\/disciplesenmission.ch\/it\/wp-json\/wp\/v2\/comments?post=2152"}],"version-history":[{"count":15,"href":"https:\/\/disciplesenmission.ch\/it\/wp-json\/wp\/v2\/pages\/2152\/revisions"}],"predecessor-version":[{"id":2570,"href":"https:\/\/disciplesenmission.ch\/it\/wp-json\/wp\/v2\/pages\/2152\/revisions\/2570"}],"wp:attachment":[{"href":"https:\/\/disciplesenmission.ch\/it\/wp-json\/wp\/v2\/media?parent=2152"}],"wp:term":[{"taxonomy":"type_document","embeddable":true,"href":"https:\/\/disciplesenmission.ch\/it\/wp-json\/wp\/v2\/type_document?post=2152"}],"curies":[{"name":"wp","href":"https:\/\/api.w.org\/{rel}","templated":true}]}}