{"id":1457,"date":"2022-10-16T13:39:08","date_gmt":"2022-10-16T11:39:08","guid":{"rendered":"https:\/\/disciplesenmission.ch\/?page_id=1457"},"modified":"2022-12-06T22:20:52","modified_gmt":"2022-12-06T21:20:52","slug":"formation-gr-3","status":"publish","type":"page","link":"https:\/\/disciplesenmission.ch\/it\/formation-gr-3\/","title":{"rendered":"Formation gr 3"},"content":{"rendered":"<div data-elementor-type=\"wp-page\" data-elementor-id=\"1457\" class=\"elementor elementor-1457\" data-elementor-post-type=\"page\">\n\t\t\t\t\t\t<section class=\"elementor-section elementor-top-section elementor-element elementor-element-35dd3166 elementor-section-boxed elementor-section-height-default elementor-section-height-default\" data-id=\"35dd3166\" data-element_type=\"section\" data-e-type=\"section\">\n\t\t\t\t\t\t<div class=\"elementor-container elementor-column-gap-default\">\n\t\t\t\t\t<div class=\"elementor-column elementor-col-50 elementor-top-column elementor-element elementor-element-36081712\" data-id=\"36081712\" data-element_type=\"column\" data-e-type=\"column\">\n\t\t\t<div class=\"elementor-widget-wrap elementor-element-populated\">\n\t\t\t\t\t\t<div class=\"elementor-element elementor-element-5a9a636 elementor-widget elementor-widget-text-editor\" data-id=\"5a9a636\" data-element_type=\"widget\" data-e-type=\"widget\" data-widget_type=\"text-editor.default\">\n\t\t\t\t\t\t\t\t\t<p>Sous-titre de section<\/p>\t\t\t\t\t\t\t\t<\/div>\n\t\t\t\t<div class=\"elementor-element elementor-element-cf070d2 elementor-widget elementor-widget-text-editor\" data-id=\"cf070d2\" data-element_type=\"widget\" data-e-type=\"widget\" data-widget_type=\"text-editor.default\">\n\t\t\t\t\t\t\t\t\t<p>Introduction:<\/p><p>Lorem ipsum dolor sit amet, consectetur adipiscing elit. Ut elit tellus, luctus nec ullamcorper mattis, pulvinar dapibus leo.<\/p>\t\t\t\t\t\t\t\t<\/div>\n\t\t\t\t<div class=\"elementor-element elementor-element-255b6a7e elementor-grid-3 elementor-grid-tablet-2 elementor-grid-mobile-1 elementor-posts--thumbnail-top elementor-card-shadow-yes elementor-posts__hover-gradient elementor-widget elementor-widget-posts\" data-id=\"255b6a7e\" data-element_type=\"widget\" data-e-type=\"widget\" data-settings=\"{&quot;pagination_type&quot;:&quot;prev_next&quot;,&quot;cards_columns&quot;:&quot;3&quot;,&quot;cards_columns_tablet&quot;:&quot;2&quot;,&quot;cards_columns_mobile&quot;:&quot;1&quot;,&quot;cards_row_gap&quot;:{&quot;unit&quot;:&quot;px&quot;,&quot;size&quot;:35,&quot;sizes&quot;:[]},&quot;cards_row_gap_tablet&quot;:{&quot;unit&quot;:&quot;px&quot;,&quot;size&quot;:&quot;&quot;,&quot;sizes&quot;:[]},&quot;cards_row_gap_mobile&quot;:{&quot;unit&quot;:&quot;px&quot;,&quot;size&quot;:&quot;&quot;,&quot;sizes&quot;:[]}}\" data-widget_type=\"posts.cards\">\n\t\t\t\t<div class=\"elementor-widget-container\">\n\t\t\t\t\t\t\t<div class=\"elementor-posts-container elementor-posts elementor-posts--skin-cards elementor-grid\">\n\t\t\t\t<article class=\"elementor-post elementor-grid-item post-3873 support_formation type-support_formation status-publish has-post-thumbnail hentry category-categ-archives-start-disci-lead-form category-categ-formations category-categ-formations-gr3\">\n\t\t\t<div class=\"elementor-post__card\">\n\t\t\t\t<a class=\"elementor-post__thumbnail__link\" href=\"https:\/\/disciplesenmission.ch\/it\/support_formation\/les-milleniaux-sont-prets-a-en-vouloir-plus\/\" tabindex=\"-1\" target=\"_blank\"><div class=\"elementor-post__thumbnail\"><img fetchpriority=\"high\" decoding=\"async\" width=\"300\" height=\"190\" src=\"https:\/\/disciplesenmission.ch\/wp-content\/uploads\/2022\/11\/millennial-people-using-mobile-smart-phone-at-univ-2021-09-28-17-10-28-utc-300x190.jpg\" class=\"attachment-medium size-medium wp-image-3874\" alt=\"\" srcset=\"https:\/\/disciplesenmission.ch\/wp-content\/uploads\/2022\/11\/millennial-people-using-mobile-smart-phone-at-univ-2021-09-28-17-10-28-utc-300x190.jpg 300w, https:\/\/disciplesenmission.ch\/wp-content\/uploads\/2022\/11\/millennial-people-using-mobile-smart-phone-at-univ-2021-09-28-17-10-28-utc-1024x647.jpg 1024w, https:\/\/disciplesenmission.ch\/wp-content\/uploads\/2022\/11\/millennial-people-using-mobile-smart-phone-at-univ-2021-09-28-17-10-28-utc-768x485.jpg 768w, https:\/\/disciplesenmission.ch\/wp-content\/uploads\/2022\/11\/millennial-people-using-mobile-smart-phone-at-univ-2021-09-28-17-10-28-utc-1536x970.jpg 1536w, https:\/\/disciplesenmission.ch\/wp-content\/uploads\/2022\/11\/millennial-people-using-mobile-smart-phone-at-univ-2021-09-28-17-10-28-utc-2048x1294.jpg 2048w, https:\/\/disciplesenmission.ch\/wp-content\/uploads\/2022\/11\/millennial-people-using-mobile-smart-phone-at-univ-2021-09-28-17-10-28-utc-18x12.jpg 18w\" sizes=\"(max-width: 300px) 100vw, 300px\" \/><\/div><\/a>\n\t\t\t\t<div class=\"elementor-post__text\">\n\t\t\t\t<h3 class=\"elementor-post__title\">\n\t\t\t<a href=\"https:\/\/disciplesenmission.ch\/it\/support_formation\/les-milleniaux-sont-prets-a-en-vouloir-plus\/\" target=\"&quot;_blank&quot;\">\n\t\t\t\t<strong>Les mill\u00e9niaux sont pr\u00eats \u00e0 en vouloir plus<\/strong>\t\t\t<\/a>\n\t\t<\/h3>\n\t\t\t\t<div class=\"elementor-post__excerpt\">\n\t\t\t<p>Comment un minist\u00e8re universitaire met la barre plus haut et forme des disciples. Les \u00e9tudiants chr\u00e9tiens qui fr\u00e9quentent des \u00e9coles la\u00efques peuvent se sentir seuls et d\u00e9pass\u00e9s par ceux qui<\/p>\n\t\t<\/div>\n\t\t\n\t\t<a class=\"elementor-post__read-more\" href=\"https:\/\/disciplesenmission.ch\/it\/support_formation\/les-milleniaux-sont-prets-a-en-vouloir-plus\/\" aria-label=\"Read more about &lt;strong&gt;Les mill&eacute;niaux sont pr&ecirc;ts &agrave; en vouloir plus&lt;\/strong&gt;\" tabindex=\"-1\" target=\"_blank\">\n\t\t\tPer saperne di pi\u00f9 &gt;&gt;\t\t<\/a>\n\n\t\t\t\t<\/div>\n\t\t\t\t<div class=\"elementor-post__meta-data\">\n\t\t\t\t\t<span class=\"elementor-post-date\">\n\t\t\t30 Novembre 2022\t\t<\/span>\n\t\t\t\t<span class=\"elementor-post-avatar\">\n\t\t\tNessun commento\t\t<\/span>\n\t\t\t\t<\/div>\n\t\t\t\t\t<\/div>\n\t\t<\/article>\n\t\t\t\t<article class=\"elementor-post elementor-grid-item post-3862 support_formation type-support_formation status-publish has-post-thumbnail hentry category-categ-archives-start-disci-lead-form category-categ-formations category-categ-formations-gr3\">\n\t\t\t<div class=\"elementor-post__card\">\n\t\t\t\t<a class=\"elementor-post__thumbnail__link\" href=\"https:\/\/disciplesenmission.ch\/it\/support_formation\/trouver-les-bons-leaders-pour-chaque-situation\/\" tabindex=\"-1\" target=\"_blank\"><div class=\"elementor-post__thumbnail\"><img decoding=\"async\" width=\"300\" height=\"225\" src=\"https:\/\/disciplesenmission.ch\/wp-content\/uploads\/2022\/11\/choosing-good-employee-leader-man-choose-and-take-2022-11-08-08-36-41-utc-300x225.jpg\" class=\"attachment-medium size-medium wp-image-3863\" alt=\"\" srcset=\"https:\/\/disciplesenmission.ch\/wp-content\/uploads\/2022\/11\/choosing-good-employee-leader-man-choose-and-take-2022-11-08-08-36-41-utc-300x225.jpg 300w, https:\/\/disciplesenmission.ch\/wp-content\/uploads\/2022\/11\/choosing-good-employee-leader-man-choose-and-take-2022-11-08-08-36-41-utc-1024x768.jpg 1024w, https:\/\/disciplesenmission.ch\/wp-content\/uploads\/2022\/11\/choosing-good-employee-leader-man-choose-and-take-2022-11-08-08-36-41-utc-768x576.jpg 768w, https:\/\/disciplesenmission.ch\/wp-content\/uploads\/2022\/11\/choosing-good-employee-leader-man-choose-and-take-2022-11-08-08-36-41-utc-1536x1152.jpg 1536w, https:\/\/disciplesenmission.ch\/wp-content\/uploads\/2022\/11\/choosing-good-employee-leader-man-choose-and-take-2022-11-08-08-36-41-utc-2048x1536.jpg 2048w, https:\/\/disciplesenmission.ch\/wp-content\/uploads\/2022\/11\/choosing-good-employee-leader-man-choose-and-take-2022-11-08-08-36-41-utc-16x12.jpg 16w\" sizes=\"(max-width: 300px) 100vw, 300px\" \/><\/div><\/a>\n\t\t\t\t<div class=\"elementor-post__text\">\n\t\t\t\t<h3 class=\"elementor-post__title\">\n\t\t\t<a href=\"https:\/\/disciplesenmission.ch\/it\/support_formation\/trouver-les-bons-leaders-pour-chaque-situation\/\" target=\"&quot;_blank&quot;\">\n\t\t\t\t<strong>Trouver les bons leaders pour chaque situation<\/strong>\t\t\t<\/a>\n\t\t<\/h3>\n\t\t\t\t<div class=\"elementor-post__excerpt\">\n\t\t\t<p>Comment identifier, recruter et mettre en place une vari\u00e9t\u00e9 de leaders ? Nombre de ceux qui recherchent des animateurs de petits groupes peuvent faire \u00e9cho aux paroles de l&rsquo;ap\u00f4tre Paul<\/p>\n\t\t<\/div>\n\t\t\n\t\t<a class=\"elementor-post__read-more\" href=\"https:\/\/disciplesenmission.ch\/it\/support_formation\/trouver-les-bons-leaders-pour-chaque-situation\/\" aria-label=\"Read more about &lt;strong&gt;Trouver les bons leaders pour chaque situation&lt;\/strong&gt;\" tabindex=\"-1\" target=\"_blank\">\n\t\t\tPer saperne di pi\u00f9 &gt;&gt;\t\t<\/a>\n\n\t\t\t\t<\/div>\n\t\t\t\t<div class=\"elementor-post__meta-data\">\n\t\t\t\t\t<span class=\"elementor-post-date\">\n\t\t\t30 Novembre 2022\t\t<\/span>\n\t\t\t\t<span class=\"elementor-post-avatar\">\n\t\t\tNessun commento\t\t<\/span>\n\t\t\t\t<\/div>\n\t\t\t\t\t<\/div>\n\t\t<\/article>\n\t\t\t\t<\/div>\n\t\t\n\t\t\t\t\t\t<\/div>\n\t\t\t\t<\/div>\n\t\t\t\t\t<\/div>\n\t\t<\/div>\n\t\t\t\t<div class=\"elementor-column elementor-col-50 elementor-top-column elementor-element elementor-element-1083fbf0\" data-id=\"1083fbf0\" data-element_type=\"column\" data-e-type=\"column\">\n\t\t\t<div class=\"elementor-widget-wrap\">\n\t\t\t\t\t\t\t<\/div>\n\t\t<\/div>\n\t\t\t\t\t<\/div>\n\t\t<\/section>\n\t\t\t\t<\/div>","protected":false},"excerpt":{"rendered":"<p>Sous-titre de section Introduction: Lorem ipsum dolor sit amet, consectetur adipiscing elit. Ut elit tellus, luctus nec ullamcorper mattis, pulvinar dapibus leo.<\/p>","protected":false},"author":1,"featured_media":0,"parent":0,"menu_order":0,"comment_status":"closed","ping_status":"closed","template":"","meta":{"_acf_changed":false,"footnotes":""},"type_document":[],"class_list":["post-1457","page","type-page","status-publish","hentry"],"acf":[],"_links":{"self":[{"href":"https:\/\/disciplesenmission.ch\/it\/wp-json\/wp\/v2\/pages\/1457","targetHints":{"allow":["GET"]}}],"collection":[{"href":"https:\/\/disciplesenmission.ch\/it\/wp-json\/wp\/v2\/pages"}],"about":[{"href":"https:\/\/disciplesenmission.ch\/it\/wp-json\/wp\/v2\/types\/page"}],"author":[{"embeddable":true,"href":"https:\/\/disciplesenmission.ch\/it\/wp-json\/wp\/v2\/users\/1"}],"replies":[{"embeddable":true,"href":"https:\/\/disciplesenmission.ch\/it\/wp-json\/wp\/v2\/comments?post=1457"}],"version-history":[{"count":7,"href":"https:\/\/disciplesenmission.ch\/it\/wp-json\/wp\/v2\/pages\/1457\/revisions"}],"predecessor-version":[{"id":4005,"href":"https:\/\/disciplesenmission.ch\/it\/wp-json\/wp\/v2\/pages\/1457\/revisions\/4005"}],"wp:attachment":[{"href":"https:\/\/disciplesenmission.ch\/it\/wp-json\/wp\/v2\/media?parent=1457"}],"wp:term":[{"taxonomy":"type_document","embeddable":true,"href":"https:\/\/disciplesenmission.ch\/it\/wp-json\/wp\/v2\/type_document?post=1457"}],"curies":[{"name":"wp","href":"https:\/\/api.w.org\/{rel}","templated":true}]}}