{"id":1455,"date":"2022-10-16T13:38:54","date_gmt":"2022-10-16T11:38:54","guid":{"rendered":"https:\/\/disciplesenmission.ch\/?page_id=1455"},"modified":"2022-12-06T22:20:23","modified_gmt":"2022-12-06T21:20:23","slug":"formation-gr-2","status":"publish","type":"page","link":"https:\/\/disciplesenmission.ch\/it\/formation-gr-2\/","title":{"rendered":"Formation gr 2"},"content":{"rendered":"<div data-elementor-type=\"wp-page\" data-elementor-id=\"1455\" class=\"elementor elementor-1455\" data-elementor-post-type=\"page\">\n\t\t\t\t\t\t<section class=\"elementor-section elementor-top-section elementor-element elementor-element-6944481 elementor-section-boxed elementor-section-height-default elementor-section-height-default\" data-id=\"6944481\" data-element_type=\"section\" data-e-type=\"section\">\n\t\t\t\t\t\t<div class=\"elementor-container elementor-column-gap-default\">\n\t\t\t\t\t<div class=\"elementor-column elementor-col-50 elementor-top-column elementor-element elementor-element-3d20f5d4\" data-id=\"3d20f5d4\" data-element_type=\"column\" data-e-type=\"column\">\n\t\t\t<div class=\"elementor-widget-wrap elementor-element-populated\">\n\t\t\t\t\t\t<div class=\"elementor-element elementor-element-8af75d2 elementor-widget elementor-widget-text-editor\" data-id=\"8af75d2\" data-element_type=\"widget\" data-e-type=\"widget\" data-widget_type=\"text-editor.default\">\n\t\t\t\t\t\t\t\t\t<p>Sous-titre de section<\/p>\t\t\t\t\t\t\t\t<\/div>\n\t\t\t\t<div class=\"elementor-element elementor-element-eb5ad00 elementor-widget elementor-widget-text-editor\" data-id=\"eb5ad00\" data-element_type=\"widget\" data-e-type=\"widget\" data-widget_type=\"text-editor.default\">\n\t\t\t\t\t\t\t\t\t<p>Introduction:<\/p><p>Lorem ipsum dolor sit amet, consectetur adipiscing elit. Ut elit tellus, luctus nec ullamcorper mattis, pulvinar dapibus leo.<\/p>\t\t\t\t\t\t\t\t<\/div>\n\t\t\t\t<div class=\"elementor-element elementor-element-42556f84 elementor-grid-3 elementor-grid-tablet-2 elementor-grid-mobile-1 elementor-posts--thumbnail-top elementor-card-shadow-yes elementor-posts__hover-gradient elementor-widget elementor-widget-posts\" data-id=\"42556f84\" data-element_type=\"widget\" data-e-type=\"widget\" data-settings=\"{&quot;pagination_type&quot;:&quot;prev_next&quot;,&quot;cards_columns&quot;:&quot;3&quot;,&quot;cards_columns_tablet&quot;:&quot;2&quot;,&quot;cards_columns_mobile&quot;:&quot;1&quot;,&quot;cards_row_gap&quot;:{&quot;unit&quot;:&quot;px&quot;,&quot;size&quot;:35,&quot;sizes&quot;:[]},&quot;cards_row_gap_tablet&quot;:{&quot;unit&quot;:&quot;px&quot;,&quot;size&quot;:&quot;&quot;,&quot;sizes&quot;:[]},&quot;cards_row_gap_mobile&quot;:{&quot;unit&quot;:&quot;px&quot;,&quot;size&quot;:&quot;&quot;,&quot;sizes&quot;:[]}}\" data-widget_type=\"posts.cards\">\n\t\t\t\t<div class=\"elementor-widget-container\">\n\t\t\t\t\t\t\t<div class=\"elementor-posts-container elementor-posts elementor-posts--skin-cards elementor-grid\">\n\t\t\t\t<article class=\"elementor-post elementor-grid-item post-3854 support_formation type-support_formation status-publish has-post-thumbnail hentry category-categ-archives-start-disci-lead-form category-categ-formations category-categ-formations-gr2\">\n\t\t\t<div class=\"elementor-post__card\">\n\t\t\t\t<a class=\"elementor-post__thumbnail__link\" href=\"https:\/\/disciplesenmission.ch\/it\/support_formation\/comment-communiquer-efficacement-avec-les-chefs-de-groupe-2\/\" tabindex=\"-1\" target=\"_blank\"><div class=\"elementor-post__thumbnail\"><img fetchpriority=\"high\" decoding=\"async\" width=\"300\" height=\"200\" src=\"https:\/\/disciplesenmission.ch\/wp-content\/uploads\/2022\/11\/short-haired-man-with-pen-in-hand-in-classic-weari-2021-08-29-18-28-35-utc-300x200.jpg\" class=\"attachment-medium size-medium wp-image-3855\" alt=\"\" srcset=\"https:\/\/disciplesenmission.ch\/wp-content\/uploads\/2022\/11\/short-haired-man-with-pen-in-hand-in-classic-weari-2021-08-29-18-28-35-utc-300x200.jpg 300w, https:\/\/disciplesenmission.ch\/wp-content\/uploads\/2022\/11\/short-haired-man-with-pen-in-hand-in-classic-weari-2021-08-29-18-28-35-utc-1024x683.jpg 1024w, https:\/\/disciplesenmission.ch\/wp-content\/uploads\/2022\/11\/short-haired-man-with-pen-in-hand-in-classic-weari-2021-08-29-18-28-35-utc-768x513.jpg 768w, https:\/\/disciplesenmission.ch\/wp-content\/uploads\/2022\/11\/short-haired-man-with-pen-in-hand-in-classic-weari-2021-08-29-18-28-35-utc-1536x1025.jpg 1536w, https:\/\/disciplesenmission.ch\/wp-content\/uploads\/2022\/11\/short-haired-man-with-pen-in-hand-in-classic-weari-2021-08-29-18-28-35-utc-2048x1367.jpg 2048w, https:\/\/disciplesenmission.ch\/wp-content\/uploads\/2022\/11\/short-haired-man-with-pen-in-hand-in-classic-weari-2021-08-29-18-28-35-utc-18x12.jpg 18w\" sizes=\"(max-width: 300px) 100vw, 300px\" \/><\/div><\/a>\n\t\t\t\t<div class=\"elementor-post__text\">\n\t\t\t\t<h3 class=\"elementor-post__title\">\n\t\t\t<a href=\"https:\/\/disciplesenmission.ch\/it\/support_formation\/comment-communiquer-efficacement-avec-les-chefs-de-groupe-2\/\" target=\"&quot;_blank&quot;\">\n\t\t\t\t<strong>Comment communiquer efficacement avec les chefs de groupe ?<\/strong>\t\t\t<\/a>\n\t\t<\/h3>\n\t\t\t\t<div class=\"elementor-post__excerpt\">\n\t\t\t<p>Une communication coh\u00e9rente et r\u00e9guli\u00e8re est la cl\u00e9 de groupes sains. Voici cinq fa\u00e7ons d&rsquo;y parvenir. La communication, ou son absence, n&rsquo;est jamais neutre lorsque vous avez affaire \u00e0 des<\/p>\n\t\t<\/div>\n\t\t\n\t\t<a class=\"elementor-post__read-more\" href=\"https:\/\/disciplesenmission.ch\/it\/support_formation\/comment-communiquer-efficacement-avec-les-chefs-de-groupe-2\/\" aria-label=\"Read more about &lt;strong&gt;Comment communiquer efficacement avec les chefs de groupe ?&lt;\/strong&gt;\" tabindex=\"-1\" target=\"_blank\">\n\t\t\tPer saperne di pi\u00f9 &gt;&gt;\t\t<\/a>\n\n\t\t\t\t<\/div>\n\t\t\t\t<div class=\"elementor-post__meta-data\">\n\t\t\t\t\t<span class=\"elementor-post-date\">\n\t\t\t30 Novembre 2022\t\t<\/span>\n\t\t\t\t<span class=\"elementor-post-avatar\">\n\t\t\tNessun commento\t\t<\/span>\n\t\t\t\t<\/div>\n\t\t\t\t\t<\/div>\n\t\t<\/article>\n\t\t\t\t<article class=\"elementor-post elementor-grid-item post-3846 support_formation type-support_formation status-publish has-post-thumbnail hentry category-categ-archives-start-disci-lead-form category-categ-formations category-categ-formations-gr2\">\n\t\t\t<div class=\"elementor-post__card\">\n\t\t\t\t<a class=\"elementor-post__thumbnail__link\" href=\"https:\/\/disciplesenmission.ch\/it\/support_formation\/aider-les-membres-du-groupe-a-grandir-grace-a-la-formation-de-disciples-en-tete-a-tete\/\" tabindex=\"-1\" target=\"_blank\"><div class=\"elementor-post__thumbnail\"><img decoding=\"async\" width=\"200\" height=\"300\" src=\"https:\/\/disciplesenmission.ch\/wp-content\/uploads\/2022\/11\/business-couple-sitting-face-to-face-at-cafe-count-2022-05-26-02-54-11-utc-200x300.jpg\" class=\"attachment-medium size-medium wp-image-3847\" alt=\"\" srcset=\"https:\/\/disciplesenmission.ch\/wp-content\/uploads\/2022\/11\/business-couple-sitting-face-to-face-at-cafe-count-2022-05-26-02-54-11-utc-200x300.jpg 200w, https:\/\/disciplesenmission.ch\/wp-content\/uploads\/2022\/11\/business-couple-sitting-face-to-face-at-cafe-count-2022-05-26-02-54-11-utc-683x1024.jpg 683w, https:\/\/disciplesenmission.ch\/wp-content\/uploads\/2022\/11\/business-couple-sitting-face-to-face-at-cafe-count-2022-05-26-02-54-11-utc-768x1152.jpg 768w, https:\/\/disciplesenmission.ch\/wp-content\/uploads\/2022\/11\/business-couple-sitting-face-to-face-at-cafe-count-2022-05-26-02-54-11-utc-1024x1536.jpg 1024w, https:\/\/disciplesenmission.ch\/wp-content\/uploads\/2022\/11\/business-couple-sitting-face-to-face-at-cafe-count-2022-05-26-02-54-11-utc-1365x2048.jpg 1365w, https:\/\/disciplesenmission.ch\/wp-content\/uploads\/2022\/11\/business-couple-sitting-face-to-face-at-cafe-count-2022-05-26-02-54-11-utc-8x12.jpg 8w, https:\/\/disciplesenmission.ch\/wp-content\/uploads\/2022\/11\/business-couple-sitting-face-to-face-at-cafe-count-2022-05-26-02-54-11-utc-scaled.jpg 1707w\" sizes=\"(max-width: 200px) 100vw, 200px\" \/><\/div><\/a>\n\t\t\t\t<div class=\"elementor-post__text\">\n\t\t\t\t<h3 class=\"elementor-post__title\">\n\t\t\t<a href=\"https:\/\/disciplesenmission.ch\/it\/support_formation\/aider-les-membres-du-groupe-a-grandir-grace-a-la-formation-de-disciples-en-tete-a-tete\/\" target=\"&quot;_blank&quot;\">\n\t\t\t\t<strong>Aider les membres du groupe \u00e0 grandir gr\u00e2ce \u00e0 la formation de disciples en t\u00eate-\u00e0-t\u00eate<\/strong>\t\t\t<\/a>\n\t\t<\/h3>\n\t\t\t\t<div class=\"elementor-post__excerpt\">\n\t\t\t<p>Les soins personnalis\u00e9s conduisent \u00e0 une grande croissance spirituelle. \u00ab\u00a0Pete, quels sont vos objectifs de croissance spirituelle ?\u00a0\u00bb Pete et moi avions notre r\u00e9union hebdomadaire dans un caf\u00e9 local. Des<\/p>\n\t\t<\/div>\n\t\t\n\t\t<a class=\"elementor-post__read-more\" href=\"https:\/\/disciplesenmission.ch\/it\/support_formation\/aider-les-membres-du-groupe-a-grandir-grace-a-la-formation-de-disciples-en-tete-a-tete\/\" aria-label=\"Read more about &lt;strong&gt;Aider les membres du groupe &agrave; grandir gr&acirc;ce &agrave; la formation de disciples en t&ecirc;te-&agrave;-t&ecirc;te&lt;\/strong&gt;\" tabindex=\"-1\" target=\"_blank\">\n\t\t\tPer saperne di pi\u00f9 &gt;&gt;\t\t<\/a>\n\n\t\t\t\t<\/div>\n\t\t\t\t<div class=\"elementor-post__meta-data\">\n\t\t\t\t\t<span class=\"elementor-post-date\">\n\t\t\t30 Novembre 2022\t\t<\/span>\n\t\t\t\t<span class=\"elementor-post-avatar\">\n\t\t\tNessun commento\t\t<\/span>\n\t\t\t\t<\/div>\n\t\t\t\t\t<\/div>\n\t\t<\/article>\n\t\t\t\t<\/div>\n\t\t\n\t\t\t\t\t\t<\/div>\n\t\t\t\t<\/div>\n\t\t\t\t\t<\/div>\n\t\t<\/div>\n\t\t\t\t<div class=\"elementor-column elementor-col-50 elementor-top-column elementor-element elementor-element-f6e4877\" data-id=\"f6e4877\" data-element_type=\"column\" data-e-type=\"column\">\n\t\t\t<div class=\"elementor-widget-wrap\">\n\t\t\t\t\t\t\t<\/div>\n\t\t<\/div>\n\t\t\t\t\t<\/div>\n\t\t<\/section>\n\t\t\t\t<\/div>","protected":false},"excerpt":{"rendered":"<p>Sous-titre de section Introduction: Lorem ipsum dolor sit amet, consectetur adipiscing elit. Ut elit tellus, luctus nec ullamcorper mattis, pulvinar dapibus leo.<\/p>","protected":false},"author":1,"featured_media":0,"parent":0,"menu_order":0,"comment_status":"closed","ping_status":"closed","template":"","meta":{"_acf_changed":false,"footnotes":""},"type_document":[],"class_list":["post-1455","page","type-page","status-publish","hentry"],"acf":[],"_links":{"self":[{"href":"https:\/\/disciplesenmission.ch\/it\/wp-json\/wp\/v2\/pages\/1455","targetHints":{"allow":["GET"]}}],"collection":[{"href":"https:\/\/disciplesenmission.ch\/it\/wp-json\/wp\/v2\/pages"}],"about":[{"href":"https:\/\/disciplesenmission.ch\/it\/wp-json\/wp\/v2\/types\/page"}],"author":[{"embeddable":true,"href":"https:\/\/disciplesenmission.ch\/it\/wp-json\/wp\/v2\/users\/1"}],"replies":[{"embeddable":true,"href":"https:\/\/disciplesenmission.ch\/it\/wp-json\/wp\/v2\/comments?post=1455"}],"version-history":[{"count":7,"href":"https:\/\/disciplesenmission.ch\/it\/wp-json\/wp\/v2\/pages\/1455\/revisions"}],"predecessor-version":[{"id":4002,"href":"https:\/\/disciplesenmission.ch\/it\/wp-json\/wp\/v2\/pages\/1455\/revisions\/4002"}],"wp:attachment":[{"href":"https:\/\/disciplesenmission.ch\/it\/wp-json\/wp\/v2\/media?parent=1455"}],"wp:term":[{"taxonomy":"type_document","embeddable":true,"href":"https:\/\/disciplesenmission.ch\/it\/wp-json\/wp\/v2\/type_document?post=1455"}],"curies":[{"name":"wp","href":"https:\/\/api.w.org\/{rel}","templated":true}]}}