{"id":1448,"date":"2022-10-16T13:35:59","date_gmt":"2022-10-16T11:35:59","guid":{"rendered":"https:\/\/disciplesenmission.ch\/?page_id=1448"},"modified":"2022-11-30T01:00:18","modified_gmt":"2022-11-30T00:00:18","slug":"leadership-gr-6","status":"publish","type":"page","link":"https:\/\/disciplesenmission.ch\/it\/leadership-gr-6\/","title":{"rendered":"Leadership gr 6"},"content":{"rendered":"<div data-elementor-type=\"wp-page\" data-elementor-id=\"1448\" class=\"elementor elementor-1448\" data-elementor-post-type=\"page\">\n\t\t\t\t\t\t<section class=\"elementor-section elementor-top-section elementor-element elementor-element-6f86080d elementor-section-boxed elementor-section-height-default elementor-section-height-default\" data-id=\"6f86080d\" data-element_type=\"section\" data-e-type=\"section\">\n\t\t\t\t\t\t<div class=\"elementor-container elementor-column-gap-default\">\n\t\t\t\t\t<div class=\"elementor-column elementor-col-50 elementor-top-column elementor-element elementor-element-54361531\" data-id=\"54361531\" data-element_type=\"column\" data-e-type=\"column\">\n\t\t\t<div class=\"elementor-widget-wrap elementor-element-populated\">\n\t\t\t\t\t\t<div class=\"elementor-element elementor-element-f7e6e0b elementor-widget elementor-widget-text-editor\" data-id=\"f7e6e0b\" data-element_type=\"widget\" data-e-type=\"widget\" data-widget_type=\"text-editor.default\">\n\t\t\t\t\t\t\t\t\t<p>Gestion de conflits\u00a0: Prot\u00e9ger &amp; Garder<\/p>\t\t\t\t\t\t\t\t<\/div>\n\t\t\t\t<div class=\"elementor-element elementor-element-67cd9ad elementor-widget elementor-widget-text-editor\" data-id=\"67cd9ad\" data-element_type=\"widget\" data-e-type=\"widget\" data-widget_type=\"text-editor.default\">\n\t\t\t\t\t\t\t\t\t<p>\u00a0\u00a0\u00a0\u00a0\u00a0\u00a0\u00a0\u00a0 A l\u2019image d\u2019Adam et Eve qui avaient pour responsabilit\u00e9 \u00ab de garder et de prendre soin \u00bb du jardin d\u2019Eden, un leader a le devoir de prot\u00e9ger son \u00e9quipe des dangers multiples qui menacent la marche et l\u2019unit\u00e9 du groupe (perdre de vue son identit\u00e9, sa mission, ne plus \u00eatre en accord avec ses valeurs, perdre l\u2019unit\u00e9 et la coh\u00e9sion du groupe, gestion des relations interpersonnelles parfois tendues\u2026). Il est capable de g\u00e9rer les conflits internes et de prot\u00e9ger le groupe d\u2019attitudes n\u00e9fastes et oppos\u00e9es aux valeurs et \u00e0 la mission du groupe.<br \/>\u00a0<br \/>\u00a0<br \/>\u00a0<br \/>\u00a0<br \/>\u00a0<br \/>\u00a0<\/p>\t\t\t\t\t\t\t\t<\/div>\n\t\t\t\t\t<\/div>\n\t\t<\/div>\n\t\t\t\t<div class=\"elementor-column elementor-col-50 elementor-top-column elementor-element elementor-element-4ff22afe\" data-id=\"4ff22afe\" data-element_type=\"column\" data-e-type=\"column\">\n\t\t\t<div class=\"elementor-widget-wrap\">\n\t\t\t\t\t\t\t<\/div>\n\t\t<\/div>\n\t\t\t\t\t<\/div>\n\t\t<\/section>\n\t\t\t\t<\/div>","protected":false},"excerpt":{"rendered":"<p>Gestion de conflits\u00a0: Prot\u00e9ger &amp; Garder \u00a0\u00a0\u00a0\u00a0\u00a0\u00a0\u00a0\u00a0 A l\u2019image d\u2019Adam et Eve qui avaient pour responsabilit\u00e9 \u00ab de garder et de prendre soin \u00bb du jardin d\u2019Eden, un leader a [&hellip;]<\/p>\n","protected":false},"author":1,"featured_media":0,"parent":0,"menu_order":0,"comment_status":"closed","ping_status":"closed","template":"","meta":{"_acf_changed":false,"footnotes":""},"type_document":[],"class_list":["post-1448","page","type-page","status-publish","hentry"],"acf":[],"_links":{"self":[{"href":"https:\/\/disciplesenmission.ch\/it\/wp-json\/wp\/v2\/pages\/1448","targetHints":{"allow":["GET"]}}],"collection":[{"href":"https:\/\/disciplesenmission.ch\/it\/wp-json\/wp\/v2\/pages"}],"about":[{"href":"https:\/\/disciplesenmission.ch\/it\/wp-json\/wp\/v2\/types\/page"}],"author":[{"embeddable":true,"href":"https:\/\/disciplesenmission.ch\/it\/wp-json\/wp\/v2\/users\/1"}],"replies":[{"embeddable":true,"href":"https:\/\/disciplesenmission.ch\/it\/wp-json\/wp\/v2\/comments?post=1448"}],"version-history":[{"count":13,"href":"https:\/\/disciplesenmission.ch\/it\/wp-json\/wp\/v2\/pages\/1448\/revisions"}],"predecessor-version":[{"id":3732,"href":"https:\/\/disciplesenmission.ch\/it\/wp-json\/wp\/v2\/pages\/1448\/revisions\/3732"}],"wp:attachment":[{"href":"https:\/\/disciplesenmission.ch\/it\/wp-json\/wp\/v2\/media?parent=1448"}],"wp:term":[{"taxonomy":"type_document","embeddable":true,"href":"https:\/\/disciplesenmission.ch\/it\/wp-json\/wp\/v2\/type_document?post=1448"}],"curies":[{"name":"wp","href":"https:\/\/api.w.org\/{rel}","templated":true}]}}