{"id":1446,"date":"2022-10-16T13:35:33","date_gmt":"2022-10-16T11:35:33","guid":{"rendered":"https:\/\/disciplesenmission.ch\/?page_id=1446"},"modified":"2022-12-06T22:17:16","modified_gmt":"2022-12-06T21:17:16","slug":"leadership-gr-5","status":"publish","type":"page","link":"https:\/\/disciplesenmission.ch\/it\/leadership-gr-5\/","title":{"rendered":"Leadership gr 5"},"content":{"rendered":"<div data-elementor-type=\"wp-page\" data-elementor-id=\"1446\" class=\"elementor elementor-1446\" data-elementor-post-type=\"page\">\n\t\t\t\t\t\t<section class=\"elementor-section elementor-top-section elementor-element elementor-element-2a2dd1dc elementor-section-boxed elementor-section-height-default elementor-section-height-default\" data-id=\"2a2dd1dc\" data-element_type=\"section\" data-e-type=\"section\">\n\t\t\t\t\t\t<div class=\"elementor-container elementor-column-gap-default\">\n\t\t\t\t\t<div class=\"elementor-column elementor-col-50 elementor-top-column elementor-element elementor-element-5f3920c5\" data-id=\"5f3920c5\" data-element_type=\"column\" data-e-type=\"column\">\n\t\t\t<div class=\"elementor-widget-wrap elementor-element-populated\">\n\t\t\t\t\t\t<div class=\"elementor-element elementor-element-ff91e41 elementor-widget elementor-widget-text-editor\" data-id=\"ff91e41\" data-element_type=\"widget\" data-e-type=\"widget\" data-widget_type=\"text-editor.default\">\n\t\t\t\t\t\t\t\t\t<p>Team Leadership\u00a0: Une \u00e9quipe unie<\/p>\t\t\t\t\t\t\t\t<\/div>\n\t\t\t\t<div class=\"elementor-element elementor-element-9dd333a elementor-widget elementor-widget-text-editor\" data-id=\"9dd333a\" data-element_type=\"widget\" data-e-type=\"widget\" data-widget_type=\"text-editor.default\">\n\t\t\t\t\t\t\t\t\t<p>\u00a0\u00a0\u00a0\u00a0\u00a0\u00a0\u00a0 Le leader travaille en \u00e9quipe, fait confiance \u00e0 ses collaborateurs en construisant des relations de confiance et reconnaissant et valorisant les diff\u00e9rences et dons de chacun. Il est capable de partager son leadership, de d\u00e9l\u00e9guer des responsabilit\u00e9s et former et \u00e9quiper ses \u00e9quipiers. <br \/>\u00a0<br \/>\u00a0<br \/>\u00a0<br \/>\u00a0<br \/>\u00a0<\/p>\t\t\t\t\t\t\t\t<\/div>\n\t\t\t\t<div class=\"elementor-element elementor-element-7d038233 elementor-grid-3 elementor-grid-tablet-2 elementor-grid-mobile-1 elementor-posts--thumbnail-top elementor-card-shadow-yes elementor-posts__hover-gradient elementor-widget elementor-widget-posts\" data-id=\"7d038233\" data-element_type=\"widget\" data-e-type=\"widget\" data-settings=\"{&quot;pagination_type&quot;:&quot;prev_next&quot;,&quot;cards_columns&quot;:&quot;3&quot;,&quot;cards_columns_tablet&quot;:&quot;2&quot;,&quot;cards_columns_mobile&quot;:&quot;1&quot;,&quot;cards_row_gap&quot;:{&quot;unit&quot;:&quot;px&quot;,&quot;size&quot;:35,&quot;sizes&quot;:[]},&quot;cards_row_gap_tablet&quot;:{&quot;unit&quot;:&quot;px&quot;,&quot;size&quot;:&quot;&quot;,&quot;sizes&quot;:[]},&quot;cards_row_gap_mobile&quot;:{&quot;unit&quot;:&quot;px&quot;,&quot;size&quot;:&quot;&quot;,&quot;sizes&quot;:[]}}\" data-widget_type=\"posts.cards\">\n\t\t\t\t<div class=\"elementor-widget-container\">\n\t\t\t\t\t\t\t<div class=\"elementor-posts-container elementor-posts elementor-posts--skin-cards elementor-grid\">\n\t\t\t\t<article class=\"elementor-post elementor-grid-item post-3707 support_formation type-support_formation status-publish has-post-thumbnail hentry category-categ-archives-start-disci-lead-form category-categ-leadership category-categ-leadership-gr5\">\n\t\t\t<div class=\"elementor-post__card\">\n\t\t\t\t<a class=\"elementor-post__thumbnail__link\" href=\"https:\/\/disciplesenmission.ch\/it\/support_formation\/devenir-un-leader-transformationnel\/\" tabindex=\"-1\" target=\"_blank\"><div class=\"elementor-post__thumbnail\"><img fetchpriority=\"high\" decoding=\"async\" width=\"300\" height=\"225\" src=\"https:\/\/disciplesenmission.ch\/wp-content\/uploads\/2022\/11\/influencer-2022-11-12-01-52-34-utc-300x225.jpg\" class=\"attachment-medium size-medium wp-image-3708\" alt=\"\" srcset=\"https:\/\/disciplesenmission.ch\/wp-content\/uploads\/2022\/11\/influencer-2022-11-12-01-52-34-utc-300x225.jpg 300w, https:\/\/disciplesenmission.ch\/wp-content\/uploads\/2022\/11\/influencer-2022-11-12-01-52-34-utc-1024x768.jpg 1024w, https:\/\/disciplesenmission.ch\/wp-content\/uploads\/2022\/11\/influencer-2022-11-12-01-52-34-utc-768x576.jpg 768w, https:\/\/disciplesenmission.ch\/wp-content\/uploads\/2022\/11\/influencer-2022-11-12-01-52-34-utc-1536x1152.jpg 1536w, https:\/\/disciplesenmission.ch\/wp-content\/uploads\/2022\/11\/influencer-2022-11-12-01-52-34-utc-2048x1536.jpg 2048w, https:\/\/disciplesenmission.ch\/wp-content\/uploads\/2022\/11\/influencer-2022-11-12-01-52-34-utc-16x12.jpg 16w\" sizes=\"(max-width: 300px) 100vw, 300px\" \/><\/div><\/a>\n\t\t\t\t<div class=\"elementor-post__text\">\n\t\t\t\t<h3 class=\"elementor-post__title\">\n\t\t\t<a href=\"https:\/\/disciplesenmission.ch\/it\/support_formation\/devenir-un-leader-transformationnel\/\" target=\"&quot;_blank&quot;\">\n\t\t\t\t<strong>Devenir un leader transformationnel<\/strong>\t\t\t<\/a>\n\t\t<\/h3>\n\t\t\t\t<div class=\"elementor-post__excerpt\">\n\t\t\t<p>Sept conseils qui permettent aux leaders d&rsquo;influencer leurs groupes de mani\u00e8re puissante. Il faut une vie qui change pour changer une vie. &#8211; Joe Stowell Que faut-il pour \u00eatre un<\/p>\n\t\t<\/div>\n\t\t\n\t\t<a class=\"elementor-post__read-more\" href=\"https:\/\/disciplesenmission.ch\/it\/support_formation\/devenir-un-leader-transformationnel\/\" aria-label=\"Read more about &lt;strong&gt;Devenir un leader transformationnel&lt;\/strong&gt;\" tabindex=\"-1\" target=\"_blank\">\n\t\t\tPer saperne di pi\u00f9 &gt;&gt;\t\t<\/a>\n\n\t\t\t\t<\/div>\n\t\t\t\t<div class=\"elementor-post__meta-data\">\n\t\t\t\t\t<span class=\"elementor-post-date\">\n\t\t\t30 Novembre 2022\t\t<\/span>\n\t\t\t\t<span class=\"elementor-post-avatar\">\n\t\t\tNessun commento\t\t<\/span>\n\t\t\t\t<\/div>\n\t\t\t\t\t<\/div>\n\t\t<\/article>\n\t\t\t\t<\/div>\n\t\t\n\t\t\t\t\t\t<\/div>\n\t\t\t\t<\/div>\n\t\t\t\t\t<\/div>\n\t\t<\/div>\n\t\t\t\t<div class=\"elementor-column elementor-col-50 elementor-top-column elementor-element elementor-element-47b1aac4\" data-id=\"47b1aac4\" data-element_type=\"column\" data-e-type=\"column\">\n\t\t\t<div class=\"elementor-widget-wrap\">\n\t\t\t\t\t\t\t<\/div>\n\t\t<\/div>\n\t\t\t\t\t<\/div>\n\t\t<\/section>\n\t\t\t\t<\/div>","protected":false},"excerpt":{"rendered":"<p>Team Leadership\u00a0: Une \u00e9quipe unie \u00a0\u00a0\u00a0\u00a0\u00a0\u00a0\u00a0 Le leader travaille en \u00e9quipe, fait confiance \u00e0 ses collaborateurs en construisant des relations de confiance et reconnaissant et valorisant les diff\u00e9rences et dons [&hellip;]<\/p>\n","protected":false},"author":1,"featured_media":0,"parent":0,"menu_order":0,"comment_status":"closed","ping_status":"closed","template":"","meta":{"_acf_changed":false,"footnotes":""},"type_document":[],"class_list":["post-1446","page","type-page","status-publish","hentry"],"acf":[],"_links":{"self":[{"href":"https:\/\/disciplesenmission.ch\/it\/wp-json\/wp\/v2\/pages\/1446","targetHints":{"allow":["GET"]}}],"collection":[{"href":"https:\/\/disciplesenmission.ch\/it\/wp-json\/wp\/v2\/pages"}],"about":[{"href":"https:\/\/disciplesenmission.ch\/it\/wp-json\/wp\/v2\/types\/page"}],"author":[{"embeddable":true,"href":"https:\/\/disciplesenmission.ch\/it\/wp-json\/wp\/v2\/users\/1"}],"replies":[{"embeddable":true,"href":"https:\/\/disciplesenmission.ch\/it\/wp-json\/wp\/v2\/comments?post=1446"}],"version-history":[{"count":7,"href":"https:\/\/disciplesenmission.ch\/it\/wp-json\/wp\/v2\/pages\/1446\/revisions"}],"predecessor-version":[{"id":3990,"href":"https:\/\/disciplesenmission.ch\/it\/wp-json\/wp\/v2\/pages\/1446\/revisions\/3990"}],"wp:attachment":[{"href":"https:\/\/disciplesenmission.ch\/it\/wp-json\/wp\/v2\/media?parent=1446"}],"wp:term":[{"taxonomy":"type_document","embeddable":true,"href":"https:\/\/disciplesenmission.ch\/it\/wp-json\/wp\/v2\/type_document?post=1446"}],"curies":[{"name":"wp","href":"https:\/\/api.w.org\/{rel}","templated":true}]}}