{"id":1444,"date":"2022-10-16T13:35:14","date_gmt":"2022-10-16T11:35:14","guid":{"rendered":"https:\/\/disciplesenmission.ch\/?page_id=1444"},"modified":"2022-12-06T22:16:28","modified_gmt":"2022-12-06T21:16:28","slug":"leadership-gr-4","status":"publish","type":"page","link":"https:\/\/disciplesenmission.ch\/it\/leadership-gr-4\/","title":{"rendered":"Leadership gr 4"},"content":{"rendered":"<div data-elementor-type=\"wp-page\" data-elementor-id=\"1444\" class=\"elementor elementor-1444\" data-elementor-post-type=\"page\">\n\t\t\t\t\t\t<section class=\"elementor-section elementor-top-section elementor-element elementor-element-1a8bbdc3 elementor-section-boxed elementor-section-height-default elementor-section-height-default\" data-id=\"1a8bbdc3\" data-element_type=\"section\" data-e-type=\"section\">\n\t\t\t\t\t\t<div class=\"elementor-container elementor-column-gap-default\">\n\t\t\t\t\t<div class=\"elementor-column elementor-col-50 elementor-top-column elementor-element elementor-element-5cb29fe2\" data-id=\"5cb29fe2\" data-element_type=\"column\" data-e-type=\"column\">\n\t\t\t<div class=\"elementor-widget-wrap elementor-element-populated\">\n\t\t\t\t\t\t<div class=\"elementor-element elementor-element-f0c6360 elementor-widget elementor-widget-text-editor\" data-id=\"f0c6360\" data-element_type=\"widget\" data-e-type=\"widget\" data-widget_type=\"text-editor.default\">\n\t\t\t\t\t\t\t\t\t<p>Management\u00a0: Planifier &amp; organiser<\/p>\t\t\t\t\t\t\t\t<\/div>\n\t\t\t\t<div class=\"elementor-element elementor-element-c6418eb elementor-widget elementor-widget-text-editor\" data-id=\"c6418eb\" data-element_type=\"widget\" data-e-type=\"widget\" data-widget_type=\"text-editor.default\">\n\t\t\t\t\t\t\t\t\t<p>\u00a0\u00a0\u00a0\u00a0\u00a0\u00a0\u00a0 Les organisations saines savent clairement o\u00f9 elles vont, organisent leurs strat\u00e9gies, planifient leurs actions et les \u00e9valuent r\u00e9guli\u00e8rement. Le leader utilise une communication claire et ouverte pour indiquer la direction que le groupe s&rsquo;engage \u00e0 suivre. Le leader encourage la responsabilisation \u00e0 l&rsquo;\u00e9gard des objectifs fix\u00e9s&#8230; pour lui-m\u00eame et pour les autres. Il doit aussi ne pas avoir peur d\u2019initier de nouvelles voies innovantes vers les changements n\u00e9cessaires.<br \/>\u00a0<br \/>\u00a0<br \/>\u00a0<br \/>\u00a0<\/p>\t\t\t\t\t\t\t\t<\/div>\n\t\t\t\t<div class=\"elementor-element elementor-element-67a5d08b elementor-grid-3 elementor-grid-tablet-2 elementor-grid-mobile-1 elementor-posts--thumbnail-top elementor-card-shadow-yes elementor-posts__hover-gradient elementor-widget elementor-widget-posts\" data-id=\"67a5d08b\" data-element_type=\"widget\" data-e-type=\"widget\" data-settings=\"{&quot;pagination_type&quot;:&quot;prev_next&quot;,&quot;cards_columns&quot;:&quot;3&quot;,&quot;cards_columns_tablet&quot;:&quot;2&quot;,&quot;cards_columns_mobile&quot;:&quot;1&quot;,&quot;cards_row_gap&quot;:{&quot;unit&quot;:&quot;px&quot;,&quot;size&quot;:35,&quot;sizes&quot;:[]},&quot;cards_row_gap_tablet&quot;:{&quot;unit&quot;:&quot;px&quot;,&quot;size&quot;:&quot;&quot;,&quot;sizes&quot;:[]},&quot;cards_row_gap_mobile&quot;:{&quot;unit&quot;:&quot;px&quot;,&quot;size&quot;:&quot;&quot;,&quot;sizes&quot;:[]}}\" data-widget_type=\"posts.cards\">\n\t\t\t\t<div class=\"elementor-widget-container\">\n\t\t\t\t\t\t\t<div class=\"elementor-posts-container elementor-posts elementor-posts--skin-cards elementor-grid\">\n\t\t\t\t<article class=\"elementor-post elementor-grid-item post-3699 support_formation type-support_formation status-publish has-post-thumbnail hentry category-categ-archives-start-disci-lead-form category-categ-leadership category-categ-leadership-gr4\">\n\t\t\t<div class=\"elementor-post__card\">\n\t\t\t\t<a class=\"elementor-post__thumbnail__link\" href=\"https:\/\/disciplesenmission.ch\/it\/support_formation\/conseils-pour-lanimation-dune-discussion-de-groupe\/\" tabindex=\"-1\" target=\"_blank\"><div class=\"elementor-post__thumbnail\"><img fetchpriority=\"high\" decoding=\"async\" width=\"300\" height=\"200\" src=\"https:\/\/disciplesenmission.ch\/wp-content\/uploads\/2022\/11\/Communiquer-efficacement-300x200.jpg\" class=\"attachment-medium size-medium wp-image-3700\" alt=\"\" srcset=\"https:\/\/disciplesenmission.ch\/wp-content\/uploads\/2022\/11\/Communiquer-efficacement-300x200.jpg 300w, https:\/\/disciplesenmission.ch\/wp-content\/uploads\/2022\/11\/Communiquer-efficacement-1024x683.jpg 1024w, https:\/\/disciplesenmission.ch\/wp-content\/uploads\/2022\/11\/Communiquer-efficacement-768x512.jpg 768w, https:\/\/disciplesenmission.ch\/wp-content\/uploads\/2022\/11\/Communiquer-efficacement-1536x1024.jpg 1536w, https:\/\/disciplesenmission.ch\/wp-content\/uploads\/2022\/11\/Communiquer-efficacement-2048x1365.jpg 2048w, https:\/\/disciplesenmission.ch\/wp-content\/uploads\/2022\/11\/Communiquer-efficacement-18x12.jpg 18w\" sizes=\"(max-width: 300px) 100vw, 300px\" \/><\/div><\/a>\n\t\t\t\t<div class=\"elementor-post__text\">\n\t\t\t\t<h3 class=\"elementor-post__title\">\n\t\t\t<a href=\"https:\/\/disciplesenmission.ch\/it\/support_formation\/conseils-pour-lanimation-dune-discussion-de-groupe\/\" target=\"&quot;_blank&quot;\">\n\t\t\t\t<strong>Conseils pour l&rsquo;animation d&rsquo;une discussion de groupe<\/strong>\t\t\t<\/a>\n\t\t<\/h3>\n\t\t\t\t<div class=\"elementor-post__excerpt\">\n\t\t\t<p>Des conseils pratiques pour travailler \u00e0 un changement de vie, et non \u00e0 des r\u00e9unions spectaculaires. Pour de nombreux animateurs de petits groupes, l&rsquo;une des choses les plus intimidantes que<\/p>\n\t\t<\/div>\n\t\t\n\t\t<a class=\"elementor-post__read-more\" href=\"https:\/\/disciplesenmission.ch\/it\/support_formation\/conseils-pour-lanimation-dune-discussion-de-groupe\/\" aria-label=\"Read more about &lt;strong&gt;Conseils pour l&rsquo;animation d&rsquo;une discussion de groupe&lt;\/strong&gt;\" tabindex=\"-1\" target=\"_blank\">\n\t\t\tPer saperne di pi\u00f9 &gt;&gt;\t\t<\/a>\n\n\t\t\t\t<\/div>\n\t\t\t\t<div class=\"elementor-post__meta-data\">\n\t\t\t\t\t<span class=\"elementor-post-date\">\n\t\t\t30 Novembre 2022\t\t<\/span>\n\t\t\t\t<span class=\"elementor-post-avatar\">\n\t\t\tNessun commento\t\t<\/span>\n\t\t\t\t<\/div>\n\t\t\t\t\t<\/div>\n\t\t<\/article>\n\t\t\t\t<article class=\"elementor-post elementor-grid-item post-3691 support_formation type-support_formation status-publish has-post-thumbnail hentry category-categ-archives-start-disci-lead-form category-categ-leadership category-categ-leadership-gr4\">\n\t\t\t<div class=\"elementor-post__card\">\n\t\t\t\t<a class=\"elementor-post__thumbnail__link\" href=\"https:\/\/disciplesenmission.ch\/it\/support_formation\/trois-cles-pour-gerer-les-conversations-difficiles\/\" tabindex=\"-1\" target=\"_blank\"><div class=\"elementor-post__thumbnail\"><img decoding=\"async\" width=\"300\" height=\"240\" src=\"https:\/\/disciplesenmission.ch\/wp-content\/uploads\/2022\/11\/Cle-du-succes-300x240.jpg\" class=\"attachment-medium size-medium wp-image-3692\" alt=\"\" srcset=\"https:\/\/disciplesenmission.ch\/wp-content\/uploads\/2022\/11\/Cle-du-succes-300x240.jpg 300w, https:\/\/disciplesenmission.ch\/wp-content\/uploads\/2022\/11\/Cle-du-succes-1024x819.jpg 1024w, https:\/\/disciplesenmission.ch\/wp-content\/uploads\/2022\/11\/Cle-du-succes-768x614.jpg 768w, https:\/\/disciplesenmission.ch\/wp-content\/uploads\/2022\/11\/Cle-du-succes-1536x1229.jpg 1536w, https:\/\/disciplesenmission.ch\/wp-content\/uploads\/2022\/11\/Cle-du-succes-2048x1638.jpg 2048w, https:\/\/disciplesenmission.ch\/wp-content\/uploads\/2022\/11\/Cle-du-succes-15x12.jpg 15w\" sizes=\"(max-width: 300px) 100vw, 300px\" \/><\/div><\/a>\n\t\t\t\t<div class=\"elementor-post__text\">\n\t\t\t\t<h3 class=\"elementor-post__title\">\n\t\t\t<a href=\"https:\/\/disciplesenmission.ch\/it\/support_formation\/trois-cles-pour-gerer-les-conversations-difficiles\/\" target=\"&quot;_blank&quot;\">\n\t\t\t\t<strong>Trois cl\u00e9s pour g\u00e9rer les conversations difficiles<\/strong>\t\t\t<\/a>\n\t\t<\/h3>\n\t\t\t\t<div class=\"elementor-post__excerpt\">\n\t\t\t<p>Comment se pr\u00e9parer et animer efficacement Je ne suis pas s\u00fbr qu&rsquo;avoir des conversations difficiles \u00e9tait quelque chose que je m&rsquo;attendais \u00e0 faire souvent lorsque je suis entr\u00e9 dans le<\/p>\n\t\t<\/div>\n\t\t\n\t\t<a class=\"elementor-post__read-more\" href=\"https:\/\/disciplesenmission.ch\/it\/support_formation\/trois-cles-pour-gerer-les-conversations-difficiles\/\" aria-label=\"Read more about &lt;strong&gt;Trois cl&eacute;s pour g&eacute;rer les conversations difficiles&lt;\/strong&gt;\" tabindex=\"-1\" target=\"_blank\">\n\t\t\tPer saperne di pi\u00f9 &gt;&gt;\t\t<\/a>\n\n\t\t\t\t<\/div>\n\t\t\t\t<div class=\"elementor-post__meta-data\">\n\t\t\t\t\t<span class=\"elementor-post-date\">\n\t\t\t29 Novembre 2022\t\t<\/span>\n\t\t\t\t<span class=\"elementor-post-avatar\">\n\t\t\tNessun commento\t\t<\/span>\n\t\t\t\t<\/div>\n\t\t\t\t\t<\/div>\n\t\t<\/article>\n\t\t\t\t<article class=\"elementor-post elementor-grid-item post-3683 support_formation type-support_formation status-publish has-post-thumbnail hentry category-categ-archives-start-disci-lead-form category-categ-leadership category-categ-leadership-gr4\">\n\t\t\t<div class=\"elementor-post__card\">\n\t\t\t\t<a class=\"elementor-post__thumbnail__link\" href=\"https:\/\/disciplesenmission.ch\/it\/support_formation\/aidez-vos-leaders-a-comprendre-leurs-quintuples-de-dons\/\" tabindex=\"-1\" target=\"_blank\"><div class=\"elementor-post__thumbnail\"><img decoding=\"async\" width=\"300\" height=\"200\" src=\"https:\/\/disciplesenmission.ch\/wp-content\/uploads\/2022\/11\/talent-300x200.jpg\" class=\"attachment-medium size-medium wp-image-3684\" alt=\"\" srcset=\"https:\/\/disciplesenmission.ch\/wp-content\/uploads\/2022\/11\/talent-300x200.jpg 300w, https:\/\/disciplesenmission.ch\/wp-content\/uploads\/2022\/11\/talent-1024x683.jpg 1024w, https:\/\/disciplesenmission.ch\/wp-content\/uploads\/2022\/11\/talent-768x512.jpg 768w, https:\/\/disciplesenmission.ch\/wp-content\/uploads\/2022\/11\/talent-1536x1024.jpg 1536w, https:\/\/disciplesenmission.ch\/wp-content\/uploads\/2022\/11\/talent-2048x1365.jpg 2048w, https:\/\/disciplesenmission.ch\/wp-content\/uploads\/2022\/11\/talent-18x12.jpg 18w\" sizes=\"(max-width: 300px) 100vw, 300px\" \/><\/div><\/a>\n\t\t\t\t<div class=\"elementor-post__text\">\n\t\t\t\t<h3 class=\"elementor-post__title\">\n\t\t\t<a href=\"https:\/\/disciplesenmission.ch\/it\/support_formation\/aidez-vos-leaders-a-comprendre-leurs-quintuples-de-dons\/\" target=\"&quot;_blank&quot;\">\n\t\t\t\t<strong>Aidez vos leaders \u00e0 comprendre leurs quintupl\u00e9s de dons<\/strong>\t\t\t<\/a>\n\t\t<\/h3>\n\t\t\t\t<div class=\"elementor-post__excerpt\">\n\t\t\t<p>\u00a0Les ap\u00f4tres, les proph\u00e8tes, les \u00e9vang\u00e9listes, les bergers et les enseignants peuvent tous servir \u00e0 leur place dans les petits groupes. Dans le minist\u00e8re des petits groupes, j&rsquo;ai toujours vu<\/p>\n\t\t<\/div>\n\t\t\n\t\t<a class=\"elementor-post__read-more\" href=\"https:\/\/disciplesenmission.ch\/it\/support_formation\/aidez-vos-leaders-a-comprendre-leurs-quintuples-de-dons\/\" aria-label=\"Read more about &lt;strong&gt;Aidez vos leaders &agrave; comprendre leurs quintupl&eacute;s de dons&lt;\/strong&gt;\" tabindex=\"-1\" target=\"_blank\">\n\t\t\tPer saperne di pi\u00f9 &gt;&gt;\t\t<\/a>\n\n\t\t\t\t<\/div>\n\t\t\t\t<div class=\"elementor-post__meta-data\">\n\t\t\t\t\t<span class=\"elementor-post-date\">\n\t\t\t29 Novembre 2022\t\t<\/span>\n\t\t\t\t<span class=\"elementor-post-avatar\">\n\t\t\tNessun commento\t\t<\/span>\n\t\t\t\t<\/div>\n\t\t\t\t\t<\/div>\n\t\t<\/article>\n\t\t\t\t<article class=\"elementor-post elementor-grid-item post-3619 support_formation type-support_formation status-publish has-post-thumbnail hentry category-categ-archives-start-disci-lead-form category-categ-leadership category-categ-leadership-gr4\">\n\t\t\t<div class=\"elementor-post__card\">\n\t\t\t\t<a class=\"elementor-post__thumbnail__link\" href=\"https:\/\/disciplesenmission.ch\/it\/support_formation\/viens-avec-moi-et-change-le-monde\/\" tabindex=\"-1\" target=\"_blank\"><div class=\"elementor-post__thumbnail\"><img loading=\"lazy\" decoding=\"async\" width=\"300\" height=\"225\" src=\"https:\/\/disciplesenmission.ch\/wp-content\/uploads\/2022\/11\/Changer-le-monde-300x225.jpg\" class=\"attachment-medium size-medium wp-image-3601\" alt=\"\" srcset=\"https:\/\/disciplesenmission.ch\/wp-content\/uploads\/2022\/11\/Changer-le-monde-300x225.jpg 300w, https:\/\/disciplesenmission.ch\/wp-content\/uploads\/2022\/11\/Changer-le-monde-1024x768.jpg 1024w, https:\/\/disciplesenmission.ch\/wp-content\/uploads\/2022\/11\/Changer-le-monde-768x576.jpg 768w, https:\/\/disciplesenmission.ch\/wp-content\/uploads\/2022\/11\/Changer-le-monde-1536x1152.jpg 1536w, https:\/\/disciplesenmission.ch\/wp-content\/uploads\/2022\/11\/Changer-le-monde-2048x1536.jpg 2048w, https:\/\/disciplesenmission.ch\/wp-content\/uploads\/2022\/11\/Changer-le-monde-16x12.jpg 16w\" sizes=\"(max-width: 300px) 100vw, 300px\" \/><\/div><\/a>\n\t\t\t\t<div class=\"elementor-post__text\">\n\t\t\t\t<h3 class=\"elementor-post__title\">\n\t\t\t<a href=\"https:\/\/disciplesenmission.ch\/it\/support_formation\/viens-avec-moi-et-change-le-monde\/\" target=\"&quot;_blank&quot;\">\n\t\t\t\t<strong>Viens avec moi et change le monde<\/strong>\t\t\t<\/a>\n\t\t<\/h3>\n\t\t\t\t<div class=\"elementor-post__excerpt\">\n\t\t\t<p>Conseils pour les nouveaux leaders de petits groupes \u00a0\u00a0\u00a0\u00a0\u00a0 Lorsque je parle de petits groupes dans lesquels se trouvent de nouveaux leaders, j&rsquo;aime bien partager l&rsquo;histoire de John Sculley. En<\/p>\n\t\t<\/div>\n\t\t\n\t\t<a class=\"elementor-post__read-more\" href=\"https:\/\/disciplesenmission.ch\/it\/support_formation\/viens-avec-moi-et-change-le-monde\/\" aria-label=\"Read more about &lt;strong&gt;Viens avec moi et change le monde&lt;\/strong&gt;\" tabindex=\"-1\" target=\"_blank\">\n\t\t\tPer saperne di pi\u00f9 &gt;&gt;\t\t<\/a>\n\n\t\t\t\t<\/div>\n\t\t\t\t<div class=\"elementor-post__meta-data\">\n\t\t\t\t\t<span class=\"elementor-post-date\">\n\t\t\t29 Novembre 2022\t\t<\/span>\n\t\t\t\t<span class=\"elementor-post-avatar\">\n\t\t\tNessun commento\t\t<\/span>\n\t\t\t\t<\/div>\n\t\t\t\t\t<\/div>\n\t\t<\/article>\n\t\t\t\t<\/div>\n\t\t\n\t\t\t\t\t\t<\/div>\n\t\t\t\t<\/div>\n\t\t\t\t\t<\/div>\n\t\t<\/div>\n\t\t\t\t<div class=\"elementor-column elementor-col-50 elementor-top-column elementor-element elementor-element-5d2b5394\" data-id=\"5d2b5394\" data-element_type=\"column\" data-e-type=\"column\">\n\t\t\t<div class=\"elementor-widget-wrap\">\n\t\t\t\t\t\t\t<\/div>\n\t\t<\/div>\n\t\t\t\t\t<\/div>\n\t\t<\/section>\n\t\t\t\t<\/div>","protected":false},"excerpt":{"rendered":"<p>Management\u00a0: Planifier &amp; organiser \u00a0\u00a0\u00a0\u00a0\u00a0\u00a0\u00a0 Les organisations saines savent clairement o\u00f9 elles vont, organisent leurs strat\u00e9gies, planifient leurs actions et les \u00e9valuent r\u00e9guli\u00e8rement. Le leader utilise une communication claire et [&hellip;]<\/p>\n","protected":false},"author":1,"featured_media":0,"parent":0,"menu_order":0,"comment_status":"closed","ping_status":"closed","template":"","meta":{"_acf_changed":false,"footnotes":""},"type_document":[],"class_list":["post-1444","page","type-page","status-publish","hentry"],"acf":[],"_links":{"self":[{"href":"https:\/\/disciplesenmission.ch\/it\/wp-json\/wp\/v2\/pages\/1444","targetHints":{"allow":["GET"]}}],"collection":[{"href":"https:\/\/disciplesenmission.ch\/it\/wp-json\/wp\/v2\/pages"}],"about":[{"href":"https:\/\/disciplesenmission.ch\/it\/wp-json\/wp\/v2\/types\/page"}],"author":[{"embeddable":true,"href":"https:\/\/disciplesenmission.ch\/it\/wp-json\/wp\/v2\/users\/1"}],"replies":[{"embeddable":true,"href":"https:\/\/disciplesenmission.ch\/it\/wp-json\/wp\/v2\/comments?post=1444"}],"version-history":[{"count":7,"href":"https:\/\/disciplesenmission.ch\/it\/wp-json\/wp\/v2\/pages\/1444\/revisions"}],"predecessor-version":[{"id":3987,"href":"https:\/\/disciplesenmission.ch\/it\/wp-json\/wp\/v2\/pages\/1444\/revisions\/3987"}],"wp:attachment":[{"href":"https:\/\/disciplesenmission.ch\/it\/wp-json\/wp\/v2\/media?parent=1444"}],"wp:term":[{"taxonomy":"type_document","embeddable":true,"href":"https:\/\/disciplesenmission.ch\/it\/wp-json\/wp\/v2\/type_document?post=1444"}],"curies":[{"name":"wp","href":"https:\/\/api.w.org\/{rel}","templated":true}]}}