{"id":1440,"date":"2022-10-16T13:34:37","date_gmt":"2022-10-16T11:34:37","guid":{"rendered":"https:\/\/disciplesenmission.ch\/?page_id=1440"},"modified":"2022-12-06T22:14:18","modified_gmt":"2022-12-06T21:14:18","slug":"leadership-gr-2","status":"publish","type":"page","link":"https:\/\/disciplesenmission.ch\/it\/leadership-gr-2\/","title":{"rendered":"Leadership gr 2"},"content":{"rendered":"<div data-elementor-type=\"wp-page\" data-elementor-id=\"1440\" class=\"elementor elementor-1440\" data-elementor-post-type=\"page\">\n\t\t\t\t\t\t<section class=\"elementor-section elementor-top-section elementor-element elementor-element-28281bb4 elementor-section-boxed elementor-section-height-default elementor-section-height-default\" data-id=\"28281bb4\" data-element_type=\"section\" data-e-type=\"section\">\n\t\t\t\t\t\t<div class=\"elementor-container elementor-column-gap-default\">\n\t\t\t\t\t<div class=\"elementor-column elementor-col-50 elementor-top-column elementor-element elementor-element-7c219a58\" data-id=\"7c219a58\" data-element_type=\"column\" data-e-type=\"column\">\n\t\t\t<div class=\"elementor-widget-wrap elementor-element-populated\">\n\t\t\t\t\t\t<div class=\"elementor-element elementor-element-7dc182d elementor-widget elementor-widget-text-editor\" data-id=\"7dc182d\" data-element_type=\"widget\" data-e-type=\"widget\" data-widget_type=\"text-editor.default\">\n\t\t\t\t\t\t\t\t\t<p>Leadership spirituel\u00a0: Foi &amp; Valeurs\u00a0<\/p>\t\t\t\t\t\t\t\t<\/div>\n\t\t\t\t<div class=\"elementor-element elementor-element-0a370ce elementor-widget elementor-widget-text-editor\" data-id=\"0a370ce\" data-element_type=\"widget\" data-e-type=\"widget\" data-widget_type=\"text-editor.default\">\n\t\t\t\t\t\t\t\t\t<p>\u00a0\u00a0\u00a0\u00a0\u00a0\u00a0 Un bon leader est avant tout anim\u00e9 par des valeurs morales et spirituelles qui fa\u00e7onnent un caract\u00e8re doux, aimant et droit \u00e0 travers un esprit de service et des valeurs chr\u00e9tienne : int\u00e9grit\u00e9, honn\u00eatet\u00e9 (v\u00e9rit\u00e9), cr\u00e9dibilit\u00e9 (harmonie entre le dire et le faire) et \u00e9galit\u00e9 (de traitement). C\u2019est un leader qui fait confiance \u00e0 Dieu, aux autres, il est humble car il a une identit\u00e9 bien \u00e9tablie en Christ, n\u2019ayant rien \u00e0 prouver aux autres, ni \u00e0 lui-m\u00eame. Il dirige, non par la force, mais par une autorit\u00e9 naturelle et reconnue.<br \/>\u00a0<br \/>\u00a0<\/p>\t\t\t\t\t\t\t\t<\/div>\n\t\t\t\t<div class=\"elementor-element elementor-element-2c9b2175 elementor-grid-3 elementor-grid-tablet-2 elementor-grid-mobile-1 elementor-posts--thumbnail-top elementor-card-shadow-yes elementor-posts__hover-gradient elementor-widget elementor-widget-posts\" data-id=\"2c9b2175\" data-element_type=\"widget\" data-e-type=\"widget\" data-settings=\"{&quot;pagination_type&quot;:&quot;prev_next&quot;,&quot;cards_columns&quot;:&quot;3&quot;,&quot;cards_columns_tablet&quot;:&quot;2&quot;,&quot;cards_columns_mobile&quot;:&quot;1&quot;,&quot;cards_row_gap&quot;:{&quot;unit&quot;:&quot;px&quot;,&quot;size&quot;:35,&quot;sizes&quot;:[]},&quot;cards_row_gap_tablet&quot;:{&quot;unit&quot;:&quot;px&quot;,&quot;size&quot;:&quot;&quot;,&quot;sizes&quot;:[]},&quot;cards_row_gap_mobile&quot;:{&quot;unit&quot;:&quot;px&quot;,&quot;size&quot;:&quot;&quot;,&quot;sizes&quot;:[]}}\" data-widget_type=\"posts.cards\">\n\t\t\t\t<div class=\"elementor-widget-container\">\n\t\t\t\t\t\t\t<div class=\"elementor-posts-container elementor-posts elementor-posts--skin-cards elementor-grid\">\n\t\t\t\t<article class=\"elementor-post elementor-grid-item post-3661 support_formation type-support_formation status-publish has-post-thumbnail hentry category-categ-archives-start-disci-lead-form category-categ-leadership category-categ-leadership-gr2\">\n\t\t\t<div class=\"elementor-post__card\">\n\t\t\t\t<a class=\"elementor-post__thumbnail__link\" href=\"https:\/\/disciplesenmission.ch\/it\/support_formation\/cultiver-lautorite-spirituelle-de-maniere-saine\/\" tabindex=\"-1\" target=\"_blank\"><div class=\"elementor-post__thumbnail\"><img fetchpriority=\"high\" decoding=\"async\" width=\"300\" height=\"200\" src=\"https:\/\/disciplesenmission.ch\/wp-content\/uploads\/2022\/11\/close-up-of-senior-man-lighting-the-menorah-during-2022-10-19-04-37-54-utc-300x200.jpg\" class=\"attachment-medium size-medium wp-image-3563\" alt=\"\" srcset=\"https:\/\/disciplesenmission.ch\/wp-content\/uploads\/2022\/11\/close-up-of-senior-man-lighting-the-menorah-during-2022-10-19-04-37-54-utc-300x200.jpg 300w, https:\/\/disciplesenmission.ch\/wp-content\/uploads\/2022\/11\/close-up-of-senior-man-lighting-the-menorah-during-2022-10-19-04-37-54-utc-1024x683.jpg 1024w, https:\/\/disciplesenmission.ch\/wp-content\/uploads\/2022\/11\/close-up-of-senior-man-lighting-the-menorah-during-2022-10-19-04-37-54-utc-768x512.jpg 768w, https:\/\/disciplesenmission.ch\/wp-content\/uploads\/2022\/11\/close-up-of-senior-man-lighting-the-menorah-during-2022-10-19-04-37-54-utc-1536x1024.jpg 1536w, https:\/\/disciplesenmission.ch\/wp-content\/uploads\/2022\/11\/close-up-of-senior-man-lighting-the-menorah-during-2022-10-19-04-37-54-utc-2048x1365.jpg 2048w, https:\/\/disciplesenmission.ch\/wp-content\/uploads\/2022\/11\/close-up-of-senior-man-lighting-the-menorah-during-2022-10-19-04-37-54-utc-18x12.jpg 18w\" sizes=\"(max-width: 300px) 100vw, 300px\" \/><\/div><\/a>\n\t\t\t\t<div class=\"elementor-post__text\">\n\t\t\t\t<h3 class=\"elementor-post__title\">\n\t\t\t<a href=\"https:\/\/disciplesenmission.ch\/it\/support_formation\/cultiver-lautorite-spirituelle-de-maniere-saine\/\" target=\"&quot;_blank&quot;\">\n\t\t\t\t<strong>Cultiver l&rsquo;autorit\u00e9 spirituelle de mani\u00e8re saine<\/strong>\t\t\t<\/a>\n\t\t<\/h3>\n\t\t\t\t<div class=\"elementor-post__excerpt\">\n\t\t\t<p>\u00a0\u00bb Cependant, si vous ne savez pas g\u00e9rer l&rsquo;autorit\u00e9, vous aurez du mal \u00e0 diriger, et votre confiance risque d&rsquo;\u00eatre mise \u00e0 mal \u00e0 cause des pressions que vous subissez.<\/p>\n\t\t<\/div>\n\t\t\n\t\t<a class=\"elementor-post__read-more\" href=\"https:\/\/disciplesenmission.ch\/it\/support_formation\/cultiver-lautorite-spirituelle-de-maniere-saine\/\" aria-label=\"Read more about &lt;strong&gt;Cultiver l&rsquo;autorit&eacute; spirituelle de mani&egrave;re saine&lt;\/strong&gt;\" tabindex=\"-1\" target=\"_blank\">\n\t\t\tPer saperne di pi\u00f9 &gt;&gt;\t\t<\/a>\n\n\t\t\t\t<\/div>\n\t\t\t\t<div class=\"elementor-post__meta-data\">\n\t\t\t\t\t<span class=\"elementor-post-date\">\n\t\t\t29 Novembre 2022\t\t<\/span>\n\t\t\t\t<span class=\"elementor-post-avatar\">\n\t\t\tNessun commento\t\t<\/span>\n\t\t\t\t<\/div>\n\t\t\t\t\t<\/div>\n\t\t<\/article>\n\t\t\t\t<\/div>\n\t\t\n\t\t\t\t\t\t<\/div>\n\t\t\t\t<\/div>\n\t\t\t\t\t<\/div>\n\t\t<\/div>\n\t\t\t\t<div class=\"elementor-column elementor-col-50 elementor-top-column elementor-element elementor-element-33104cc1\" data-id=\"33104cc1\" data-element_type=\"column\" data-e-type=\"column\">\n\t\t\t<div class=\"elementor-widget-wrap\">\n\t\t\t\t\t\t\t<\/div>\n\t\t<\/div>\n\t\t\t\t\t<\/div>\n\t\t<\/section>\n\t\t\t\t<\/div>","protected":false},"excerpt":{"rendered":"<p>Leadership spirituel\u00a0: Foi &amp; Valeurs\u00a0 \u00a0\u00a0\u00a0\u00a0\u00a0\u00a0 Un bon leader est avant tout anim\u00e9 par des valeurs morales et spirituelles qui fa\u00e7onnent un caract\u00e8re doux, aimant et droit \u00e0 travers un [&hellip;]<\/p>\n","protected":false},"author":1,"featured_media":0,"parent":0,"menu_order":0,"comment_status":"closed","ping_status":"closed","template":"","meta":{"_acf_changed":false,"footnotes":""},"type_document":[],"class_list":["post-1440","page","type-page","status-publish","hentry"],"acf":[],"_links":{"self":[{"href":"https:\/\/disciplesenmission.ch\/it\/wp-json\/wp\/v2\/pages\/1440","targetHints":{"allow":["GET"]}}],"collection":[{"href":"https:\/\/disciplesenmission.ch\/it\/wp-json\/wp\/v2\/pages"}],"about":[{"href":"https:\/\/disciplesenmission.ch\/it\/wp-json\/wp\/v2\/types\/page"}],"author":[{"embeddable":true,"href":"https:\/\/disciplesenmission.ch\/it\/wp-json\/wp\/v2\/users\/1"}],"replies":[{"embeddable":true,"href":"https:\/\/disciplesenmission.ch\/it\/wp-json\/wp\/v2\/comments?post=1440"}],"version-history":[{"count":13,"href":"https:\/\/disciplesenmission.ch\/it\/wp-json\/wp\/v2\/pages\/1440\/revisions"}],"predecessor-version":[{"id":3981,"href":"https:\/\/disciplesenmission.ch\/it\/wp-json\/wp\/v2\/pages\/1440\/revisions\/3981"}],"wp:attachment":[{"href":"https:\/\/disciplesenmission.ch\/it\/wp-json\/wp\/v2\/media?parent=1440"}],"wp:term":[{"taxonomy":"type_document","embeddable":true,"href":"https:\/\/disciplesenmission.ch\/it\/wp-json\/wp\/v2\/type_document?post=1440"}],"curies":[{"name":"wp","href":"https:\/\/api.w.org\/{rel}","templated":true}]}}