{"id":1438,"date":"2022-10-16T13:34:19","date_gmt":"2022-10-16T11:34:19","guid":{"rendered":"https:\/\/disciplesenmission.ch\/?page_id=1438"},"modified":"2022-12-06T22:13:28","modified_gmt":"2022-12-06T21:13:28","slug":"leadership-gr-1","status":"publish","type":"page","link":"https:\/\/disciplesenmission.ch\/it\/leadership-gr-1\/","title":{"rendered":"Leadership gr 1"},"content":{"rendered":"<div data-elementor-type=\"wp-page\" data-elementor-id=\"1438\" class=\"elementor elementor-1438\" data-elementor-post-type=\"page\">\n\t\t\t\t\t\t<section class=\"elementor-section elementor-top-section elementor-element elementor-element-2997a88a elementor-section-boxed elementor-section-height-default elementor-section-height-default\" data-id=\"2997a88a\" data-element_type=\"section\" data-e-type=\"section\">\n\t\t\t\t\t\t<div class=\"elementor-container elementor-column-gap-default\">\n\t\t\t\t\t<div class=\"elementor-column elementor-col-50 elementor-top-column elementor-element elementor-element-4e023380\" data-id=\"4e023380\" data-element_type=\"column\" data-e-type=\"column\">\n\t\t\t<div class=\"elementor-widget-wrap elementor-element-populated\">\n\t\t\t\t\t\t<section class=\"elementor-section elementor-inner-section elementor-element elementor-element-bf7641b elementor-section-boxed elementor-section-height-default elementor-section-height-default\" data-id=\"bf7641b\" data-element_type=\"section\" data-e-type=\"section\">\n\t\t\t\t\t\t<div class=\"elementor-container elementor-column-gap-default\">\n\t\t\t\t\t<div class=\"elementor-column elementor-col-100 elementor-inner-column elementor-element elementor-element-547701b\" data-id=\"547701b\" data-element_type=\"column\" data-e-type=\"column\">\n\t\t\t<div class=\"elementor-widget-wrap elementor-element-populated\">\n\t\t\t\t\t\t<div class=\"elementor-element elementor-element-94457c2 elementor-widget elementor-widget-text-editor\" data-id=\"94457c2\" data-element_type=\"widget\" data-e-type=\"widget\" data-widget_type=\"text-editor.default\">\n\t\t\t\t\t\t\t\t\t<p>D\u00e9finitions &amp; mod\u00e8les de Leadership<\/p>\t\t\t\t\t\t\t\t<\/div>\n\t\t\t\t<div class=\"elementor-element elementor-element-f3714e6 elementor-widget elementor-widget-text-editor\" data-id=\"f3714e6\" data-element_type=\"widget\" data-e-type=\"widget\" data-widget_type=\"text-editor.default\">\n\t\t\t\t\t\t\t\t\t<p>\u00a0\u00a0\u00a0\u00a0\u00a0\u00a0\u00a0 Nous recherchons des leaders capables de diriger l\u2019\u00e9glise avec foi et int\u00e9grit\u00e9, de surmonter les obstacles, les \u00e9preuves et de la mener vers la terre promise. Mais qu\u2019est-ce que le leadership ? Qu\u2019attendons-nous d\u2019un leader ? Comment comprendre la notion d\u2019autorit\u00e9 et de pouvoir ? D\u00e9couvrez les diff\u00e9rentes visions et mod\u00e8les de leadership, en particulier celui de servant leadership, et trouvez votre style.<\/p>\t\t\t\t\t\t\t\t<\/div>\n\t\t\t\t\t<\/div>\n\t\t<\/div>\n\t\t\t\t\t<\/div>\n\t\t<\/section>\n\t\t\t\t<div class=\"elementor-element elementor-element-44d25a92 elementor-grid-3 elementor-grid-tablet-2 elementor-grid-mobile-1 elementor-posts--thumbnail-top elementor-card-shadow-yes elementor-posts__hover-gradient elementor-widget elementor-widget-posts\" data-id=\"44d25a92\" data-element_type=\"widget\" data-e-type=\"widget\" data-settings=\"{&quot;pagination_type&quot;:&quot;prev_next&quot;,&quot;cards_columns&quot;:&quot;3&quot;,&quot;cards_columns_tablet&quot;:&quot;2&quot;,&quot;cards_columns_mobile&quot;:&quot;1&quot;,&quot;cards_row_gap&quot;:{&quot;unit&quot;:&quot;px&quot;,&quot;size&quot;:35,&quot;sizes&quot;:[]},&quot;cards_row_gap_tablet&quot;:{&quot;unit&quot;:&quot;px&quot;,&quot;size&quot;:&quot;&quot;,&quot;sizes&quot;:[]},&quot;cards_row_gap_mobile&quot;:{&quot;unit&quot;:&quot;px&quot;,&quot;size&quot;:&quot;&quot;,&quot;sizes&quot;:[]}}\" data-widget_type=\"posts.cards\">\n\t\t\t\t<div class=\"elementor-widget-container\">\n\t\t\t\t\t\t\t<div class=\"elementor-posts-container elementor-posts elementor-posts--skin-cards elementor-grid\">\n\t\t\t\t<article class=\"elementor-post elementor-grid-item post-3651 support_formation type-support_formation status-publish has-post-thumbnail hentry category-categ-archives-start-disci-lead-form category-categ-leadership category-categ-leadership-gr1\">\n\t\t\t<div class=\"elementor-post__card\">\n\t\t\t\t<a class=\"elementor-post__thumbnail__link\" href=\"https:\/\/disciplesenmission.ch\/it\/support_formation\/les-meilleurs-leaders-ont-ces-7-traits-de-caractere\/\" tabindex=\"-1\" target=\"_blank\"><div class=\"elementor-post__thumbnail\"><img fetchpriority=\"high\" decoding=\"async\" width=\"300\" height=\"200\" src=\"https:\/\/disciplesenmission.ch\/wp-content\/uploads\/2022\/11\/seven-candles-r-300x200.jpg\" class=\"attachment-medium size-medium wp-image-3539\" alt=\"\" srcset=\"https:\/\/disciplesenmission.ch\/wp-content\/uploads\/2022\/11\/seven-candles-r-300x200.jpg 300w, https:\/\/disciplesenmission.ch\/wp-content\/uploads\/2022\/11\/seven-candles-r-1024x683.jpg 1024w, https:\/\/disciplesenmission.ch\/wp-content\/uploads\/2022\/11\/seven-candles-r-768x512.jpg 768w, https:\/\/disciplesenmission.ch\/wp-content\/uploads\/2022\/11\/seven-candles-r-1536x1024.jpg 1536w, https:\/\/disciplesenmission.ch\/wp-content\/uploads\/2022\/11\/seven-candles-r-2048x1365.jpg 2048w, https:\/\/disciplesenmission.ch\/wp-content\/uploads\/2022\/11\/seven-candles-r-18x12.jpg 18w\" sizes=\"(max-width: 300px) 100vw, 300px\" \/><\/div><\/a>\n\t\t\t\t<div class=\"elementor-post__text\">\n\t\t\t\t<h3 class=\"elementor-post__title\">\n\t\t\t<a href=\"https:\/\/disciplesenmission.ch\/it\/support_formation\/les-meilleurs-leaders-ont-ces-7-traits-de-caractere\/\" target=\"&quot;_blank&quot;\">\n\t\t\t\t<strong>Les meilleurs leaders ont ces 7 traits de caract\u00e8re<\/strong>\t\t\t<\/a>\n\t\t<\/h3>\n\t\t\t\t<div class=\"elementor-post__excerpt\">\n\t\t\t<p>J&rsquo;ai eu la chance d&rsquo;avoir de bons mod\u00e8les. Et j&rsquo;ai eu des leaders qui n&rsquo;\u00e9taient pas si bons. Comme celui qui m&rsquo;a jet\u00e9 mon livre de vente \u00e0 travers la<\/p>\n\t\t<\/div>\n\t\t\n\t\t<a class=\"elementor-post__read-more\" href=\"https:\/\/disciplesenmission.ch\/it\/support_formation\/les-meilleurs-leaders-ont-ces-7-traits-de-caractere\/\" aria-label=\"Read more about &lt;strong&gt;Les meilleurs leaders ont ces 7 traits de caract&egrave;re&lt;\/strong&gt;\" tabindex=\"-1\" target=\"_blank\">\n\t\t\tPer saperne di pi\u00f9 &gt;&gt;\t\t<\/a>\n\n\t\t\t\t<\/div>\n\t\t\t\t<div class=\"elementor-post__meta-data\">\n\t\t\t\t\t<span class=\"elementor-post-date\">\n\t\t\t29 Novembre 2022\t\t<\/span>\n\t\t\t\t<span class=\"elementor-post-avatar\">\n\t\t\tNessun commento\t\t<\/span>\n\t\t\t\t<\/div>\n\t\t\t\t\t<\/div>\n\t\t<\/article>\n\t\t\t\t<article class=\"elementor-post elementor-grid-item post-3527 support_formation type-support_formation status-publish has-post-thumbnail hentry category-categ-archives-start-disci-lead-form category-categ-leadership category-categ-leadership-gr1\">\n\t\t\t<div class=\"elementor-post__card\">\n\t\t\t\t<a class=\"elementor-post__thumbnail__link\" href=\"https:\/\/disciplesenmission.ch\/it\/support_formation\/decouvrez-votre-style-de-leadership\/\" tabindex=\"-1\" target=\"_blank\"><div class=\"elementor-post__thumbnail\"><img decoding=\"async\" width=\"300\" height=\"200\" src=\"https:\/\/disciplesenmission.ch\/wp-content\/uploads\/2022\/11\/leadership-2022-11-01-23-44-52-utc-300x200.jpg\" class=\"attachment-medium size-medium wp-image-3529\" alt=\"\" srcset=\"https:\/\/disciplesenmission.ch\/wp-content\/uploads\/2022\/11\/leadership-2022-11-01-23-44-52-utc-300x200.jpg 300w, https:\/\/disciplesenmission.ch\/wp-content\/uploads\/2022\/11\/leadership-2022-11-01-23-44-52-utc-1024x683.jpg 1024w, https:\/\/disciplesenmission.ch\/wp-content\/uploads\/2022\/11\/leadership-2022-11-01-23-44-52-utc-768x512.jpg 768w, https:\/\/disciplesenmission.ch\/wp-content\/uploads\/2022\/11\/leadership-2022-11-01-23-44-52-utc-1536x1024.jpg 1536w, https:\/\/disciplesenmission.ch\/wp-content\/uploads\/2022\/11\/leadership-2022-11-01-23-44-52-utc-2048x1366.jpg 2048w, https:\/\/disciplesenmission.ch\/wp-content\/uploads\/2022\/11\/leadership-2022-11-01-23-44-52-utc-18x12.jpg 18w\" sizes=\"(max-width: 300px) 100vw, 300px\" \/><\/div><\/a>\n\t\t\t\t<div class=\"elementor-post__text\">\n\t\t\t\t<h3 class=\"elementor-post__title\">\n\t\t\t<a href=\"https:\/\/disciplesenmission.ch\/it\/support_formation\/decouvrez-votre-style-de-leadership\/\" target=\"&quot;_blank&quot;\">\n\t\t\t\t<strong>D\u00e9couvrez votre style de leadership<\/strong>\u00a0\t\t\t<\/a>\n\t\t<\/h3>\n\t\t\t\t<div class=\"elementor-post__excerpt\">\n\t\t\t<p>Apprenez \u00e0 tirer parti de vos points forts. \u00a0\u00a0\u00a0\u00a0\u00a0\u00a0 Dans Romains 12:6, 1 Corinthiens 12:4-7, et ailleurs, Paul enseigne que Dieu a donn\u00e9 diff\u00e9rents types de dons aux chr\u00e9tiens. S&rsquo;il<\/p>\n\t\t<\/div>\n\t\t\n\t\t<a class=\"elementor-post__read-more\" href=\"https:\/\/disciplesenmission.ch\/it\/support_formation\/decouvrez-votre-style-de-leadership\/\" aria-label=\"Read more about &lt;strong&gt;D&eacute;couvrez votre style de leadership&lt;\/strong&gt;\u00a0\" tabindex=\"-1\" target=\"_blank\">\n\t\t\tPer saperne di pi\u00f9 &gt;&gt;\t\t<\/a>\n\n\t\t\t\t<\/div>\n\t\t\t\t<div class=\"elementor-post__meta-data\">\n\t\t\t\t\t<span class=\"elementor-post-date\">\n\t\t\t29 Novembre 2022\t\t<\/span>\n\t\t\t\t<span class=\"elementor-post-avatar\">\n\t\t\tNessun commento\t\t<\/span>\n\t\t\t\t<\/div>\n\t\t\t\t\t<\/div>\n\t\t<\/article>\n\t\t\t\t<\/div>\n\t\t\n\t\t\t\t\t\t<\/div>\n\t\t\t\t<\/div>\n\t\t\t\t\t<\/div>\n\t\t<\/div>\n\t\t\t\t<div class=\"elementor-column elementor-col-50 elementor-top-column elementor-element elementor-element-9362da8\" data-id=\"9362da8\" data-element_type=\"column\" data-e-type=\"column\">\n\t\t\t<div class=\"elementor-widget-wrap\">\n\t\t\t\t\t\t\t<\/div>\n\t\t<\/div>\n\t\t\t\t\t<\/div>\n\t\t<\/section>\n\t\t\t\t<\/div>","protected":false},"excerpt":{"rendered":"<p>D\u00e9finitions &amp; mod\u00e8les de Leadership \u00a0\u00a0\u00a0\u00a0\u00a0\u00a0\u00a0 Nous recherchons des leaders capables de diriger l\u2019\u00e9glise avec foi et int\u00e9grit\u00e9, de surmonter les obstacles, les \u00e9preuves et de la mener vers la [&hellip;]<\/p>\n","protected":false},"author":1,"featured_media":0,"parent":0,"menu_order":0,"comment_status":"closed","ping_status":"closed","template":"","meta":{"_acf_changed":false,"footnotes":""},"type_document":[],"class_list":["post-1438","page","type-page","status-publish","hentry"],"acf":[],"_links":{"self":[{"href":"https:\/\/disciplesenmission.ch\/it\/wp-json\/wp\/v2\/pages\/1438","targetHints":{"allow":["GET"]}}],"collection":[{"href":"https:\/\/disciplesenmission.ch\/it\/wp-json\/wp\/v2\/pages"}],"about":[{"href":"https:\/\/disciplesenmission.ch\/it\/wp-json\/wp\/v2\/types\/page"}],"author":[{"embeddable":true,"href":"https:\/\/disciplesenmission.ch\/it\/wp-json\/wp\/v2\/users\/1"}],"replies":[{"embeddable":true,"href":"https:\/\/disciplesenmission.ch\/it\/wp-json\/wp\/v2\/comments?post=1438"}],"version-history":[{"count":7,"href":"https:\/\/disciplesenmission.ch\/it\/wp-json\/wp\/v2\/pages\/1438\/revisions"}],"predecessor-version":[{"id":3978,"href":"https:\/\/disciplesenmission.ch\/it\/wp-json\/wp\/v2\/pages\/1438\/revisions\/3978"}],"wp:attachment":[{"href":"https:\/\/disciplesenmission.ch\/it\/wp-json\/wp\/v2\/media?parent=1438"}],"wp:term":[{"taxonomy":"type_document","embeddable":true,"href":"https:\/\/disciplesenmission.ch\/it\/wp-json\/wp\/v2\/type_document?post=1438"}],"curies":[{"name":"wp","href":"https:\/\/api.w.org\/{rel}","templated":true}]}}