{"id":1416,"date":"2022-10-16T13:26:26","date_gmt":"2022-10-16T11:26:26","guid":{"rendered":"https:\/\/disciplesenmission.ch\/?page_id=1416"},"modified":"2022-12-06T16:10:11","modified_gmt":"2022-12-06T15:10:11","slug":"startkit-gr-6","status":"publish","type":"page","link":"https:\/\/disciplesenmission.ch\/it\/startkit-gr-6\/","title":{"rendered":"Startkit GR 6"},"content":{"rendered":"<div data-elementor-type=\"wp-page\" data-elementor-id=\"1416\" class=\"elementor elementor-1416\" data-elementor-post-type=\"page\">\n\t\t\t\t\t\t<section class=\"elementor-section elementor-top-section elementor-element elementor-element-1fa0a47 elementor-section-boxed elementor-section-height-default elementor-section-height-default\" data-id=\"1fa0a47\" data-element_type=\"section\" data-e-type=\"section\">\n\t\t\t\t\t\t<div class=\"elementor-container elementor-column-gap-default\">\n\t\t\t\t\t<div class=\"elementor-column elementor-col-50 elementor-top-column elementor-element elementor-element-6bd470f\" data-id=\"6bd470f\" data-element_type=\"column\" data-e-type=\"column\">\n\t\t\t<div class=\"elementor-widget-wrap elementor-element-populated\">\n\t\t\t\t\t\t<div class=\"elementor-element elementor-element-f2bd9f2 elementor-widget elementor-widget-heading\" data-id=\"f2bd9f2\" data-element_type=\"widget\" data-e-type=\"widget\" data-widget_type=\"heading.default\">\n\t\t\t\t\t<h2 class=\"elementor-heading-title elementor-size-default\">Multiplier les petits groupes<\/h2>\t\t\t\t<\/div>\n\t\t\t\t<div class=\"elementor-element elementor-element-b485429 elementor-widget elementor-widget-text-editor\" data-id=\"b485429\" data-element_type=\"widget\" data-e-type=\"widget\" data-widget_type=\"text-editor.default\">\n\t\t\t\t\t\t\t\t\t<p>\u00a0\u00a0\u00a0\u00a0\u00a0 Votre \u00e9glise est-elle une \u00e9glise avec des petits groupes ou une \u00e9glise de petits groupes ? Chaque membres sont-ils impliqu\u00e9s dans un minist\u00e8re de petit groupe ? Votre pasteur soutient-il les leaders ? Comment d\u00e9marrer ou d\u00e9velopper plusieurs minist\u00e8res de petits groupes au sein de votre \u00e9glise ? Apprenez \u00e0 d\u00e9couvrir et recruter de nouveaux leaders et des membres de groupe, \u00e0 communiquer sur l\u2019importance des petits groupes, \u00e0 \u00e9laborer une vision et une strat\u00e9gie pour faire grandir votre \u00e9glise \u00e0 travers le d\u00e9veloppement de minist\u00e8res engag\u00e9s et pertinents.<\/p>\t\t\t\t\t\t\t\t<\/div>\n\t\t\t\t<div class=\"elementor-element elementor-element-5ab4c5f elementor-grid-3 elementor-grid-tablet-2 elementor-grid-mobile-1 elementor-posts--thumbnail-top elementor-card-shadow-yes elementor-posts__hover-gradient elementor-widget elementor-widget-posts\" data-id=\"5ab4c5f\" data-element_type=\"widget\" data-e-type=\"widget\" data-settings=\"{&quot;cards_columns&quot;:&quot;3&quot;,&quot;cards_columns_tablet&quot;:&quot;2&quot;,&quot;cards_columns_mobile&quot;:&quot;1&quot;,&quot;cards_row_gap&quot;:{&quot;unit&quot;:&quot;px&quot;,&quot;size&quot;:35,&quot;sizes&quot;:[]},&quot;cards_row_gap_tablet&quot;:{&quot;unit&quot;:&quot;px&quot;,&quot;size&quot;:&quot;&quot;,&quot;sizes&quot;:[]},&quot;cards_row_gap_mobile&quot;:{&quot;unit&quot;:&quot;px&quot;,&quot;size&quot;:&quot;&quot;,&quot;sizes&quot;:[]}}\" data-widget_type=\"posts.cards\">\n\t\t\t\t<div class=\"elementor-widget-container\">\n\t\t\t\t\t\t\t<div class=\"elementor-posts-container elementor-posts elementor-posts--skin-cards elementor-grid\">\n\t\t\t\t<article class=\"elementor-post elementor-grid-item post-3092 support_formation type-support_formation status-publish has-post-thumbnail hentry category-categ-archives-start-disci-lead-form category-categ-startkits category-startkit_gr_6\">\n\t\t\t<div class=\"elementor-post__card\">\n\t\t\t\t<a class=\"elementor-post__thumbnail__link\" href=\"https:\/\/disciplesenmission.ch\/it\/support_formation\/preparez-vous-au-lancement-de-lautomne\/\" tabindex=\"-1\" target=\"_blank\"><div class=\"elementor-post__thumbnail\"><img fetchpriority=\"high\" decoding=\"async\" width=\"300\" height=\"200\" src=\"https:\/\/disciplesenmission.ch\/wp-content\/uploads\/2022\/10\/woman-in-an-autumnal-landscape-300x200.jpg\" class=\"attachment-medium size-medium wp-image-3093\" alt=\"Woman in an autumnal landscape\" srcset=\"https:\/\/disciplesenmission.ch\/wp-content\/uploads\/2022\/10\/woman-in-an-autumnal-landscape-300x200.jpg 300w, https:\/\/disciplesenmission.ch\/wp-content\/uploads\/2022\/10\/woman-in-an-autumnal-landscape-1024x682.jpg 1024w, https:\/\/disciplesenmission.ch\/wp-content\/uploads\/2022\/10\/woman-in-an-autumnal-landscape-768x512.jpg 768w, https:\/\/disciplesenmission.ch\/wp-content\/uploads\/2022\/10\/woman-in-an-autumnal-landscape-1536x1024.jpg 1536w, https:\/\/disciplesenmission.ch\/wp-content\/uploads\/2022\/10\/woman-in-an-autumnal-landscape.jpg 2000w\" sizes=\"(max-width: 300px) 100vw, 300px\" \/><\/div><\/a>\n\t\t\t\t<div class=\"elementor-post__text\">\n\t\t\t\t<h3 class=\"elementor-post__title\">\n\t\t\t<a href=\"https:\/\/disciplesenmission.ch\/it\/support_formation\/preparez-vous-au-lancement-de-lautomne\/\" target=\"&quot;_blank&quot;\">\n\t\t\t\tPr\u00e9parez-vous au lancement de l&rsquo;automne\t\t\t<\/a>\n\t\t<\/h3>\n\t\t\t\t<div class=\"elementor-post__excerpt\">\n\t\t\t<p>5 \u00e9tapes pour pr\u00e9parer votre minist\u00e8re de petits groupes \u00e0 faire face \u00e0 un automne fantastique. Amy Jackson Dans les \u00e9glises de tout le pays, les minist\u00e8res de petits groupes<\/p>\n\t\t<\/div>\n\t\t\n\t\t<a class=\"elementor-post__read-more\" href=\"https:\/\/disciplesenmission.ch\/it\/support_formation\/preparez-vous-au-lancement-de-lautomne\/\" aria-label=\"Read more about Pr\u00e9parez-vous au lancement de l&rsquo;automne\" tabindex=\"-1\" target=\"_blank\">\n\t\t\tPer saperne di pi\u00f9 &gt;&gt;\t\t<\/a>\n\n\t\t\t\t<\/div>\n\t\t\t\t<div class=\"elementor-post__meta-data\">\n\t\t\t\t\t<span class=\"elementor-post-date\">\n\t\t\t27 Ottobre 2022\t\t<\/span>\n\t\t\t\t<span class=\"elementor-post-avatar\">\n\t\t\tNessun commento\t\t<\/span>\n\t\t\t\t<\/div>\n\t\t\t\t\t<\/div>\n\t\t<\/article>\n\t\t\t\t<\/div>\n\t\t\n\t\t\t\t\t\t<\/div>\n\t\t\t\t<\/div>\n\t\t\t\t\t<\/div>\n\t\t<\/div>\n\t\t\t\t<div class=\"elementor-column elementor-col-50 elementor-top-column elementor-element elementor-element-9f7ac25\" data-id=\"9f7ac25\" data-element_type=\"column\" data-e-type=\"column\">\n\t\t\t<div class=\"elementor-widget-wrap\">\n\t\t\t\t\t\t\t<\/div>\n\t\t<\/div>\n\t\t\t\t\t<\/div>\n\t\t<\/section>\n\t\t\t\t<\/div>","protected":false},"excerpt":{"rendered":"<p>Multiplier les petits groupes \u00a0\u00a0\u00a0\u00a0\u00a0 Votre \u00e9glise est-elle une \u00e9glise avec des petits groupes ou une \u00e9glise de petits groupes ? Chaque membres sont-ils impliqu\u00e9s dans un minist\u00e8re de petit [&hellip;]<\/p>\n","protected":false},"author":1,"featured_media":0,"parent":0,"menu_order":0,"comment_status":"closed","ping_status":"closed","template":"","meta":{"_acf_changed":false,"footnotes":""},"type_document":[],"class_list":["post-1416","page","type-page","status-publish","hentry"],"acf":[],"_links":{"self":[{"href":"https:\/\/disciplesenmission.ch\/it\/wp-json\/wp\/v2\/pages\/1416","targetHints":{"allow":["GET"]}}],"collection":[{"href":"https:\/\/disciplesenmission.ch\/it\/wp-json\/wp\/v2\/pages"}],"about":[{"href":"https:\/\/disciplesenmission.ch\/it\/wp-json\/wp\/v2\/types\/page"}],"author":[{"embeddable":true,"href":"https:\/\/disciplesenmission.ch\/it\/wp-json\/wp\/v2\/users\/1"}],"replies":[{"embeddable":true,"href":"https:\/\/disciplesenmission.ch\/it\/wp-json\/wp\/v2\/comments?post=1416"}],"version-history":[{"count":7,"href":"https:\/\/disciplesenmission.ch\/it\/wp-json\/wp\/v2\/pages\/1416\/revisions"}],"predecessor-version":[{"id":3957,"href":"https:\/\/disciplesenmission.ch\/it\/wp-json\/wp\/v2\/pages\/1416\/revisions\/3957"}],"wp:attachment":[{"href":"https:\/\/disciplesenmission.ch\/it\/wp-json\/wp\/v2\/media?parent=1416"}],"wp:term":[{"taxonomy":"type_document","embeddable":true,"href":"https:\/\/disciplesenmission.ch\/it\/wp-json\/wp\/v2\/type_document?post=1416"}],"curies":[{"name":"wp","href":"https:\/\/api.w.org\/{rel}","templated":true}]}}