{"id":1414,"date":"2022-10-16T13:26:07","date_gmt":"2022-10-16T11:26:07","guid":{"rendered":"https:\/\/disciplesenmission.ch\/?page_id=1414"},"modified":"2022-12-06T16:21:19","modified_gmt":"2022-12-06T15:21:19","slug":"startkit-gr-5","status":"publish","type":"page","link":"https:\/\/disciplesenmission.ch\/it\/startkit-gr-5\/","title":{"rendered":"Startkit GR 5"},"content":{"rendered":"<div data-elementor-type=\"wp-page\" data-elementor-id=\"1414\" class=\"elementor elementor-1414\" data-elementor-post-type=\"page\">\n\t\t\t\t\t\t<section class=\"elementor-section elementor-top-section elementor-element elementor-element-795751a elementor-section-boxed elementor-section-height-default elementor-section-height-default\" data-id=\"795751a\" data-element_type=\"section\" data-e-type=\"section\">\n\t\t\t\t\t\t<div class=\"elementor-container elementor-column-gap-default\">\n\t\t\t\t\t<div class=\"elementor-column elementor-col-50 elementor-top-column elementor-element elementor-element-df7044d\" data-id=\"df7044d\" data-element_type=\"column\" data-e-type=\"column\">\n\t\t\t<div class=\"elementor-widget-wrap elementor-element-populated\">\n\t\t\t\t\t\t<div class=\"elementor-element elementor-element-1a419dd elementor-widget elementor-widget-heading\" data-id=\"1a419dd\" data-element_type=\"widget\" data-e-type=\"widget\" data-widget_type=\"heading.default\">\n\t\t\t\t\t<h2 class=\"elementor-heading-title elementor-size-default\">Organizzare e sviluppare il proprio ministero<\/h2>\t\t\t\t<\/div>\n\t\t\t\t<div class=\"elementor-element elementor-element-073f40a elementor-widget elementor-widget-text-editor\" data-id=\"073f40a\" data-element_type=\"widget\" data-e-type=\"widget\" data-widget_type=\"text-editor.default\">\n\t\t\t\t\t\t\t\t\t<p>\u00a0\u00a0\u00a0\u00a0\u00a0\u00a0 Les petits groupes qui r\u00e9ussissent savent clairement o\u00f9 elles vont, organisent leurs strat\u00e9gies, planifient leurs actions et les \u00e9valuent r\u00e9guli\u00e8rement. Le leader utilise une communication claire et ouverte pour indiquer la direction que le groupe s&rsquo;engage \u00e0 suivre. Le leader encourage la responsabilisation \u00e0 l&rsquo;\u00e9gard des objectifs fix\u00e9s&#8230; pour lui-m\u00eame et pour les autres. Il doit aussi ne pas avoir peur d\u2019initier de nouvelles voies innovantes vers les changements n\u00e9cessaires.<\/p>\t\t\t\t\t\t\t\t<\/div>\n\t\t\t\t<div class=\"elementor-element elementor-element-956649e elementor-grid-3 elementor-grid-tablet-2 elementor-grid-mobile-1 elementor-posts--thumbnail-top elementor-card-shadow-yes elementor-posts__hover-gradient elementor-widget elementor-widget-posts\" data-id=\"956649e\" data-element_type=\"widget\" data-e-type=\"widget\" data-settings=\"{&quot;cards_columns&quot;:&quot;3&quot;,&quot;cards_columns_tablet&quot;:&quot;2&quot;,&quot;cards_columns_mobile&quot;:&quot;1&quot;,&quot;cards_row_gap&quot;:{&quot;unit&quot;:&quot;px&quot;,&quot;size&quot;:35,&quot;sizes&quot;:[]},&quot;cards_row_gap_tablet&quot;:{&quot;unit&quot;:&quot;px&quot;,&quot;size&quot;:&quot;&quot;,&quot;sizes&quot;:[]},&quot;cards_row_gap_mobile&quot;:{&quot;unit&quot;:&quot;px&quot;,&quot;size&quot;:&quot;&quot;,&quot;sizes&quot;:[]}}\" data-widget_type=\"posts.cards\">\n\t\t\t\t<div class=\"elementor-widget-container\">\n\t\t\t\t\t\t\t<div class=\"elementor-posts-container elementor-posts elementor-posts--skin-cards elementor-grid\">\n\t\t\t\t<article class=\"elementor-post elementor-grid-item post-3370 support_formation type-support_formation status-publish has-post-thumbnail hentry category-categ-archives-start-disci-lead-form category-categ-startkits category-startkit_gr_5\">\n\t\t\t<div class=\"elementor-post__card\">\n\t\t\t\t<a class=\"elementor-post__thumbnail__link\" href=\"https:\/\/disciplesenmission.ch\/it\/support_formation\/la-reussite-de-la-formation-de-disciples-dans-les-petits-groupes\/\" tabindex=\"-1\" target=\"_blank\"><div class=\"elementor-post__thumbnail\"><img fetchpriority=\"high\" decoding=\"async\" width=\"300\" height=\"200\" src=\"https:\/\/disciplesenmission.ch\/wp-content\/uploads\/2022\/10\/five-carefree-happy-friends-clinking-glasses-of-wine-and-cocktail-with-toast-celebrating-their-succe-300x200.jpg\" class=\"attachment-medium size-medium wp-image-3371\" alt=\"Five carefree happy friends clinking glasses of wine and cocktail with toast celebrating their succe\" srcset=\"https:\/\/disciplesenmission.ch\/wp-content\/uploads\/2022\/10\/five-carefree-happy-friends-clinking-glasses-of-wine-and-cocktail-with-toast-celebrating-their-succe-300x200.jpg 300w, https:\/\/disciplesenmission.ch\/wp-content\/uploads\/2022\/10\/five-carefree-happy-friends-clinking-glasses-of-wine-and-cocktail-with-toast-celebrating-their-succe-1024x682.jpg 1024w, https:\/\/disciplesenmission.ch\/wp-content\/uploads\/2022\/10\/five-carefree-happy-friends-clinking-glasses-of-wine-and-cocktail-with-toast-celebrating-their-succe-768x512.jpg 768w, https:\/\/disciplesenmission.ch\/wp-content\/uploads\/2022\/10\/five-carefree-happy-friends-clinking-glasses-of-wine-and-cocktail-with-toast-celebrating-their-succe-1536x1024.jpg 1536w, https:\/\/disciplesenmission.ch\/wp-content\/uploads\/2022\/10\/five-carefree-happy-friends-clinking-glasses-of-wine-and-cocktail-with-toast-celebrating-their-succe.jpg 2000w\" sizes=\"(max-width: 300px) 100vw, 300px\" \/><\/div><\/a>\n\t\t\t\t<div class=\"elementor-post__text\">\n\t\t\t\t<h3 class=\"elementor-post__title\">\n\t\t\t<a href=\"https:\/\/disciplesenmission.ch\/it\/support_formation\/la-reussite-de-la-formation-de-disciples-dans-les-petits-groupes\/\" target=\"&quot;_blank&quot;\">\n\t\t\t\tIl discepolato di successo nei piccoli gruppi\t\t\t<\/a>\n\t\t<\/h3>\n\t\t\t\t<div class=\"elementor-post__excerpt\">\n\t\t\t<p>Des m\u00e9thodes \u00e9prouv\u00e9es pour former des disciples matures Entretien avec Ed Stetzer et Eric Geiger SmallGroups.com s&rsquo;est r\u00e9cemment entretenu avec Ed Stetzer et Eric Geiger, auteurs de Transformational Groups, pour<\/p>\n\t\t<\/div>\n\t\t\n\t\t<a class=\"elementor-post__read-more\" href=\"https:\/\/disciplesenmission.ch\/it\/support_formation\/la-reussite-de-la-formation-de-disciples-dans-les-petits-groupes\/\" aria-label=\"Read more about La r\u00e9ussite de la formation de disciples dans les petits groupes\" tabindex=\"-1\" target=\"_blank\">\n\t\t\tPer saperne di pi\u00f9 &gt;&gt;\t\t<\/a>\n\n\t\t\t\t<\/div>\n\t\t\t\t<div class=\"elementor-post__meta-data\">\n\t\t\t\t\t<span class=\"elementor-post-date\">\n\t\t\t28 Ottobre 2022\t\t<\/span>\n\t\t\t\t<span class=\"elementor-post-avatar\">\n\t\t\tNessun commento\t\t<\/span>\n\t\t\t\t<\/div>\n\t\t\t\t\t<\/div>\n\t\t<\/article>\n\t\t\t\t<article class=\"elementor-post elementor-grid-item post-3361 support_formation type-support_formation status-publish has-post-thumbnail hentry category-categ-archives-start-disci-lead-form category-categ-startkits category-startkit_gr_5\">\n\t\t\t<div class=\"elementor-post__card\">\n\t\t\t\t<a class=\"elementor-post__thumbnail__link\" href=\"https:\/\/disciplesenmission.ch\/it\/support_formation\/faire-des-disciples\/\" tabindex=\"-1\" target=\"_blank\"><div class=\"elementor-post__thumbnail\"><img decoding=\"async\" width=\"300\" height=\"225\" src=\"https:\/\/disciplesenmission.ch\/wp-content\/uploads\/2022\/10\/krav-maga-trainer-and-disciple-bowing-together-300x225.jpg\" class=\"attachment-medium size-medium wp-image-3362\" alt=\"Krav Maga trainer and disciple bowing together\" srcset=\"https:\/\/disciplesenmission.ch\/wp-content\/uploads\/2022\/10\/krav-maga-trainer-and-disciple-bowing-together-300x225.jpg 300w, https:\/\/disciplesenmission.ch\/wp-content\/uploads\/2022\/10\/krav-maga-trainer-and-disciple-bowing-together-1024x768.jpg 1024w, https:\/\/disciplesenmission.ch\/wp-content\/uploads\/2022\/10\/krav-maga-trainer-and-disciple-bowing-together-768x576.jpg 768w, https:\/\/disciplesenmission.ch\/wp-content\/uploads\/2022\/10\/krav-maga-trainer-and-disciple-bowing-together-1536x1152.jpg 1536w, https:\/\/disciplesenmission.ch\/wp-content\/uploads\/2022\/10\/krav-maga-trainer-and-disciple-bowing-together.jpg 2000w\" sizes=\"(max-width: 300px) 100vw, 300px\" \/><\/div><\/a>\n\t\t\t\t<div class=\"elementor-post__text\">\n\t\t\t\t<h3 class=\"elementor-post__title\">\n\t\t\t<a href=\"https:\/\/disciplesenmission.ch\/it\/support_formation\/faire-des-disciples\/\" target=\"&quot;_blank&quot;\">\n\t\t\t\tFare discepoli\t\t\t<\/a>\n\t\t<\/h3>\n\t\t\t\t<div class=\"elementor-post__excerpt\">\n\t\t\t<p>Comment faire en sorte que vos groupes restent activement impliqu\u00e9s dans le processus de formation de disciples ? Aujourd&rsquo;hui, partout dans le monde, des gens se r\u00e9unissent avec d&rsquo;autres personnes<\/p>\n\t\t<\/div>\n\t\t\n\t\t<a class=\"elementor-post__read-more\" href=\"https:\/\/disciplesenmission.ch\/it\/support_formation\/faire-des-disciples\/\" aria-label=\"Read more about Faire des disciples\" tabindex=\"-1\" target=\"_blank\">\n\t\t\tPer saperne di pi\u00f9 &gt;&gt;\t\t<\/a>\n\n\t\t\t\t<\/div>\n\t\t\t\t<div class=\"elementor-post__meta-data\">\n\t\t\t\t\t<span class=\"elementor-post-date\">\n\t\t\t28 Ottobre 2022\t\t<\/span>\n\t\t\t\t<span class=\"elementor-post-avatar\">\n\t\t\tNessun commento\t\t<\/span>\n\t\t\t\t<\/div>\n\t\t\t\t\t<\/div>\n\t\t<\/article>\n\t\t\t\t<article class=\"elementor-post elementor-grid-item post-3352 support_formation type-support_formation status-publish has-post-thumbnail hentry category-categ-archives-start-disci-lead-form category-categ-startkits category-startkit_gr_5\">\n\t\t\t<div class=\"elementor-post__card\">\n\t\t\t\t<a class=\"elementor-post__thumbnail__link\" href=\"https:\/\/disciplesenmission.ch\/it\/support_formation\/comment-communiquer-efficacement-avec-les-chefs-de-groupe\/\" tabindex=\"-1\" target=\"_blank\"><div class=\"elementor-post__thumbnail\"><img decoding=\"async\" width=\"300\" height=\"200\" src=\"https:\/\/disciplesenmission.ch\/wp-content\/uploads\/2022\/10\/group-of-students-communicating-300x200.jpg\" class=\"attachment-medium size-medium wp-image-3353\" alt=\"Group of Students Communicating\" srcset=\"https:\/\/disciplesenmission.ch\/wp-content\/uploads\/2022\/10\/group-of-students-communicating-300x200.jpg 300w, https:\/\/disciplesenmission.ch\/wp-content\/uploads\/2022\/10\/group-of-students-communicating-1024x682.jpg 1024w, https:\/\/disciplesenmission.ch\/wp-content\/uploads\/2022\/10\/group-of-students-communicating-768x512.jpg 768w, https:\/\/disciplesenmission.ch\/wp-content\/uploads\/2022\/10\/group-of-students-communicating-1536x1024.jpg 1536w, https:\/\/disciplesenmission.ch\/wp-content\/uploads\/2022\/10\/group-of-students-communicating.jpg 2000w\" sizes=\"(max-width: 300px) 100vw, 300px\" \/><\/div><\/a>\n\t\t\t\t<div class=\"elementor-post__text\">\n\t\t\t\t<h3 class=\"elementor-post__title\">\n\t\t\t<a href=\"https:\/\/disciplesenmission.ch\/it\/support_formation\/comment-communiquer-efficacement-avec-les-chefs-de-groupe\/\" target=\"&quot;_blank&quot;\">\n\t\t\t\tComment communiquer efficacement avec les chefs de groupe ?\t\t\t<\/a>\n\t\t<\/h3>\n\t\t\t\t<div class=\"elementor-post__excerpt\">\n\t\t\t<p>Une communication coh\u00e9rente et r\u00e9guli\u00e8re est la cl\u00e9 de groupes sains. Voici cinq fa\u00e7ons d&rsquo;y parvenir. La communication, ou son absence, n&rsquo;est jamais neutre lorsque vous avez affaire \u00e0 des<\/p>\n\t\t<\/div>\n\t\t\n\t\t<a class=\"elementor-post__read-more\" href=\"https:\/\/disciplesenmission.ch\/it\/support_formation\/comment-communiquer-efficacement-avec-les-chefs-de-groupe\/\" aria-label=\"Read more about Comment communiquer efficacement avec les chefs de groupe ?\" tabindex=\"-1\" target=\"_blank\">\n\t\t\tPer saperne di pi\u00f9 &gt;&gt;\t\t<\/a>\n\n\t\t\t\t<\/div>\n\t\t\t\t<div class=\"elementor-post__meta-data\">\n\t\t\t\t\t<span class=\"elementor-post-date\">\n\t\t\t28 Ottobre 2022\t\t<\/span>\n\t\t\t\t<span class=\"elementor-post-avatar\">\n\t\t\tNessun commento\t\t<\/span>\n\t\t\t\t<\/div>\n\t\t\t\t\t<\/div>\n\t\t<\/article>\n\t\t\t\t<article class=\"elementor-post elementor-grid-item post-3338 support_formation type-support_formation status-publish has-post-thumbnail hentry category-categ-archives-start-disci-lead-form category-categ-startkits category-startkit_gr_5\">\n\t\t\t<div class=\"elementor-post__card\">\n\t\t\t\t<a class=\"elementor-post__thumbnail__link\" href=\"https:\/\/disciplesenmission.ch\/it\/support_formation\/un-apercu-du-materiel-pour-petits-groupes\/\" tabindex=\"-1\" target=\"_blank\"><div class=\"elementor-post__thumbnail\"><img loading=\"lazy\" decoding=\"async\" width=\"300\" height=\"200\" src=\"https:\/\/disciplesenmission.ch\/wp-content\/uploads\/2022\/10\/books-300x200.jpg\" class=\"attachment-medium size-medium wp-image-3342\" alt=\"Books\" srcset=\"https:\/\/disciplesenmission.ch\/wp-content\/uploads\/2022\/10\/books-300x200.jpg 300w, https:\/\/disciplesenmission.ch\/wp-content\/uploads\/2022\/10\/books-1024x682.jpg 1024w, https:\/\/disciplesenmission.ch\/wp-content\/uploads\/2022\/10\/books-768x512.jpg 768w, https:\/\/disciplesenmission.ch\/wp-content\/uploads\/2022\/10\/books-1536x1024.jpg 1536w, https:\/\/disciplesenmission.ch\/wp-content\/uploads\/2022\/10\/books.jpg 2000w\" sizes=\"(max-width: 300px) 100vw, 300px\" \/><\/div><\/a>\n\t\t\t\t<div class=\"elementor-post__text\">\n\t\t\t\t<h3 class=\"elementor-post__title\">\n\t\t\t<a href=\"https:\/\/disciplesenmission.ch\/it\/support_formation\/un-apercu-du-materiel-pour-petits-groupes\/\" target=\"&quot;_blank&quot;\">\n\t\t\t\tUn aper\u00e7u du mat\u00e9riel pour petits groupes\t\t\t<\/a>\n\t\t<\/h3>\n\t\t\t\t<div class=\"elementor-post__excerpt\">\n\t\t\t<p>Apprenez les bases pour \u00e9viter la paralysie de l&rsquo;acheteur. Vous souvenez-vous de la derni\u00e8re fois o\u00f9 vous avez essay\u00e9 de choisir quelque chose de nouveau \u00e0 grignoter \u00e0 l&rsquo;\u00e9picerie ?<\/p>\n\t\t<\/div>\n\t\t\n\t\t<a class=\"elementor-post__read-more\" href=\"https:\/\/disciplesenmission.ch\/it\/support_formation\/un-apercu-du-materiel-pour-petits-groupes\/\" aria-label=\"Read more about Un aper\u00e7u du mat\u00e9riel pour petits groupes\" tabindex=\"-1\" target=\"_blank\">\n\t\t\tPer saperne di pi\u00f9 &gt;&gt;\t\t<\/a>\n\n\t\t\t\t<\/div>\n\t\t\t\t<div class=\"elementor-post__meta-data\">\n\t\t\t\t\t<span class=\"elementor-post-date\">\n\t\t\t28 Ottobre 2022\t\t<\/span>\n\t\t\t\t<span class=\"elementor-post-avatar\">\n\t\t\tNessun commento\t\t<\/span>\n\t\t\t\t<\/div>\n\t\t\t\t\t<\/div>\n\t\t<\/article>\n\t\t\t\t<\/div>\n\t\t\n\t\t\t\t\t\t<\/div>\n\t\t\t\t<\/div>\n\t\t\t\t\t<\/div>\n\t\t<\/div>\n\t\t\t\t<div class=\"elementor-column elementor-col-50 elementor-top-column elementor-element elementor-element-1eb3ebf\" data-id=\"1eb3ebf\" data-element_type=\"column\" data-e-type=\"column\">\n\t\t\t<div class=\"elementor-widget-wrap\">\n\t\t\t\t\t\t\t<\/div>\n\t\t<\/div>\n\t\t\t\t\t<\/div>\n\t\t<\/section>\n\t\t\t\t<\/div>","protected":false},"excerpt":{"rendered":"<p>Organiser et d\u00e9velopper son minist\u00e8re \u00a0\u00a0\u00a0\u00a0\u00a0\u00a0 Les petits groupes qui r\u00e9ussissent savent clairement o\u00f9 elles vont, organisent leurs strat\u00e9gies, planifient leurs actions et les \u00e9valuent r\u00e9guli\u00e8rement. Le leader utilise une [&hellip;]<\/p>\n","protected":false},"author":1,"featured_media":0,"parent":0,"menu_order":0,"comment_status":"closed","ping_status":"closed","template":"","meta":{"_acf_changed":false,"footnotes":""},"type_document":[],"class_list":["post-1414","page","type-page","status-publish","hentry"],"acf":[],"_links":{"self":[{"href":"https:\/\/disciplesenmission.ch\/it\/wp-json\/wp\/v2\/pages\/1414","targetHints":{"allow":["GET"]}}],"collection":[{"href":"https:\/\/disciplesenmission.ch\/it\/wp-json\/wp\/v2\/pages"}],"about":[{"href":"https:\/\/disciplesenmission.ch\/it\/wp-json\/wp\/v2\/types\/page"}],"author":[{"embeddable":true,"href":"https:\/\/disciplesenmission.ch\/it\/wp-json\/wp\/v2\/users\/1"}],"replies":[{"embeddable":true,"href":"https:\/\/disciplesenmission.ch\/it\/wp-json\/wp\/v2\/comments?post=1414"}],"version-history":[{"count":7,"href":"https:\/\/disciplesenmission.ch\/it\/wp-json\/wp\/v2\/pages\/1414\/revisions"}],"predecessor-version":[{"id":3960,"href":"https:\/\/disciplesenmission.ch\/it\/wp-json\/wp\/v2\/pages\/1414\/revisions\/3960"}],"wp:attachment":[{"href":"https:\/\/disciplesenmission.ch\/it\/wp-json\/wp\/v2\/media?parent=1414"}],"wp:term":[{"taxonomy":"type_document","embeddable":true,"href":"https:\/\/disciplesenmission.ch\/it\/wp-json\/wp\/v2\/type_document?post=1414"}],"curies":[{"name":"wp","href":"https:\/\/api.w.org\/{rel}","templated":true}]}}