{"id":1412,"date":"2022-10-16T13:24:56","date_gmt":"2022-10-16T11:24:56","guid":{"rendered":"https:\/\/disciplesenmission.ch\/?page_id=1412"},"modified":"2022-12-06T16:23:45","modified_gmt":"2022-12-06T15:23:45","slug":"startkit-gr-4","status":"publish","type":"page","link":"https:\/\/disciplesenmission.ch\/it\/startkit-gr-4\/","title":{"rendered":"Startkit GR 4"},"content":{"rendered":"<div data-elementor-type=\"wp-page\" data-elementor-id=\"1412\" class=\"elementor elementor-1412\" data-elementor-post-type=\"page\">\n\t\t\t\t\t\t<section class=\"elementor-section elementor-top-section elementor-element elementor-element-e17781d elementor-section-boxed elementor-section-height-default elementor-section-height-default\" data-id=\"e17781d\" data-element_type=\"section\" data-e-type=\"section\">\n\t\t\t\t\t\t<div class=\"elementor-container elementor-column-gap-default\">\n\t\t\t\t\t<div class=\"elementor-column elementor-col-50 elementor-top-column elementor-element elementor-element-c90e0ec\" data-id=\"c90e0ec\" data-element_type=\"column\" data-e-type=\"column\">\n\t\t\t<div class=\"elementor-widget-wrap elementor-element-populated\">\n\t\t\t\t\t\t<div class=\"elementor-element elementor-element-f2e3792 elementor-widget elementor-widget-heading\" data-id=\"f2e3792\" data-element_type=\"widget\" data-e-type=\"widget\" data-widget_type=\"heading.default\">\n\t\t\t\t\t<h2 class=\"elementor-heading-title elementor-size-default\">Costruire una squadra e dei valori<\/h2>\t\t\t\t<\/div>\n\t\t\t\t<div class=\"elementor-element elementor-element-cf4eb5e elementor-widget elementor-widget-text-editor\" data-id=\"cf4eb5e\" data-element_type=\"widget\" data-e-type=\"widget\" data-widget_type=\"text-editor.default\">\n\t\t\t\t\t\t\t\t\t<p>\u00a0\u00a0\u00a0\u00a0\u00a0\u00a0\u00a0 Comme le rappelle l\u2019adage : \u00ab seul on va plus vite, ensemble on va plus loin \u00bb. Pour r\u00e9ussir un minist\u00e8re, il est essentiel de trouver les bonnes personnes, \u00e0 la bonne place, pour vous soutenir. Mais comment b\u00e2tir une \u00e9quipe, trouver les bonnes personnes ? Comment d\u00e9velopper un esprit d\u2019\u00e9quipe fond\u00e9 sur la confiance, la collaboration, la responsabilit\u00e9 et des valeurs communes ? Comment partager une vision capable de motiver l\u2019\u00e9quipe et de dynamiser la vie et la mission du groupe\u2026 ?<\/p>\t\t\t\t\t\t\t\t<\/div>\n\t\t\t\t<div class=\"elementor-element elementor-element-d2ba7d5 elementor-grid-3 elementor-grid-tablet-2 elementor-grid-mobile-1 elementor-posts--thumbnail-top elementor-card-shadow-yes elementor-posts__hover-gradient elementor-widget elementor-widget-posts\" data-id=\"d2ba7d5\" data-element_type=\"widget\" data-e-type=\"widget\" data-settings=\"{&quot;cards_columns&quot;:&quot;3&quot;,&quot;cards_columns_tablet&quot;:&quot;2&quot;,&quot;cards_columns_mobile&quot;:&quot;1&quot;,&quot;cards_row_gap&quot;:{&quot;unit&quot;:&quot;px&quot;,&quot;size&quot;:35,&quot;sizes&quot;:[]},&quot;cards_row_gap_tablet&quot;:{&quot;unit&quot;:&quot;px&quot;,&quot;size&quot;:&quot;&quot;,&quot;sizes&quot;:[]},&quot;cards_row_gap_mobile&quot;:{&quot;unit&quot;:&quot;px&quot;,&quot;size&quot;:&quot;&quot;,&quot;sizes&quot;:[]}}\" data-widget_type=\"posts.cards\">\n\t\t\t\t<div class=\"elementor-widget-container\">\n\t\t\t\t\t\t\t<div class=\"elementor-posts-container elementor-posts elementor-posts--skin-cards elementor-grid\">\n\t\t\t\t<article class=\"elementor-post elementor-grid-item post-3330 support_formation type-support_formation status-publish has-post-thumbnail hentry category-categ-archives-start-disci-lead-form category-categ-startkits category-startkit_gr_4\">\n\t\t\t<div class=\"elementor-post__card\">\n\t\t\t\t<a class=\"elementor-post__thumbnail__link\" href=\"https:\/\/disciplesenmission.ch\/it\/support_formation\/les-millenaux-sont-prets-a-en-vouloir-plus\/\" tabindex=\"-1\" target=\"_blank\"><div class=\"elementor-post__thumbnail\"><img fetchpriority=\"high\" decoding=\"async\" width=\"300\" height=\"200\" src=\"https:\/\/disciplesenmission.ch\/wp-content\/uploads\/2022\/10\/brainstorming-with-documents-on-table-startup-business-crew-working--300x200.jpg\" class=\"attachment-medium size-medium wp-image-3331\" alt=\"Brainstorming with documents on table. Startup business crew working.\" srcset=\"https:\/\/disciplesenmission.ch\/wp-content\/uploads\/2022\/10\/brainstorming-with-documents-on-table-startup-business-crew-working--300x200.jpg 300w, https:\/\/disciplesenmission.ch\/wp-content\/uploads\/2022\/10\/brainstorming-with-documents-on-table-startup-business-crew-working--1024x683.jpg 1024w, https:\/\/disciplesenmission.ch\/wp-content\/uploads\/2022\/10\/brainstorming-with-documents-on-table-startup-business-crew-working--768x512.jpg 768w, https:\/\/disciplesenmission.ch\/wp-content\/uploads\/2022\/10\/brainstorming-with-documents-on-table-startup-business-crew-working--1536x1025.jpg 1536w, https:\/\/disciplesenmission.ch\/wp-content\/uploads\/2022\/10\/brainstorming-with-documents-on-table-startup-business-crew-working-.jpg 2000w\" sizes=\"(max-width: 300px) 100vw, 300px\" \/><\/div><\/a>\n\t\t\t\t<div class=\"elementor-post__text\">\n\t\t\t\t<h3 class=\"elementor-post__title\">\n\t\t\t<a href=\"https:\/\/disciplesenmission.ch\/it\/support_formation\/les-millenaux-sont-prets-a-en-vouloir-plus\/\" target=\"&quot;_blank&quot;\">\n\t\t\t\tLes mill\u00e9naux sont pr\u00eats \u00e0 en vouloir plus\t\t\t<\/a>\n\t\t<\/h3>\n\t\t\t\t<div class=\"elementor-post__excerpt\">\n\t\t\t<p>Comment un minist\u00e8re universitaire met la barre plus haut et forme des disciples. Les \u00e9tudiants chr\u00e9tiens qui fr\u00e9quentent des \u00e9coles la\u00efques peuvent se sentir seuls et d\u00e9pass\u00e9s par ceux qui<\/p>\n\t\t<\/div>\n\t\t\n\t\t<a class=\"elementor-post__read-more\" href=\"https:\/\/disciplesenmission.ch\/it\/support_formation\/les-millenaux-sont-prets-a-en-vouloir-plus\/\" aria-label=\"Read more about Les mill\u00e9naux sont pr\u00eats \u00e0 en vouloir plus\" tabindex=\"-1\" target=\"_blank\">\n\t\t\tPer saperne di pi\u00f9 &gt;&gt;\t\t<\/a>\n\n\t\t\t\t<\/div>\n\t\t\t\t<div class=\"elementor-post__meta-data\">\n\t\t\t\t\t<span class=\"elementor-post-date\">\n\t\t\t28 Ottobre 2022\t\t<\/span>\n\t\t\t\t<span class=\"elementor-post-avatar\">\n\t\t\tNessun commento\t\t<\/span>\n\t\t\t\t<\/div>\n\t\t\t\t\t<\/div>\n\t\t<\/article>\n\t\t\t\t<article class=\"elementor-post elementor-grid-item post-3319 support_formation type-support_formation status-publish has-post-thumbnail hentry category-categ-archives-start-disci-lead-form category-categ-startkits category-startkit_gr_4\">\n\t\t\t<div class=\"elementor-post__card\">\n\t\t\t\t<a class=\"elementor-post__thumbnail__link\" href=\"https:\/\/disciplesenmission.ch\/it\/support_formation\/un-marketing-efficace-pour-le-ministere-des-petits-groupes\/\" tabindex=\"-1\" target=\"_blank\"><div class=\"elementor-post__thumbnail\"><img decoding=\"async\" width=\"300\" height=\"200\" src=\"https:\/\/disciplesenmission.ch\/wp-content\/uploads\/2022\/10\/asian-business-adviser-meeting-to-analyze-and-discuss-the-situation-on-the-financial-report-in-the-300x200.jpg\" class=\"attachment-medium size-medium wp-image-3320\" alt=\"Asian business adviser meeting to analyze and discuss the situation on the financial report in the\" srcset=\"https:\/\/disciplesenmission.ch\/wp-content\/uploads\/2022\/10\/asian-business-adviser-meeting-to-analyze-and-discuss-the-situation-on-the-financial-report-in-the-300x200.jpg 300w, https:\/\/disciplesenmission.ch\/wp-content\/uploads\/2022\/10\/asian-business-adviser-meeting-to-analyze-and-discuss-the-situation-on-the-financial-report-in-the-1024x682.jpg 1024w, https:\/\/disciplesenmission.ch\/wp-content\/uploads\/2022\/10\/asian-business-adviser-meeting-to-analyze-and-discuss-the-situation-on-the-financial-report-in-the-768x512.jpg 768w, https:\/\/disciplesenmission.ch\/wp-content\/uploads\/2022\/10\/asian-business-adviser-meeting-to-analyze-and-discuss-the-situation-on-the-financial-report-in-the-1536x1024.jpg 1536w, https:\/\/disciplesenmission.ch\/wp-content\/uploads\/2022\/10\/asian-business-adviser-meeting-to-analyze-and-discuss-the-situation-on-the-financial-report-in-the.jpg 2000w\" sizes=\"(max-width: 300px) 100vw, 300px\" \/><\/div><\/a>\n\t\t\t\t<div class=\"elementor-post__text\">\n\t\t\t\t<h3 class=\"elementor-post__title\">\n\t\t\t<a href=\"https:\/\/disciplesenmission.ch\/it\/support_formation\/un-marketing-efficace-pour-le-ministere-des-petits-groupes\/\" target=\"&quot;_blank&quot;\">\n\t\t\t\tUn marketing efficace pour le minist\u00e8re des petits groupes\t\t\t<\/a>\n\t\t<\/h3>\n\t\t\t\t<div class=\"elementor-post__excerpt\">\n\t\t\t<p>\u00a0Quatre fa\u00e7ons d&rsquo;attirer davantage de personnes dans les petits groupes Les petits groupes sont l&rsquo;un des meilleurs outils du minist\u00e8re dont nous disposons. Ils offrent des possibilit\u00e9s de croissance spirituelle<\/p>\n\t\t<\/div>\n\t\t\n\t\t<a class=\"elementor-post__read-more\" href=\"https:\/\/disciplesenmission.ch\/it\/support_formation\/un-marketing-efficace-pour-le-ministere-des-petits-groupes\/\" aria-label=\"Read more about Un marketing efficace pour le minist\u00e8re des petits groupes\" tabindex=\"-1\" target=\"_blank\">\n\t\t\tPer saperne di pi\u00f9 &gt;&gt;\t\t<\/a>\n\n\t\t\t\t<\/div>\n\t\t\t\t<div class=\"elementor-post__meta-data\">\n\t\t\t\t\t<span class=\"elementor-post-date\">\n\t\t\t28 Ottobre 2022\t\t<\/span>\n\t\t\t\t<span class=\"elementor-post-avatar\">\n\t\t\tNessun commento\t\t<\/span>\n\t\t\t\t<\/div>\n\t\t\t\t\t<\/div>\n\t\t<\/article>\n\t\t\t\t<article class=\"elementor-post elementor-grid-item post-3304 support_formation type-support_formation status-publish has-post-thumbnail hentry category-categ-archives-start-disci-lead-form category-categ-startkits category-startkit_gr_4\">\n\t\t\t<div class=\"elementor-post__card\">\n\t\t\t\t<a class=\"elementor-post__thumbnail__link\" href=\"https:\/\/disciplesenmission.ch\/it\/support_formation\/constituez-votre-equipe\/\" tabindex=\"-1\" target=\"_blank\"><div class=\"elementor-post__thumbnail\"><img decoding=\"async\" width=\"300\" height=\"200\" src=\"https:\/\/disciplesenmission.ch\/wp-content\/uploads\/2022\/10\/group-of-business-team-have-successful-talk-meeting-stand-in-high-rise-skyscraper-building-300x200.jpg\" class=\"attachment-medium size-medium wp-image-3305\" alt=\"Group of business team have successful talk meeting stand in high rise skyscraper building\" srcset=\"https:\/\/disciplesenmission.ch\/wp-content\/uploads\/2022\/10\/group-of-business-team-have-successful-talk-meeting-stand-in-high-rise-skyscraper-building-300x200.jpg 300w, https:\/\/disciplesenmission.ch\/wp-content\/uploads\/2022\/10\/group-of-business-team-have-successful-talk-meeting-stand-in-high-rise-skyscraper-building-1024x682.jpg 1024w, https:\/\/disciplesenmission.ch\/wp-content\/uploads\/2022\/10\/group-of-business-team-have-successful-talk-meeting-stand-in-high-rise-skyscraper-building-768x512.jpg 768w, https:\/\/disciplesenmission.ch\/wp-content\/uploads\/2022\/10\/group-of-business-team-have-successful-talk-meeting-stand-in-high-rise-skyscraper-building-1536x1024.jpg 1536w, https:\/\/disciplesenmission.ch\/wp-content\/uploads\/2022\/10\/group-of-business-team-have-successful-talk-meeting-stand-in-high-rise-skyscraper-building.jpg 2000w\" sizes=\"(max-width: 300px) 100vw, 300px\" \/><\/div><\/a>\n\t\t\t\t<div class=\"elementor-post__text\">\n\t\t\t\t<h3 class=\"elementor-post__title\">\n\t\t\t<a href=\"https:\/\/disciplesenmission.ch\/it\/support_formation\/constituez-votre-equipe\/\" target=\"&quot;_blank&quot;\">\n\t\t\t\tConstituez votre \u00e9quipe\t\t\t<\/a>\n\t\t<\/h3>\n\t\t\t\t<div class=\"elementor-post__excerpt\">\n\t\t\t<p>\u00a0Identifiez les r\u00f4les cl\u00e9s dont votre \u00e9quipe de minist\u00e8re en petit groupe a besoin. Dieu est le Dieu de la conversation \u00e9ternelle. Le P\u00e8re, le Fils et le Saint Esprit<\/p>\n\t\t<\/div>\n\t\t\n\t\t<a class=\"elementor-post__read-more\" href=\"https:\/\/disciplesenmission.ch\/it\/support_formation\/constituez-votre-equipe\/\" aria-label=\"Read more about Constituez votre \u00e9quipe\" tabindex=\"-1\" target=\"_blank\">\n\t\t\tPer saperne di pi\u00f9 &gt;&gt;\t\t<\/a>\n\n\t\t\t\t<\/div>\n\t\t\t\t<div class=\"elementor-post__meta-data\">\n\t\t\t\t\t<span class=\"elementor-post-date\">\n\t\t\t28 Ottobre 2022\t\t<\/span>\n\t\t\t\t<span class=\"elementor-post-avatar\">\n\t\t\tNessun commento\t\t<\/span>\n\t\t\t\t<\/div>\n\t\t\t\t\t<\/div>\n\t\t<\/article>\n\t\t\t\t<article class=\"elementor-post elementor-grid-item post-3270 support_formation type-support_formation status-publish has-post-thumbnail hentry category-categ-archives-start-disci-lead-form category-categ-startkits category-startkit_gr_4\">\n\t\t\t<div class=\"elementor-post__card\">\n\t\t\t\t<a class=\"elementor-post__thumbnail__link\" href=\"https:\/\/disciplesenmission.ch\/it\/support_formation\/11-ressources-pour-aider-votre-groupe-a-comprendre-la-veritable-unite\/\" tabindex=\"-1\" target=\"_blank\"><div class=\"elementor-post__thumbnail\"><img loading=\"lazy\" decoding=\"async\" width=\"300\" height=\"200\" src=\"https:\/\/disciplesenmission.ch\/wp-content\/uploads\/2022\/10\/tops-tricks-inscription-300x200.jpg\" class=\"attachment-medium size-medium wp-image-3271\" alt=\"Tops &amp;tricks inscription\" srcset=\"https:\/\/disciplesenmission.ch\/wp-content\/uploads\/2022\/10\/tops-tricks-inscription-300x200.jpg 300w, https:\/\/disciplesenmission.ch\/wp-content\/uploads\/2022\/10\/tops-tricks-inscription-1024x682.jpg 1024w, https:\/\/disciplesenmission.ch\/wp-content\/uploads\/2022\/10\/tops-tricks-inscription-768x512.jpg 768w, https:\/\/disciplesenmission.ch\/wp-content\/uploads\/2022\/10\/tops-tricks-inscription-1536x1024.jpg 1536w, https:\/\/disciplesenmission.ch\/wp-content\/uploads\/2022\/10\/tops-tricks-inscription.jpg 2000w\" sizes=\"(max-width: 300px) 100vw, 300px\" \/><\/div><\/a>\n\t\t\t\t<div class=\"elementor-post__text\">\n\t\t\t\t<h3 class=\"elementor-post__title\">\n\t\t\t<a href=\"https:\/\/disciplesenmission.ch\/it\/support_formation\/11-ressources-pour-aider-votre-groupe-a-comprendre-la-veritable-unite\/\" target=\"&quot;_blank&quot;\">\n\t\t\t\t11 ressources pour aider votre groupe \u00e0 comprendre la v\u00e9ritable unit\u00e9\t\t\t<\/a>\n\t\t<\/h3>\n\t\t\t\t<div class=\"elementor-post__excerpt\">\n\t\t\t<p>Histoires et conseils pour s&rsquo;unir dans la diversit\u00e9 Amy Jackson Non seulement la Bible affirme que l&rsquo;unit\u00e9 au milieu de la diversit\u00e9 est possible, mais elle nous appelle \u00e0 une<\/p>\n\t\t<\/div>\n\t\t\n\t\t<a class=\"elementor-post__read-more\" href=\"https:\/\/disciplesenmission.ch\/it\/support_formation\/11-ressources-pour-aider-votre-groupe-a-comprendre-la-veritable-unite\/\" aria-label=\"Read more about 11 ressources pour aider votre groupe \u00e0 comprendre la v\u00e9ritable unit\u00e9\" tabindex=\"-1\" target=\"_blank\">\n\t\t\tPer saperne di pi\u00f9 &gt;&gt;\t\t<\/a>\n\n\t\t\t\t<\/div>\n\t\t\t\t<div class=\"elementor-post__meta-data\">\n\t\t\t\t\t<span class=\"elementor-post-date\">\n\t\t\t28 Ottobre 2022\t\t<\/span>\n\t\t\t\t<span class=\"elementor-post-avatar\">\n\t\t\tNessun commento\t\t<\/span>\n\t\t\t\t<\/div>\n\t\t\t\t\t<\/div>\n\t\t<\/article>\n\t\t\t\t<\/div>\n\t\t\n\t\t\t\t\t\t<\/div>\n\t\t\t\t<\/div>\n\t\t\t\t\t<\/div>\n\t\t<\/div>\n\t\t\t\t<div class=\"elementor-column elementor-col-50 elementor-top-column elementor-element elementor-element-6aee483\" data-id=\"6aee483\" data-element_type=\"column\" data-e-type=\"column\">\n\t\t\t<div class=\"elementor-widget-wrap\">\n\t\t\t\t\t\t\t<\/div>\n\t\t<\/div>\n\t\t\t\t\t<\/div>\n\t\t<\/section>\n\t\t\t\t<\/div>","protected":false},"excerpt":{"rendered":"<p>Construire une \u00e9quipe et des valeurs \u00a0\u00a0\u00a0\u00a0\u00a0\u00a0\u00a0 Comme le rappelle l\u2019adage : \u00ab seul on va plus vite, ensemble on va plus loin \u00bb. Pour r\u00e9ussir un minist\u00e8re, il est [&hellip;]<\/p>\n","protected":false},"author":1,"featured_media":0,"parent":0,"menu_order":0,"comment_status":"closed","ping_status":"closed","template":"","meta":{"_acf_changed":false,"footnotes":""},"type_document":[],"class_list":["post-1412","page","type-page","status-publish","hentry"],"acf":[],"_links":{"self":[{"href":"https:\/\/disciplesenmission.ch\/it\/wp-json\/wp\/v2\/pages\/1412","targetHints":{"allow":["GET"]}}],"collection":[{"href":"https:\/\/disciplesenmission.ch\/it\/wp-json\/wp\/v2\/pages"}],"about":[{"href":"https:\/\/disciplesenmission.ch\/it\/wp-json\/wp\/v2\/types\/page"}],"author":[{"embeddable":true,"href":"https:\/\/disciplesenmission.ch\/it\/wp-json\/wp\/v2\/users\/1"}],"replies":[{"embeddable":true,"href":"https:\/\/disciplesenmission.ch\/it\/wp-json\/wp\/v2\/comments?post=1412"}],"version-history":[{"count":10,"href":"https:\/\/disciplesenmission.ch\/it\/wp-json\/wp\/v2\/pages\/1412\/revisions"}],"predecessor-version":[{"id":3966,"href":"https:\/\/disciplesenmission.ch\/it\/wp-json\/wp\/v2\/pages\/1412\/revisions\/3966"}],"wp:attachment":[{"href":"https:\/\/disciplesenmission.ch\/it\/wp-json\/wp\/v2\/media?parent=1412"}],"wp:term":[{"taxonomy":"type_document","embeddable":true,"href":"https:\/\/disciplesenmission.ch\/it\/wp-json\/wp\/v2\/type_document?post=1412"}],"curies":[{"name":"wp","href":"https:\/\/api.w.org\/{rel}","templated":true}]}}