{"id":1409,"date":"2022-10-16T13:24:12","date_gmt":"2022-10-16T11:24:12","guid":{"rendered":"https:\/\/disciplesenmission.ch\/?page_id=1409"},"modified":"2022-12-06T16:08:45","modified_gmt":"2022-12-06T15:08:45","slug":"startkit-gr-2-2","status":"publish","type":"page","link":"https:\/\/disciplesenmission.ch\/it\/startkit-gr-2-2\/","title":{"rendered":"Startkit GR 3"},"content":{"rendered":"<div data-elementor-type=\"wp-page\" data-elementor-id=\"1409\" class=\"elementor elementor-1409\" data-elementor-post-type=\"page\">\n\t\t\t\t\t\t<section class=\"elementor-section elementor-top-section elementor-element elementor-element-3334c8b9 elementor-section-boxed elementor-section-height-default elementor-section-height-default\" data-id=\"3334c8b9\" data-element_type=\"section\" data-e-type=\"section\">\n\t\t\t\t\t\t<div class=\"elementor-container elementor-column-gap-default\">\n\t\t\t\t\t<div class=\"elementor-column elementor-col-50 elementor-top-column elementor-element elementor-element-26259bb0\" data-id=\"26259bb0\" data-element_type=\"column\" data-e-type=\"column\">\n\t\t\t<div class=\"elementor-widget-wrap elementor-element-populated\">\n\t\t\t\t\t\t<div class=\"elementor-element elementor-element-feb7c43 elementor-widget elementor-widget-heading\" data-id=\"feb7c43\" data-element_type=\"widget\" data-e-type=\"widget\" data-widget_type=\"heading.default\">\n\t\t\t\t\t<h2 class=\"elementor-heading-title elementor-size-default\">Partager une vision et une mission claire<\/h2>\t\t\t\t<\/div>\n\t\t\t\t<div class=\"elementor-element elementor-element-99fa1fe elementor-widget elementor-widget-text-editor\" data-id=\"99fa1fe\" data-element_type=\"widget\" data-e-type=\"widget\" data-widget_type=\"text-editor.default\">\n\t\t\t\t\t\t\t\t\t<p>\u00a0\u00a0\u00a0\u00a0\u00a0\u00a0 Un minist\u00e8re de petits groupes se construit autour d\u2019une vision et d\u2019une mission claire. O\u00f9 voulez-vous arriver, et qu\u2019allez-vous mettre en place pour atteindre votre but ? L\u2019important est de communiquer clairement cette vision \u00e0 toute l\u2019\u00e9quipe afin de toujours garder le cap.<\/p>\t\t\t\t\t\t\t\t<\/div>\n\t\t\t\t<div class=\"elementor-element elementor-element-605d655a elementor-grid-3 elementor-grid-tablet-2 elementor-grid-mobile-1 elementor-posts--thumbnail-top elementor-card-shadow-yes elementor-posts__hover-gradient elementor-widget elementor-widget-posts\" data-id=\"605d655a\" data-element_type=\"widget\" data-e-type=\"widget\" data-settings=\"{&quot;pagination_type&quot;:&quot;prev_next&quot;,&quot;cards_columns&quot;:&quot;3&quot;,&quot;cards_columns_tablet&quot;:&quot;2&quot;,&quot;cards_columns_mobile&quot;:&quot;1&quot;,&quot;cards_row_gap&quot;:{&quot;unit&quot;:&quot;px&quot;,&quot;size&quot;:35,&quot;sizes&quot;:[]},&quot;cards_row_gap_tablet&quot;:{&quot;unit&quot;:&quot;px&quot;,&quot;size&quot;:&quot;&quot;,&quot;sizes&quot;:[]},&quot;cards_row_gap_mobile&quot;:{&quot;unit&quot;:&quot;px&quot;,&quot;size&quot;:&quot;&quot;,&quot;sizes&quot;:[]}}\" data-widget_type=\"posts.cards\">\n\t\t\t\t<div class=\"elementor-widget-container\">\n\t\t\t\t\t\t\t<div class=\"elementor-posts-container elementor-posts elementor-posts--skin-cards elementor-grid\">\n\t\t\t\t<article class=\"elementor-post elementor-grid-item post-3262 support_formation type-support_formation status-publish has-post-thumbnail hentry category-categ-archives-start-disci-lead-form category-categ-startkits category-startkit_gr_3\">\n\t\t\t<div class=\"elementor-post__card\">\n\t\t\t\t<a class=\"elementor-post__thumbnail__link\" href=\"https:\/\/disciplesenmission.ch\/it\/support_formation\/creez-une-vision-realiste\/\" tabindex=\"-1\" target=\"_blank\"><div class=\"elementor-post__thumbnail\"><img fetchpriority=\"high\" decoding=\"async\" width=\"300\" height=\"200\" src=\"https:\/\/disciplesenmission.ch\/wp-content\/uploads\/2022\/10\/mental-health-concept-girl-female-holding-her-hands-in-the-air-at-sunset-with-bright-light-on-head--300x200.jpg\" class=\"attachment-medium size-medium wp-image-3263\" alt=\"Mental health concept, Girl female holding her hands in the air at sunset with bright light on head.\" srcset=\"https:\/\/disciplesenmission.ch\/wp-content\/uploads\/2022\/10\/mental-health-concept-girl-female-holding-her-hands-in-the-air-at-sunset-with-bright-light-on-head--300x200.jpg 300w, https:\/\/disciplesenmission.ch\/wp-content\/uploads\/2022\/10\/mental-health-concept-girl-female-holding-her-hands-in-the-air-at-sunset-with-bright-light-on-head--1024x682.jpg 1024w, https:\/\/disciplesenmission.ch\/wp-content\/uploads\/2022\/10\/mental-health-concept-girl-female-holding-her-hands-in-the-air-at-sunset-with-bright-light-on-head--768x512.jpg 768w, https:\/\/disciplesenmission.ch\/wp-content\/uploads\/2022\/10\/mental-health-concept-girl-female-holding-her-hands-in-the-air-at-sunset-with-bright-light-on-head--1536x1024.jpg 1536w, https:\/\/disciplesenmission.ch\/wp-content\/uploads\/2022\/10\/mental-health-concept-girl-female-holding-her-hands-in-the-air-at-sunset-with-bright-light-on-head-.jpg 2000w\" sizes=\"(max-width: 300px) 100vw, 300px\" \/><\/div><\/a>\n\t\t\t\t<div class=\"elementor-post__text\">\n\t\t\t\t<h3 class=\"elementor-post__title\">\n\t\t\t<a href=\"https:\/\/disciplesenmission.ch\/it\/support_formation\/creez-une-vision-realiste\/\" target=\"&quot;_blank&quot;\">\n\t\t\t\tCr\u00e9ez une vision r\u00e9aliste\t\t\t<\/a>\n\t\t<\/h3>\n\t\t\t\t<div class=\"elementor-post__excerpt\">\n\t\t\t<p>&nbsp;&nbsp;&nbsp;&nbsp;&nbsp;&nbsp;&nbsp;&nbsp; Prenez en compte le contexte, la culture et l&rsquo;histoire de votre \u00e9glise. Il n&rsquo;y a pas si longtemps, un de mes amis m&rsquo;a racont\u00e9 avec enthousiasme son voyage \u00e0<\/p>\n\t\t<\/div>\n\t\t\n\t\t<a class=\"elementor-post__read-more\" href=\"https:\/\/disciplesenmission.ch\/it\/support_formation\/creez-une-vision-realiste\/\" aria-label=\"Read more about Cr\u00e9ez une vision r\u00e9aliste\" tabindex=\"-1\" target=\"_blank\">\n\t\t\tPer saperne di pi\u00f9 &gt;&gt;\t\t<\/a>\n\n\t\t\t\t<\/div>\n\t\t\t\t<div class=\"elementor-post__meta-data\">\n\t\t\t\t\t<span class=\"elementor-post-date\">\n\t\t\t28 Ottobre 2022\t\t<\/span>\n\t\t\t\t<span class=\"elementor-post-avatar\">\n\t\t\tNessun commento\t\t<\/span>\n\t\t\t\t<\/div>\n\t\t\t\t\t<\/div>\n\t\t<\/article>\n\t\t\t\t<\/div>\n\t\t\n\t\t\t\t\t\t<\/div>\n\t\t\t\t<\/div>\n\t\t\t\t\t<\/div>\n\t\t<\/div>\n\t\t\t\t<div class=\"elementor-column elementor-col-50 elementor-top-column elementor-element elementor-element-54588721\" data-id=\"54588721\" data-element_type=\"column\" data-e-type=\"column\">\n\t\t\t<div class=\"elementor-widget-wrap\">\n\t\t\t\t\t\t\t<\/div>\n\t\t<\/div>\n\t\t\t\t\t<\/div>\n\t\t<\/section>\n\t\t\t\t<\/div>","protected":false},"excerpt":{"rendered":"<p>Partager une vision et une mission claire \u00a0\u00a0\u00a0\u00a0\u00a0\u00a0 Un minist\u00e8re de petits groupes se construit autour d\u2019une vision et d\u2019une mission claire. O\u00f9 voulez-vous arriver, et qu\u2019allez-vous mettre en place [&hellip;]<\/p>\n","protected":false},"author":1,"featured_media":0,"parent":0,"menu_order":0,"comment_status":"closed","ping_status":"closed","template":"","meta":{"_acf_changed":false,"footnotes":""},"type_document":[],"class_list":["post-1409","page","type-page","status-publish","hentry"],"acf":[],"_links":{"self":[{"href":"https:\/\/disciplesenmission.ch\/it\/wp-json\/wp\/v2\/pages\/1409","targetHints":{"allow":["GET"]}}],"collection":[{"href":"https:\/\/disciplesenmission.ch\/it\/wp-json\/wp\/v2\/pages"}],"about":[{"href":"https:\/\/disciplesenmission.ch\/it\/wp-json\/wp\/v2\/types\/page"}],"author":[{"embeddable":true,"href":"https:\/\/disciplesenmission.ch\/it\/wp-json\/wp\/v2\/users\/1"}],"replies":[{"embeddable":true,"href":"https:\/\/disciplesenmission.ch\/it\/wp-json\/wp\/v2\/comments?post=1409"}],"version-history":[{"count":17,"href":"https:\/\/disciplesenmission.ch\/it\/wp-json\/wp\/v2\/pages\/1409\/revisions"}],"predecessor-version":[{"id":3954,"href":"https:\/\/disciplesenmission.ch\/it\/wp-json\/wp\/v2\/pages\/1409\/revisions\/3954"}],"wp:attachment":[{"href":"https:\/\/disciplesenmission.ch\/it\/wp-json\/wp\/v2\/media?parent=1409"}],"wp:term":[{"taxonomy":"type_document","embeddable":true,"href":"https:\/\/disciplesenmission.ch\/it\/wp-json\/wp\/v2\/type_document?post=1409"}],"curies":[{"name":"wp","href":"https:\/\/api.w.org\/{rel}","templated":true}]}}