{"id":1407,"date":"2022-10-16T13:23:50","date_gmt":"2022-10-16T11:23:50","guid":{"rendered":"https:\/\/disciplesenmission.ch\/?page_id=1407"},"modified":"2022-12-13T13:14:51","modified_gmt":"2022-12-13T12:14:51","slug":"startkit-gr-2","status":"publish","type":"page","link":"https:\/\/disciplesenmission.ch\/it\/startkit-gr-2\/","title":{"rendered":"Startkit GR 2"},"content":{"rendered":"<div data-elementor-type=\"wp-page\" data-elementor-id=\"1407\" class=\"elementor elementor-1407\" data-elementor-post-type=\"page\">\n\t\t\t\t\t\t<section class=\"elementor-section elementor-top-section elementor-element elementor-element-6d5d407c elementor-section-boxed elementor-section-height-default elementor-section-height-default\" data-id=\"6d5d407c\" data-element_type=\"section\" data-e-type=\"section\">\n\t\t\t\t\t\t<div class=\"elementor-container elementor-column-gap-default\">\n\t\t\t\t\t<div class=\"elementor-column elementor-col-50 elementor-top-column elementor-element elementor-element-5f40efb\" data-id=\"5f40efb\" data-element_type=\"column\" data-e-type=\"column\">\n\t\t\t<div class=\"elementor-widget-wrap elementor-element-populated\">\n\t\t\t\t\t\t<div class=\"elementor-element elementor-element-491f2a5 elementor-widget elementor-widget-heading\" data-id=\"491f2a5\" data-element_type=\"widget\" data-e-type=\"widget\" data-widget_type=\"heading.default\">\n\t\t\t\t\t<h2 class=\"elementor-heading-title elementor-size-default\">I diversi modelli e ministeri dei piccoli gruppi<\/h2>\t\t\t\t<\/div>\n\t\t\t\t<div class=\"elementor-element elementor-element-59a094a elementor-widget elementor-widget-text-editor\" data-id=\"59a094a\" data-element_type=\"widget\" data-e-type=\"widget\" data-widget_type=\"text-editor.default\">\n\t\t\t\t\t\t\t\t\t<p>\u00a0\u00a0\u00a0\u00a0\u00a0\u00a0\u00a0 Il existe plusieurs mod\u00e8les de petits groupes et plusieurs types de minist\u00e8res. Nous voulons vous aider \u00e0 d\u00e9couvrir le minist\u00e8re et le mod\u00e8le de petits groupes qui correspondent le mieux \u00e0 votre profil, \u00e0 vos dons, et au contexte o\u00f9 vous vivez.<\/p>\t\t\t\t\t\t\t\t<\/div>\n\t\t\t\t<div class=\"elementor-element elementor-element-63cf25f4 elementor-grid-3 elementor-grid-tablet-2 elementor-grid-mobile-1 elementor-posts--thumbnail-top elementor-card-shadow-yes elementor-posts__hover-gradient elementor-widget elementor-widget-posts\" data-id=\"63cf25f4\" data-element_type=\"widget\" data-e-type=\"widget\" data-settings=\"{&quot;pagination_type&quot;:&quot;prev_next&quot;,&quot;cards_columns&quot;:&quot;3&quot;,&quot;cards_columns_tablet&quot;:&quot;2&quot;,&quot;cards_columns_mobile&quot;:&quot;1&quot;,&quot;cards_row_gap&quot;:{&quot;unit&quot;:&quot;px&quot;,&quot;size&quot;:35,&quot;sizes&quot;:[]},&quot;cards_row_gap_tablet&quot;:{&quot;unit&quot;:&quot;px&quot;,&quot;size&quot;:&quot;&quot;,&quot;sizes&quot;:[]},&quot;cards_row_gap_mobile&quot;:{&quot;unit&quot;:&quot;px&quot;,&quot;size&quot;:&quot;&quot;,&quot;sizes&quot;:[]}}\" data-widget_type=\"posts.cards\">\n\t\t\t\t<div class=\"elementor-widget-container\">\n\t\t\t\t\t\t\t<div class=\"elementor-posts-container elementor-posts elementor-posts--skin-cards elementor-grid\">\n\t\t\t\t<article class=\"elementor-post elementor-grid-item post-4244 support_formation type-support_formation status-publish has-post-thumbnail hentry category-categ-archives-start-disci-lead-form category-categ-startkits category-startkit_gr_2\">\n\t\t\t<div class=\"elementor-post__card\">\n\t\t\t\t<a class=\"elementor-post__thumbnail__link\" href=\"https:\/\/disciplesenmission.ch\/it\/support_formation\/liste-de-modeles-de-petits-groupes\/\" tabindex=\"-1\" target=\"_blank\"><div class=\"elementor-post__thumbnail\"><img fetchpriority=\"high\" decoding=\"async\" width=\"300\" height=\"200\" src=\"https:\/\/disciplesenmission.ch\/wp-content\/uploads\/2022\/10\/business-people-in-the-cafe-300x200.jpg\" class=\"attachment-medium size-medium wp-image-2949\" alt=\"Business people in the cafe\" srcset=\"https:\/\/disciplesenmission.ch\/wp-content\/uploads\/2022\/10\/business-people-in-the-cafe-300x200.jpg 300w, https:\/\/disciplesenmission.ch\/wp-content\/uploads\/2022\/10\/business-people-in-the-cafe-1024x684.jpg 1024w, https:\/\/disciplesenmission.ch\/wp-content\/uploads\/2022\/10\/business-people-in-the-cafe-768x513.jpg 768w, https:\/\/disciplesenmission.ch\/wp-content\/uploads\/2022\/10\/business-people-in-the-cafe-1536x1025.jpg 1536w, https:\/\/disciplesenmission.ch\/wp-content\/uploads\/2022\/10\/business-people-in-the-cafe.jpg 2000w\" sizes=\"(max-width: 300px) 100vw, 300px\" \/><\/div><\/a>\n\t\t\t\t<div class=\"elementor-post__text\">\n\t\t\t\t<h3 class=\"elementor-post__title\">\n\t\t\t<a href=\"https:\/\/disciplesenmission.ch\/it\/support_formation\/liste-de-modeles-de-petits-groupes\/\" target=\"&quot;_blank&quot;\">\n\t\t\t\tListe de mod\u00e8les de petits groupes\t\t\t<\/a>\n\t\t<\/h3>\n\t\t\t\t<div class=\"elementor-post__excerpt\">\n\t\t\t<p>Veuillez trouver le document ici 1\u00e8re CAT\u00c9GORIE : LE MINIST\u00c8RE BIBLIQUE &amp; SPIRITUEL 2\u00e8me CAT\u00c9GORIE : LE MINIST\u00c8RE DE SANT\u00c9 (PHYSIQUE, PSYCHOLOGIQUE, MENTALE&#8230;) 3\u00e8me CAT\u00c9GORIE : LE MINIST\u00c8RE SOCIAL 4\u00e8me<\/p>\n\t\t<\/div>\n\t\t\n\t\t<a class=\"elementor-post__read-more\" href=\"https:\/\/disciplesenmission.ch\/it\/support_formation\/liste-de-modeles-de-petits-groupes\/\" aria-label=\"Read more about Liste de mod\u00e8les de petits groupes\" tabindex=\"-1\" target=\"_blank\">\n\t\t\tPer saperne di pi\u00f9 &gt;&gt;\t\t<\/a>\n\n\t\t\t\t<\/div>\n\t\t\t\t<div class=\"elementor-post__meta-data\">\n\t\t\t\t\t<span class=\"elementor-post-date\">\n\t\t\t13 Dicembre 2022\t\t<\/span>\n\t\t\t\t<span class=\"elementor-post-avatar\">\n\t\t\tNessun commento\t\t<\/span>\n\t\t\t\t<\/div>\n\t\t\t\t\t<\/div>\n\t\t<\/article>\n\t\t\t\t<\/div>\n\t\t\n\t\t\t\t\t\t<\/div>\n\t\t\t\t<\/div>\n\t\t\t\t\t<\/div>\n\t\t<\/div>\n\t\t\t\t<div class=\"elementor-column elementor-col-50 elementor-top-column elementor-element elementor-element-6baadf73\" data-id=\"6baadf73\" data-element_type=\"column\" data-e-type=\"column\">\n\t\t\t<div class=\"elementor-widget-wrap\">\n\t\t\t\t\t\t\t<\/div>\n\t\t<\/div>\n\t\t\t\t\t<\/div>\n\t\t<\/section>\n\t\t\t\t<\/div>","protected":false},"excerpt":{"rendered":"<p>Les diff\u00e9rents mod\u00e8les et minist\u00e8res de petits groupes \u00a0\u00a0\u00a0\u00a0\u00a0\u00a0\u00a0 Il existe plusieurs mod\u00e8les de petits groupes et plusieurs types de minist\u00e8res. Nous voulons vous aider \u00e0 d\u00e9couvrir le minist\u00e8re et [&hellip;]<\/p>\n","protected":false},"author":1,"featured_media":0,"parent":0,"menu_order":0,"comment_status":"closed","ping_status":"closed","template":"","meta":{"_acf_changed":false,"footnotes":""},"type_document":[],"class_list":["post-1407","page","type-page","status-publish","hentry"],"acf":[],"_links":{"self":[{"href":"https:\/\/disciplesenmission.ch\/it\/wp-json\/wp\/v2\/pages\/1407","targetHints":{"allow":["GET"]}}],"collection":[{"href":"https:\/\/disciplesenmission.ch\/it\/wp-json\/wp\/v2\/pages"}],"about":[{"href":"https:\/\/disciplesenmission.ch\/it\/wp-json\/wp\/v2\/types\/page"}],"author":[{"embeddable":true,"href":"https:\/\/disciplesenmission.ch\/it\/wp-json\/wp\/v2\/users\/1"}],"replies":[{"embeddable":true,"href":"https:\/\/disciplesenmission.ch\/it\/wp-json\/wp\/v2\/comments?post=1407"}],"version-history":[{"count":22,"href":"https:\/\/disciplesenmission.ch\/it\/wp-json\/wp\/v2\/pages\/1407\/revisions"}],"predecessor-version":[{"id":4259,"href":"https:\/\/disciplesenmission.ch\/it\/wp-json\/wp\/v2\/pages\/1407\/revisions\/4259"}],"wp:attachment":[{"href":"https:\/\/disciplesenmission.ch\/it\/wp-json\/wp\/v2\/media?parent=1407"}],"wp:term":[{"taxonomy":"type_document","embeddable":true,"href":"https:\/\/disciplesenmission.ch\/it\/wp-json\/wp\/v2\/type_document?post=1407"}],"curies":[{"name":"wp","href":"https:\/\/api.w.org\/{rel}","templated":true}]}}