{"id":1405,"date":"2022-10-16T13:23:19","date_gmt":"2022-10-16T11:23:19","guid":{"rendered":"https:\/\/disciplesenmission.ch\/?page_id=1405"},"modified":"2022-12-06T22:07:51","modified_gmt":"2022-12-06T21:07:51","slug":"startkit-gr-1","status":"publish","type":"page","link":"https:\/\/disciplesenmission.ch\/it\/startkit-gr-1\/","title":{"rendered":"Startkit GR 1"},"content":{"rendered":"<div data-elementor-type=\"wp-page\" data-elementor-id=\"1405\" class=\"elementor elementor-1405\" data-elementor-post-type=\"page\">\n\t\t\t\t\t\t<section class=\"elementor-section elementor-top-section elementor-element elementor-element-901446b elementor-section-boxed elementor-section-height-default elementor-section-height-default\" data-id=\"901446b\" data-element_type=\"section\" data-e-type=\"section\">\n\t\t\t\t\t\t<div class=\"elementor-container elementor-column-gap-default\">\n\t\t\t\t\t<div class=\"elementor-column elementor-col-50 elementor-top-column elementor-element elementor-element-66cffe9\" data-id=\"66cffe9\" data-element_type=\"column\" data-e-type=\"column\">\n\t\t\t<div class=\"elementor-widget-wrap elementor-element-populated\">\n\t\t\t\t\t\t<div class=\"elementor-element elementor-element-50c2987 elementor-widget elementor-widget-heading\" data-id=\"50c2987\" data-element_type=\"widget\" data-e-type=\"widget\" data-widget_type=\"heading.default\">\n\t\t\t\t\t<h2 class=\"elementor-heading-title elementor-size-default\">Pourquoi les petits groupes\u00a0?<\/h2>\t\t\t\t<\/div>\n\t\t\t\t<div class=\"elementor-element elementor-element-4534378 elementor-widget elementor-widget-text-editor\" data-id=\"4534378\" data-element_type=\"widget\" data-e-type=\"widget\" data-widget_type=\"text-editor.default\">\n\t\t\t\t\t\t\t\t\t<p>\u00a0\u00a0\u00a0\u00a0\u00a0\u00a0\u00a0\u00a0 Qu\u2019est-ce qui rend les minist\u00e8res de petits groupes si pertinents et si importants ? Red\u00e9couvrez ses fondements bibliques et th\u00e9ologiques, et comment l\u2019\u00e9glise chr\u00e9tienne s\u2019est d\u00e9velopp\u00e9e partout dans le monde \u00e0 travers ses minist\u00e8res d\u2019hospitalit\u00e9 dans les foyers et de service aupr\u00e8s de la communaut\u00e9. Nous vous aiderons \u00e0 comprendre ce qui en faisaient leur force et leur efficacit\u00e9.<\/p>\t\t\t\t\t\t\t\t<\/div>\n\t\t\t\t<div class=\"elementor-element elementor-element-4c68cde elementor-grid-3 elementor-grid-tablet-2 elementor-grid-mobile-1 elementor-posts--thumbnail-top elementor-card-shadow-yes elementor-posts__hover-gradient elementor-widget elementor-widget-posts\" data-id=\"4c68cde\" data-element_type=\"widget\" data-e-type=\"widget\" data-settings=\"{&quot;pagination_type&quot;:&quot;prev_next&quot;,&quot;cards_columns&quot;:&quot;3&quot;,&quot;cards_columns_tablet&quot;:&quot;2&quot;,&quot;cards_columns_mobile&quot;:&quot;1&quot;,&quot;cards_row_gap&quot;:{&quot;unit&quot;:&quot;px&quot;,&quot;size&quot;:35,&quot;sizes&quot;:[]},&quot;cards_row_gap_tablet&quot;:{&quot;unit&quot;:&quot;px&quot;,&quot;size&quot;:&quot;&quot;,&quot;sizes&quot;:[]},&quot;cards_row_gap_mobile&quot;:{&quot;unit&quot;:&quot;px&quot;,&quot;size&quot;:&quot;&quot;,&quot;sizes&quot;:[]}}\" data-widget_type=\"posts.cards\">\n\t\t\t\t<div class=\"elementor-widget-container\">\n\t\t\t\t\t\t\t<div class=\"elementor-posts-container elementor-posts elementor-posts--skin-cards elementor-grid\">\n\t\t\t\t<article class=\"elementor-post elementor-grid-item post-2938 support_formation type-support_formation status-publish has-post-thumbnail hentry category-categ-archives-start-disci-lead-form category-categ-startkits category-startkit_gr_1\">\n\t\t\t<div class=\"elementor-post__card\">\n\t\t\t\t<a class=\"elementor-post__thumbnail__link\" href=\"https:\/\/disciplesenmission.ch\/it\/support_formation\/pourquoi-des-petits-groupes\/\" tabindex=\"-1\" target=\"_blank\"><div class=\"elementor-post__thumbnail\"><img fetchpriority=\"high\" decoding=\"async\" width=\"800\" height=\"533\" src=\"https:\/\/disciplesenmission.ch\/wp-content\/uploads\/2022\/10\/unity-concept-colleagues-building-tower-from-fists-1024x682.jpg\" class=\"attachment-large size-large wp-image-2939\" alt=\"Unity concept. Colleagues building tower from fists\" srcset=\"https:\/\/disciplesenmission.ch\/wp-content\/uploads\/2022\/10\/unity-concept-colleagues-building-tower-from-fists-1024x682.jpg 1024w, https:\/\/disciplesenmission.ch\/wp-content\/uploads\/2022\/10\/unity-concept-colleagues-building-tower-from-fists-300x200.jpg 300w, https:\/\/disciplesenmission.ch\/wp-content\/uploads\/2022\/10\/unity-concept-colleagues-building-tower-from-fists-768x512.jpg 768w, https:\/\/disciplesenmission.ch\/wp-content\/uploads\/2022\/10\/unity-concept-colleagues-building-tower-from-fists-1536x1024.jpg 1536w, https:\/\/disciplesenmission.ch\/wp-content\/uploads\/2022\/10\/unity-concept-colleagues-building-tower-from-fists.jpg 2000w\" sizes=\"(max-width: 800px) 100vw, 800px\" \/><\/div><\/a>\n\t\t\t\t<div class=\"elementor-post__text\">\n\t\t\t\t<h3 class=\"elementor-post__title\">\n\t\t\t<a href=\"https:\/\/disciplesenmission.ch\/it\/support_formation\/pourquoi-des-petits-groupes\/\" target=\"&quot;_blank&quot;\">\n\t\t\t\tPerch\u00e9 i piccoli gruppi\t\t\t<\/a>\n\t\t<\/h3>\n\t\t\t\t<div class=\"elementor-post__excerpt\">\n\t\t\t<p>\u00a0 La raison d&rsquo;\u00eatre de la communaut\u00e9 chr\u00e9tienne intentionnelle. Les \u00e9glises utilisent toutes sortes de noms pour les petits groupes &#8211; groupes de vie, groupes<\/p>\n\t\t<\/div>\n\t\t\n\t\t<a class=\"elementor-post__read-more\" href=\"https:\/\/disciplesenmission.ch\/it\/support_formation\/pourquoi-des-petits-groupes\/\" aria-label=\"Read more about Pourquoi des petits groupes ?\" tabindex=\"-1\" target=\"_blank\">\n\t\t\tPer saperne di pi\u00f9 &gt;&gt;\t\t<\/a>\n\n\t\t\t\t<\/div>\n\t\t\t\t<div class=\"elementor-post__meta-data\">\n\t\t\t\t\t<span class=\"elementor-post-date\">\n\t\t\t27 Ottobre 2022\t\t<\/span>\n\t\t\t\t<span class=\"elementor-post-avatar\">\n\t\t\tNessun commento\t\t<\/span>\n\t\t\t\t<\/div>\n\t\t\t\t\t<\/div>\n\t\t<\/article>\n\t\t\t\t<article class=\"elementor-post elementor-grid-item post-2927 support_formation type-support_formation status-publish has-post-thumbnail hentry category-categ-archives-start-disci-lead-form category-categ-startkits category-startkit_gr_1\">\n\t\t\t<div class=\"elementor-post__card\">\n\t\t\t\t<a class=\"elementor-post__thumbnail__link\" href=\"https:\/\/disciplesenmission.ch\/it\/support_formation\/a-quoi-ressemblait-leglise-du-nouveau-testament\/\" tabindex=\"-1\" target=\"_blank\"><div class=\"elementor-post__thumbnail\"><img decoding=\"async\" width=\"800\" height=\"534\" src=\"https:\/\/disciplesenmission.ch\/wp-content\/uploads\/2022\/10\/barmitzvah-man-with-reading-torah-scrolls-near-bar-mitzva-in-the-jewish-torah-1024x683.jpg\" class=\"attachment-large size-large wp-image-2928\" alt=\"Barmitzvah man with reading Torah scrolls near Bar Mitzva in the Jewish Torah\" srcset=\"https:\/\/disciplesenmission.ch\/wp-content\/uploads\/2022\/10\/barmitzvah-man-with-reading-torah-scrolls-near-bar-mitzva-in-the-jewish-torah-1024x683.jpg 1024w, https:\/\/disciplesenmission.ch\/wp-content\/uploads\/2022\/10\/barmitzvah-man-with-reading-torah-scrolls-near-bar-mitzva-in-the-jewish-torah-300x200.jpg 300w, https:\/\/disciplesenmission.ch\/wp-content\/uploads\/2022\/10\/barmitzvah-man-with-reading-torah-scrolls-near-bar-mitzva-in-the-jewish-torah-768x512.jpg 768w, https:\/\/disciplesenmission.ch\/wp-content\/uploads\/2022\/10\/barmitzvah-man-with-reading-torah-scrolls-near-bar-mitzva-in-the-jewish-torah-1536x1025.jpg 1536w, https:\/\/disciplesenmission.ch\/wp-content\/uploads\/2022\/10\/barmitzvah-man-with-reading-torah-scrolls-near-bar-mitzva-in-the-jewish-torah.jpg 2000w\" sizes=\"(max-width: 800px) 100vw, 800px\" \/><\/div><\/a>\n\t\t\t\t<div class=\"elementor-post__text\">\n\t\t\t\t<h3 class=\"elementor-post__title\">\n\t\t\t<a href=\"https:\/\/disciplesenmission.ch\/it\/support_formation\/a-quoi-ressemblait-leglise-du-nouveau-testament\/\" target=\"&quot;_blank&quot;\">\n\t\t\t\t\u00c0 quoi ressemblait l&rsquo;\u00c9glise du Nouveau Testament ?\t\t\t<\/a>\n\t\t<\/h3>\n\t\t\t\t<div class=\"elementor-post__excerpt\">\n\t\t\t<p>&nbsp; Les \u00e9glises de maison d&rsquo;Actes 2 ont beaucoup \u00e0 apprendre aux petits groupes d&rsquo;aujourd&rsquo;hui. Nous citons souvent Actes 2 lorsque nous parlons du type<\/p>\n\t\t<\/div>\n\t\t\n\t\t<a class=\"elementor-post__read-more\" href=\"https:\/\/disciplesenmission.ch\/it\/support_formation\/a-quoi-ressemblait-leglise-du-nouveau-testament\/\" aria-label=\"Read more about \u00c0 quoi ressemblait l&rsquo;\u00c9glise du Nouveau Testament ?\" tabindex=\"-1\" target=\"_blank\">\n\t\t\tPer saperne di pi\u00f9 &gt;&gt;\t\t<\/a>\n\n\t\t\t\t<\/div>\n\t\t\t\t<div class=\"elementor-post__meta-data\">\n\t\t\t\t\t<span class=\"elementor-post-date\">\n\t\t\t27 Ottobre 2022\t\t<\/span>\n\t\t\t\t<span class=\"elementor-post-avatar\">\n\t\t\tNessun commento\t\t<\/span>\n\t\t\t\t<\/div>\n\t\t\t\t\t<\/div>\n\t\t<\/article>\n\t\t\t\t<article class=\"elementor-post elementor-grid-item post-2896 support_formation type-support_formation status-publish has-post-thumbnail hentry category-categ-archives-start-disci-lead-form category-categ-startkits category-startkit_gr_1\">\n\t\t\t<div class=\"elementor-post__card\">\n\t\t\t\t<a class=\"elementor-post__thumbnail__link\" href=\"https:\/\/disciplesenmission.ch\/it\/support_formation\/5-facons-de-motiver-les-gens-a-rejoindre-des-petits-groupes\/\" tabindex=\"-1\" target=\"_blank\"><div class=\"elementor-post__thumbnail\"><img decoding=\"async\" width=\"800\" height=\"533\" src=\"https:\/\/disciplesenmission.ch\/wp-content\/uploads\/2022\/10\/group-of-students-having-a-good-time-together-cheerfully-celebrating-happy-and-motivated--1024x682.jpg\" class=\"attachment-large size-large wp-image-2898\" alt=\"Group of students having a good time together, cheerfully celebrating, happy and motivated.\" srcset=\"https:\/\/disciplesenmission.ch\/wp-content\/uploads\/2022\/10\/group-of-students-having-a-good-time-together-cheerfully-celebrating-happy-and-motivated--1024x682.jpg 1024w, https:\/\/disciplesenmission.ch\/wp-content\/uploads\/2022\/10\/group-of-students-having-a-good-time-together-cheerfully-celebrating-happy-and-motivated--300x200.jpg 300w, https:\/\/disciplesenmission.ch\/wp-content\/uploads\/2022\/10\/group-of-students-having-a-good-time-together-cheerfully-celebrating-happy-and-motivated--768x512.jpg 768w, https:\/\/disciplesenmission.ch\/wp-content\/uploads\/2022\/10\/group-of-students-having-a-good-time-together-cheerfully-celebrating-happy-and-motivated--1536x1024.jpg 1536w, https:\/\/disciplesenmission.ch\/wp-content\/uploads\/2022\/10\/group-of-students-having-a-good-time-together-cheerfully-celebrating-happy-and-motivated-.jpg 2000w\" sizes=\"(max-width: 800px) 100vw, 800px\" \/><\/div><\/a>\n\t\t\t\t<div class=\"elementor-post__text\">\n\t\t\t\t<h3 class=\"elementor-post__title\">\n\t\t\t<a href=\"https:\/\/disciplesenmission.ch\/it\/support_formation\/5-facons-de-motiver-les-gens-a-rejoindre-des-petits-groupes\/\" target=\"&quot;_blank&quot;\">\n\t\t\t\t5 fa\u00e7ons de motiver les gens \u00e0 rejoindre des petits groupes\t\t\t<\/a>\n\t\t<\/h3>\n\t\t\t\t<div class=\"elementor-post__excerpt\">\n\t\t\t<p>5 fa\u00e7ons de motiver les gens \u00e0 rejoindre des petits groupes Et deux tactiques qui ne fonctionnent pas pour inciter les gens \u00e0 adh\u00e9rer et<\/p>\n\t\t<\/div>\n\t\t\n\t\t<a class=\"elementor-post__read-more\" href=\"https:\/\/disciplesenmission.ch\/it\/support_formation\/5-facons-de-motiver-les-gens-a-rejoindre-des-petits-groupes\/\" aria-label=\"Read more about 5 fa\u00e7ons de motiver les gens \u00e0 rejoindre des petits groupes\" tabindex=\"-1\" target=\"_blank\">\n\t\t\tPer saperne di pi\u00f9 &gt;&gt;\t\t<\/a>\n\n\t\t\t\t<\/div>\n\t\t\t\t<div class=\"elementor-post__meta-data\">\n\t\t\t\t\t<span class=\"elementor-post-date\">\n\t\t\t27 Ottobre 2022\t\t<\/span>\n\t\t\t\t<span class=\"elementor-post-avatar\">\n\t\t\tNessun commento\t\t<\/span>\n\t\t\t\t<\/div>\n\t\t\t\t\t<\/div>\n\t\t<\/article>\n\t\t\t\t<\/div>\n\t\t\n\t\t\t\t\t\t<\/div>\n\t\t\t\t<\/div>\n\t\t\t\t\t<\/div>\n\t\t<\/div>\n\t\t\t\t<div class=\"elementor-column elementor-col-50 elementor-top-column elementor-element elementor-element-21b05b7\" data-id=\"21b05b7\" data-element_type=\"column\" data-e-type=\"column\">\n\t\t\t<div class=\"elementor-widget-wrap\">\n\t\t\t\t\t\t\t<\/div>\n\t\t<\/div>\n\t\t\t\t\t<\/div>\n\t\t<\/section>\n\t\t\t\t<\/div>","protected":false},"excerpt":{"rendered":"<p>Pourquoi les petits groupes\u00a0? \u00a0\u00a0\u00a0\u00a0\u00a0\u00a0\u00a0\u00a0 Qu\u2019est-ce qui rend les minist\u00e8res de petits groupes si pertinents et si importants ? Red\u00e9couvrez ses fondements bibliques et th\u00e9ologiques, et comment l\u2019\u00e9glise chr\u00e9tienne s\u2019est [&hellip;]<\/p>\n","protected":false},"author":1,"featured_media":0,"parent":0,"menu_order":0,"comment_status":"closed","ping_status":"closed","template":"","meta":{"_acf_changed":false,"footnotes":""},"type_document":[],"class_list":["post-1405","page","type-page","status-publish","hentry"],"acf":[],"_links":{"self":[{"href":"https:\/\/disciplesenmission.ch\/it\/wp-json\/wp\/v2\/pages\/1405","targetHints":{"allow":["GET"]}}],"collection":[{"href":"https:\/\/disciplesenmission.ch\/it\/wp-json\/wp\/v2\/pages"}],"about":[{"href":"https:\/\/disciplesenmission.ch\/it\/wp-json\/wp\/v2\/types\/page"}],"author":[{"embeddable":true,"href":"https:\/\/disciplesenmission.ch\/it\/wp-json\/wp\/v2\/users\/1"}],"replies":[{"embeddable":true,"href":"https:\/\/disciplesenmission.ch\/it\/wp-json\/wp\/v2\/comments?post=1405"}],"version-history":[{"count":37,"href":"https:\/\/disciplesenmission.ch\/it\/wp-json\/wp\/v2\/pages\/1405\/revisions"}],"predecessor-version":[{"id":3969,"href":"https:\/\/disciplesenmission.ch\/it\/wp-json\/wp\/v2\/pages\/1405\/revisions\/3969"}],"wp:attachment":[{"href":"https:\/\/disciplesenmission.ch\/it\/wp-json\/wp\/v2\/media?parent=1405"}],"wp:term":[{"taxonomy":"type_document","embeddable":true,"href":"https:\/\/disciplesenmission.ch\/it\/wp-json\/wp\/v2\/type_document?post=1405"}],"curies":[{"name":"wp","href":"https:\/\/api.w.org\/{rel}","templated":true}]}}