{"id":1402,"date":"2022-10-16T13:21:32","date_gmt":"2022-10-16T11:21:32","guid":{"rendered":"https:\/\/disciplesenmission.ch\/?page_id=1402"},"modified":"2022-12-06T16:22:39","modified_gmt":"2022-12-06T15:22:39","slug":"atterrissage-startkit","status":"publish","type":"page","link":"https:\/\/disciplesenmission.ch\/it\/atterrissage-startkit\/","title":{"rendered":"Startkit Atterrissage"},"content":{"rendered":"<div data-elementor-type=\"wp-page\" data-elementor-id=\"1402\" class=\"elementor elementor-1402\" data-elementor-post-type=\"page\">\n\t\t\t\t\t\t<section class=\"elementor-section elementor-top-section elementor-element elementor-element-42e3e8cb elementor-section-boxed elementor-section-height-default elementor-section-height-default\" data-id=\"42e3e8cb\" data-element_type=\"section\" data-e-type=\"section\">\n\t\t\t\t\t\t<div class=\"elementor-container elementor-column-gap-default\">\n\t\t\t\t\t<div class=\"elementor-column elementor-col-100 elementor-top-column elementor-element elementor-element-7b4a34f5\" data-id=\"7b4a34f5\" data-element_type=\"column\" data-e-type=\"column\">\n\t\t\t<div class=\"elementor-widget-wrap elementor-element-populated\">\n\t\t\t\t\t\t<section class=\"elementor-section elementor-inner-section elementor-element elementor-element-59702354 elementor-section-boxed elementor-section-height-default elementor-section-height-default\" data-id=\"59702354\" data-element_type=\"section\" data-e-type=\"section\">\n\t\t\t\t\t\t<div class=\"elementor-container elementor-column-gap-default\">\n\t\t\t\t\t<div class=\"elementor-column elementor-col-100 elementor-inner-column elementor-element elementor-element-738defe8\" data-id=\"738defe8\" data-element_type=\"column\" data-e-type=\"column\">\n\t\t\t<div class=\"elementor-widget-wrap elementor-element-populated\">\n\t\t\t\t\t\t<div class=\"elementor-element elementor-element-67793f47 elementor-widget elementor-widget-heading\" data-id=\"67793f47\" data-element_type=\"widget\" data-e-type=\"widget\" data-widget_type=\"heading.default\">\n\t\t\t\t\t<h2 class=\"elementor-heading-title elementor-size-default\">START-KIT: Sviluppare un ministero\n<\/h2>\t\t\t\t<\/div>\n\t\t\t\t\t<\/div>\n\t\t<\/div>\n\t\t\t\t\t<\/div>\n\t\t<\/section>\n\t\t\t\t<section class=\"elementor-section elementor-inner-section elementor-element elementor-element-2ec7d94f elementor-section-boxed elementor-section-height-default elementor-section-height-default\" data-id=\"2ec7d94f\" data-element_type=\"section\" data-e-type=\"section\">\n\t\t\t\t\t\t<div class=\"elementor-container elementor-column-gap-default\">\n\t\t\t\t\t<div class=\"elementor-column elementor-col-50 elementor-inner-column elementor-element elementor-element-7fdb5b5a\" data-id=\"7fdb5b5a\" data-element_type=\"column\" data-e-type=\"column\">\n\t\t\t<div class=\"elementor-widget-wrap elementor-element-populated\">\n\t\t\t\t\t\t<div class=\"elementor-element elementor-element-a83a50a elementor-widget elementor-widget-text-editor\" data-id=\"a83a50a\" data-element_type=\"widget\" data-e-type=\"widget\" data-widget_type=\"text-editor.default\">\n\t\t\t\t\t\t\t\t\t<p class=\"docData;DOCY;v5;1854;BQiAAgAAEYQCAAAGiAIAAAOlBgAABbMGAAAAAAAAAAAAAAAAAAAAAAAAAAAAAAAAAAAAAAAAAAAAAAAAAAAAAAAAAAAAAAAAAAAAAAAAAAAAAAAAAAAAAAAAAAAAAAAAAAAAAAAAAAAAAAAAAAAAAAAAAAAAAAAAAAAAAAAAAAAAAAAAAAAAAAAAAAAAAAAAAAAAAAAAAAAAAAAAAAAAAAAAAAAAAAAAAAAAAAAAAAAAAAAAAAAAAAAAAAAAAAAAAAAAAAAAAAAAAAAAAAAAAAAAAAAAAAAAAAAAAAAAAAAAAAAAAAAAAAAAAAAAAAAAAAAAAAAAAAAAAAAAAAAAAAAAAAAAAAAAAAAAAAAAAAAAAAAAAAAAAAAAAAAAAAAAAAAAAAAAAAAAAAAAAAAAAAAAAAAAAAAAAAAAAAAAAAAAAAAAAAAAAAAAAAAAAAAAAAAAAAAAAAAAAAAAAAAAAAAAAAAAAAAAAAAAAAAAAAAAAAAAAAAAAAAAAAAAAAAAAAAAAAAAAAAAAAAAAAAAAAAAAAAAAAAAAAAAAAAAAAAAAAAAAAAAAAAAAAAAAAAAAAAAAAAAAAAAAAAAAAAAAAAAAAAAAAAAAAAAAAAAAAAAAAAAAAAAAAAAAAAAAAAAAAAAAAAAAAAAAAAAAAAAAAAAAAAAAAAAAAAAAAAAAAAAAAAAAAAAAAAAAAAAAAAAAAAAAAAAAAAAAAAAAAAAAAAAAAAAAAAAAAAAAAAAAAAAAAAAAAAAAAAAAAAAAAAAAAAAAAAAAAAAAAAAAAAAAAAAAAAAAAAAAAAAAAAAAAAAAAAAAAAAAAAAAAAAAAAAAAAAAAAAAAAAAAAAAAAAAAAAAAAAAAAAGQQAAAAUBAAAASQAAAABBgAAAAAJBgAAAAAaBgwAAAAIBBgAAAAWBBgAAAAbBgAAAAAC5gMAAAWXAQAAAQwAAAAIBBgAAAAWBBgAAAAIgQEAAAB8AQAAUQB1AGUAIAB2AG8AdQBzACAAZADpAG0AYQByAHIAaQBlAHoAIAB1AG4AIABuAG8AdQB2AGUAYQB1ACAAbQBpAG4AaQBzAHQA6AByAGUAIABkAGUAIABwAGUAdABpAHQAcwAgAGcAcgBvAHUAcABlAHMALAAgAHEAdQBlACAAdgBvAHUAcwAgAGUAbgAgAHIAZQBsAGEAbgBjAGkAZQB6ACAAdQBuACAAbwB1ACAAcQB1AGUAIAB2AG8AdQBzACAAYwBoAGUAcgBjAGgAaQBlAHoAIABzAGkAbQBwAGwAZQBtAGUAbgB0ACAA4AAgAGQA6QB2AGUAbABvAHAAcABlAHIAIAB2AG8AdAByAGUAIABtAGkAbgBpAHMAdADoAHIAZQAgAGEAYwB0AHUAZQBsACwAIABjAGUAbABhACAAZABlAG0AYQBuAGQAZQAgAGIAZQBhAHUAYwBvAHUAcAAgAGQAZQAgAHQAcgBhAHYAYQBpAGwAIABlAHQAIAAFGwIAAAEMAAAACAQYAAAAFgQYAAAACAUCAAAAAAIAAGQAZQAgAGQA6QB0AGUAcgBtAGkAbgBhAHQAaQBvAG4ALgAgAFYAbwB1AHMAIABkAGUAdgByAGUAegAgAGMAaABvAGkAcwBpAHIAIAB1AG4AIABtAG8AZADoAGwAZQAgAHAAbwB1AHIAIAB2AG8AcwAgAGcAcgBvAHUAcABlAHMALAAgAHIAZQBjAHIAdQB0AGUAcgAgAGUAdAAgAGMAbwBuAHMAdABpAHQAdQBlAHIAIAB1AG4AZQAgAOkAcQB1AGkAcABlACwAIABlAHQAIABmAG8AdQByAG4AaQByACAAdQBuACAAcwBvAHUAdABpAGUAbgAgAGMAbwBuAHQAaQBuAHUAIADgACAAdgBvAHMAIAByAGUAcwBwAG8AbgBzAGEAYgBsAGUAcwAuACAATgBvAHUAcwAgAHYAbwB1AHMAIABkAG8AbgBuAG8AbgBzACAAdABvAHUAdAAgAGMAZQAgAGQAbwBuAHQAIAB2AG8AdQBzACAAYQB2AGUAegAgAGIAZQBzAG8AaQBuACAAcABvAHUAcgAgAGQA6QBtAGEAcgByAGUAcgAsACAAbQBhAGkAbgB0AGUAbgBpAHIAIABlAHQAIAByAGUAYwBvAG4AcwB0AHIAdQBpAHIAZQAgAHYAbwB0AHIAZQAgAG0AaQBuAGkAcwB0AOgAcgBlAC4ABQoAAAABAAAAAAgAAAAABRYAAAABDAAAAAgEGAAAABYEGAAAAAgAAAAACgAAAAAAAAAAEQAAAACHAAAAAC0AAAABBgAAAAAJBhsAAAAnBAMBAAALAQEcAQAoBAAAAAAdAQApBKAAAAAbBgAAAAABSwAAACgBBykBByoBBysBBRMBAQgEFgAAABYEFgAAABkGCgAAAGYAcgAtAEYAUgAaBgoAAABhAHIALQBTAEEAGwYKAAAAZQBuAC0AVQBTAAIAAAAA\" style=\"margin-top: 0pt; margin-bottom: 8pt; border: none; mso-border-between: none;\"><span style=\"font-family: 'Calibri'; font-size: 12pt; color: #000000; mso-style-textfill-fill-color: #000000;\">Osare avviare un ministero di piccoli gruppi richiede una visione, una missione, dei valori, un'organizzazione e molta fiducia e determinazione. Siamo qui per sostenervi, sia che si tratti di trovare il ministero pi\u00f9 adatto a voi e alle vostre aspirazioni pi\u00f9 profonde, sia che si tratti di sviluppare il vostro ministero attuale. L'importante \u00e8 che non siate soli. Offriamo formazione, risorse e strumenti per aiutarvi ad affrontare tutte le sfide della vita missionaria di un piccolo gruppo, dall'inizio alla fine.<\/span><\/p>\t\t\t\t\t\t\t\t<\/div>\n\t\t\t\t\t<\/div>\n\t\t<\/div>\n\t\t\t\t<div class=\"elementor-column elementor-col-50 elementor-inner-column elementor-element elementor-element-71c4dfe5\" data-id=\"71c4dfe5\" data-element_type=\"column\" data-e-type=\"column\">\n\t\t\t<div class=\"elementor-widget-wrap\">\n\t\t\t\t\t\t\t<\/div>\n\t\t<\/div>\n\t\t\t\t\t<\/div>\n\t\t<\/section>\n\t\t\t\t\t<\/div>\n\t\t<\/div>\n\t\t\t\t\t<\/div>\n\t\t<\/section>\n\t\t\t\t<section class=\"elementor-section elementor-top-section elementor-element elementor-element-2f317978 elementor-section-boxed elementor-section-height-default elementor-section-height-default\" data-id=\"2f317978\" data-element_type=\"section\" data-e-type=\"section\">\n\t\t\t\t\t\t<div class=\"elementor-container elementor-column-gap-default\">\n\t\t\t\t\t<div class=\"elementor-column elementor-col-33 elementor-top-column elementor-element elementor-element-57c205a0\" data-id=\"57c205a0\" data-element_type=\"column\" data-e-type=\"column\">\n\t\t\t<div class=\"elementor-widget-wrap elementor-element-populated\">\n\t\t\t\t\t\t<div class=\"elementor-element elementor-element-57b12c17 elementor-cta--skin-classic elementor-animated-content elementor-bg-transform elementor-bg-transform-zoom-in elementor-widget elementor-widget-call-to-action\" data-id=\"57b12c17\" data-element_type=\"widget\" data-e-type=\"widget\" data-widget_type=\"call-to-action.default\">\n\t\t\t\t\t\t\t<a class=\"elementor-cta\" href=\"https:\/\/disciplesenmission.ch\/it\/startkit-gr-1\/\" target=\"_blank\">\n\t\t\t\t\t<div class=\"elementor-cta__bg-wrapper\">\n\t\t\t\t<div class=\"elementor-cta__bg elementor-bg\" style=\"background-image: url(https:\/\/disciplesenmission.ch\/wp-content\/uploads\/2022\/10\/hardware-tools-mechanic-tools-for-maintenance-tools-to-fix-technical-background-handyman-s-tool-300x200.jpg);\" role=\"img\" aria-label=\"Hardware tools. Mechanic tools for maintenance. Tools to fix. Technical background. Handyman&#039;s tool\"><\/div>\n\t\t\t\t<div class=\"elementor-cta__bg-overlay\"><\/div>\n\t\t\t<\/div>\n\t\t\t\t\t\t\t<div class=\"elementor-cta__content\">\n\t\t\t\t\n\t\t\t\t\n\t\t\t\t\t\t\t\t\t<div class=\"elementor-cta__description elementor-cta__content-item elementor-content-item\">\n\t\t\t\t\t\tPerch\u00e9 i piccoli gruppi \t\t\t\t\t<\/div>\n\t\t\t\t\n\t\t\t\t\t\t\t<\/div>\n\t\t\t\t\t\t<\/a>\n\t\t\t\t\t\t<\/div>\n\t\t\t\t<div class=\"elementor-element elementor-element-57618bf4 elementor-cta--skin-classic elementor-animated-content elementor-bg-transform elementor-bg-transform-zoom-in elementor-widget elementor-widget-call-to-action\" data-id=\"57618bf4\" data-element_type=\"widget\" data-e-type=\"widget\" data-widget_type=\"call-to-action.default\">\n\t\t\t\t\t\t\t<a class=\"elementor-cta\" href=\"https:\/\/disciplesenmission.ch\/it\/startkit-gr-4\/\" target=\"_blank\">\n\t\t\t\t\t<div class=\"elementor-cta__bg-wrapper\">\n\t\t\t\t<div class=\"elementor-cta__bg elementor-bg\" style=\"background-image: url(https:\/\/disciplesenmission.ch\/wp-content\/uploads\/2022\/10\/important-meeting-2021-09-24-01-24-07-utc-1024x683.jpg);\" role=\"img\" aria-label=\"CEO having meeting with his team on financial issues\"><\/div>\n\t\t\t\t<div class=\"elementor-cta__bg-overlay\"><\/div>\n\t\t\t<\/div>\n\t\t\t\t\t\t\t<div class=\"elementor-cta__content\">\n\t\t\t\t\n\t\t\t\t\n\t\t\t\t\t\t\t\t\t<div class=\"elementor-cta__description elementor-cta__content-item elementor-content-item\">\n\t\t\t\t\t\tCostruire una squadra e dei valori\t\t\t\t\t<\/div>\n\t\t\t\t\n\t\t\t\t\t\t\t<\/div>\n\t\t\t\t\t\t<\/a>\n\t\t\t\t\t\t<\/div>\n\t\t\t\t\t<\/div>\n\t\t<\/div>\n\t\t\t\t<div class=\"elementor-column elementor-col-33 elementor-top-column elementor-element elementor-element-497ff6b8\" data-id=\"497ff6b8\" data-element_type=\"column\" data-e-type=\"column\">\n\t\t\t<div class=\"elementor-widget-wrap elementor-element-populated\">\n\t\t\t\t\t\t<div class=\"elementor-element elementor-element-41c70284 elementor-cta--skin-classic elementor-animated-content elementor-bg-transform elementor-bg-transform-zoom-in elementor-widget elementor-widget-call-to-action\" data-id=\"41c70284\" data-element_type=\"widget\" data-e-type=\"widget\" data-widget_type=\"call-to-action.default\">\n\t\t\t\t\t\t\t<a class=\"elementor-cta\" href=\"https:\/\/disciplesenmission.ch\/it\/startkit-gr-2\/\" target=\"_blank\">\n\t\t\t\t\t<div class=\"elementor-cta__bg-wrapper\">\n\t\t\t\t<div class=\"elementor-cta__bg elementor-bg\" style=\"background-image: url(https:\/\/disciplesenmission.ch\/wp-content\/uploads\/2022\/10\/young-african-american-priest-with-bible-talking-to-one-of-parishioners-1024x682.jpg);\" role=\"img\" aria-label=\"Young African American priest with Bible talking to one of parishioners\"><\/div>\n\t\t\t\t<div class=\"elementor-cta__bg-overlay\"><\/div>\n\t\t\t<\/div>\n\t\t\t\t\t\t\t<div class=\"elementor-cta__content\">\n\t\t\t\t\n\t\t\t\t\n\t\t\t\t\t\t\t\t\t<div class=\"elementor-cta__description elementor-cta__content-item elementor-content-item\">\n\t\t\t\t\t\tI diversi modelli e ministeri dei piccoli gruppi\t\t\t\t\t<\/div>\n\t\t\t\t\n\t\t\t\t\t\t\t<\/div>\n\t\t\t\t\t\t<\/a>\n\t\t\t\t\t\t<\/div>\n\t\t\t\t<div class=\"elementor-element elementor-element-661eee96 elementor-cta--skin-classic elementor-animated-content elementor-bg-transform elementor-bg-transform-zoom-in elementor-widget elementor-widget-call-to-action\" data-id=\"661eee96\" data-element_type=\"widget\" data-e-type=\"widget\" data-widget_type=\"call-to-action.default\">\n\t\t\t\t\t\t\t<a class=\"elementor-cta\" href=\"https:\/\/disciplesenmission.ch\/it\/startkit-gr-5\/\" target=\"_blank\">\n\t\t\t\t\t<div class=\"elementor-cta__bg-wrapper\">\n\t\t\t\t<div class=\"elementor-cta__bg elementor-bg\" style=\"background-image: url(https:\/\/disciplesenmission.ch\/wp-content\/uploads\/2022\/10\/organizational-chart-of-a-company-hierarchy-concept--1024x633.jpg);\" role=\"img\" aria-label=\"Organizational chart of a company. Hierarchy concept.\"><\/div>\n\t\t\t\t<div class=\"elementor-cta__bg-overlay\"><\/div>\n\t\t\t<\/div>\n\t\t\t\t\t\t\t<div class=\"elementor-cta__content\">\n\t\t\t\t\n\t\t\t\t\n\t\t\t\t\t\t\t\t\t<div class=\"elementor-cta__description elementor-cta__content-item elementor-content-item\">\n\t\t\t\t\t\tOrganizzare e sviluppare il proprio ministero\t\t\t\t\t<\/div>\n\t\t\t\t\n\t\t\t\t\t\t\t<\/div>\n\t\t\t\t\t\t<\/a>\n\t\t\t\t\t\t<\/div>\n\t\t\t\t\t<\/div>\n\t\t<\/div>\n\t\t\t\t<div class=\"elementor-column elementor-col-33 elementor-top-column elementor-element elementor-element-706cae2b\" data-id=\"706cae2b\" data-element_type=\"column\" data-e-type=\"column\">\n\t\t\t<div class=\"elementor-widget-wrap elementor-element-populated\">\n\t\t\t\t\t\t<div class=\"elementor-element elementor-element-703f368b elementor-cta--skin-classic elementor-animated-content elementor-bg-transform elementor-bg-transform-zoom-in elementor-widget elementor-widget-call-to-action\" data-id=\"703f368b\" data-element_type=\"widget\" data-e-type=\"widget\" data-widget_type=\"call-to-action.default\">\n\t\t\t\t\t\t\t<a class=\"elementor-cta\" href=\"https:\/\/disciplesenmission.ch\/it\/startkit-gr-6\/\" target=\"_blank\">\n\t\t\t\t\t<div class=\"elementor-cta__bg-wrapper\">\n\t\t\t\t<div class=\"elementor-cta__bg elementor-bg\" style=\"background-image: url(https:\/\/disciplesenmission.ch\/wp-content\/uploads\/2022\/10\/young-group-of-multiracial-friends-2022-08-11-00-07-06-utc-1024x683.jpg);\" role=\"img\" aria-label=\"Young group of multiracial friends - Portrait of smiling united millennial people looking at camera\"><\/div>\n\t\t\t\t<div class=\"elementor-cta__bg-overlay\"><\/div>\n\t\t\t<\/div>\n\t\t\t\t\t\t\t<div class=\"elementor-cta__content\">\n\t\t\t\t\n\t\t\t\t\n\t\t\t\t\t\t\t\t\t<div class=\"elementor-cta__description elementor-cta__content-item elementor-content-item\">\n\t\t\t\t\t\tMoltiplicare i piccoli gruppi nella tua chiesa\t\t\t\t\t<\/div>\n\t\t\t\t\n\t\t\t\t\t\t\t<\/div>\n\t\t\t\t\t\t<\/a>\n\t\t\t\t\t\t<\/div>\n\t\t\t\t<div class=\"elementor-element elementor-element-4d6ed1c elementor-cta--skin-classic elementor-animated-content elementor-bg-transform elementor-bg-transform-zoom-in elementor-widget elementor-widget-call-to-action\" data-id=\"4d6ed1c\" data-element_type=\"widget\" data-e-type=\"widget\" data-widget_type=\"call-to-action.default\">\n\t\t\t\t\t\t\t<a class=\"elementor-cta\" href=\"https:\/\/disciplesenmission.ch\/it\/startkit-gr-2-2\/\" target=\"_blank\">\n\t\t\t\t\t<div class=\"elementor-cta__bg-wrapper\">\n\t\t\t\t<div class=\"elementor-cta__bg elementor-bg\" style=\"background-image: url(https:\/\/disciplesenmission.ch\/wp-content\/uploads\/2022\/10\/business-meeting-and-teamwork-by-business-people-1024x682.jpg);\" role=\"img\" aria-label=\"Business meeting and teamwork by business people\"><\/div>\n\t\t\t\t<div class=\"elementor-cta__bg-overlay\"><\/div>\n\t\t\t<\/div>\n\t\t\t\t\t\t\t<div class=\"elementor-cta__content\">\n\t\t\t\t\n\t\t\t\t\n\t\t\t\t\t\t\t\t\t<div class=\"elementor-cta__description elementor-cta__content-item elementor-content-item\">\n\t\t\t\t\t\tCondividere una visione, una missione chiara\t\t\t\t\t<\/div>\n\t\t\t\t\n\t\t\t\t\t\t\t<\/div>\n\t\t\t\t\t\t<\/a>\n\t\t\t\t\t\t<\/div>\n\t\t\t\t\t<\/div>\n\t\t<\/div>\n\t\t\t\t\t<\/div>\n\t\t<\/section>\n\t\t\t\t<\/div>","protected":false},"excerpt":{"rendered":"<p>START-KIT: D\u00e9velopper un minist\u00e8re Oser entreprendre un minist\u00e8re de petit groupe n\u00e9cessite une vision, une mission, des valeurs, une certaine organisation et beaucoup de confiance et de d\u00e9termination. Nous sommes [&hellip;]<\/p>\n","protected":false},"author":1,"featured_media":0,"parent":0,"menu_order":0,"comment_status":"closed","ping_status":"closed","template":"","meta":{"_acf_changed":false,"footnotes":""},"type_document":[],"class_list":["post-1402","page","type-page","status-publish","hentry"],"acf":[],"_links":{"self":[{"href":"https:\/\/disciplesenmission.ch\/it\/wp-json\/wp\/v2\/pages\/1402","targetHints":{"allow":["GET"]}}],"collection":[{"href":"https:\/\/disciplesenmission.ch\/it\/wp-json\/wp\/v2\/pages"}],"about":[{"href":"https:\/\/disciplesenmission.ch\/it\/wp-json\/wp\/v2\/types\/page"}],"author":[{"embeddable":true,"href":"https:\/\/disciplesenmission.ch\/it\/wp-json\/wp\/v2\/users\/1"}],"replies":[{"embeddable":true,"href":"https:\/\/disciplesenmission.ch\/it\/wp-json\/wp\/v2\/comments?post=1402"}],"version-history":[{"count":119,"href":"https:\/\/disciplesenmission.ch\/it\/wp-json\/wp\/v2\/pages\/1402\/revisions"}],"predecessor-version":[{"id":3963,"href":"https:\/\/disciplesenmission.ch\/it\/wp-json\/wp\/v2\/pages\/1402\/revisions\/3963"}],"wp:attachment":[{"href":"https:\/\/disciplesenmission.ch\/it\/wp-json\/wp\/v2\/media?parent=1402"}],"wp:term":[{"taxonomy":"type_document","embeddable":true,"href":"https:\/\/disciplesenmission.ch\/it\/wp-json\/wp\/v2\/type_document?post=1402"}],"curies":[{"name":"wp","href":"https:\/\/api.w.org\/{rel}","templated":true}]}}